{"id":829,"date":"2025-04-29T18:59:49","date_gmt":"2025-04-29T18:59:49","guid":{"rendered":"https:\/\/hgmhfoundation.org\/accueil\/"},"modified":"2026-04-14T14:52:08","modified_gmt":"2026-04-14T14:52:08","slug":"accueil","status":"publish","type":"page","link":"https:\/\/hgmhfoundation.org\/fr\/","title":{"rendered":"Accueil"},"content":{"rendered":"\n<div class=\"wp-block-columns is-layout-flex wp-container-core-columns-is-layout-28f84493 wp-block-columns-is-layout-flex\">\n<div class=\"wp-block-column is-layout-flow wp-block-column-is-layout-flow\">\n<figure class=\"wp-block-image size-full\"><img decoding=\"async\" width=\"533\" height=\"304\" data-src=\"https:\/\/hgmhfoundation.org\/wp-content\/uploads\/2025\/06\/ctscanner2-1.jpg\" alt=\"\" class=\"wp-image-1124 lazyload\" data-srcset=\"https:\/\/hgmhfoundation.org\/wp-content\/uploads\/2025\/06\/ctscanner2-1.jpg 533w, https:\/\/hgmhfoundation.org\/wp-content\/uploads\/2025\/06\/ctscanner2-1-300x171.jpg 300w\" data-sizes=\"(max-width: 533px) 100vw, 533px\" src=\"data:image\/svg+xml;base64,PHN2ZyB3aWR0aD0iMSIgaGVpZ2h0PSIxIiB4bWxucz0iaHR0cDovL3d3dy53My5vcmcvMjAwMC9zdmciPjwvc3ZnPg==\" style=\"--smush-placeholder-width: 533px; --smush-placeholder-aspect-ratio: 533\/304;\" \/><\/figure>\n<\/div>\n\n\n\n<div class=\"wp-block-column is-layout-flow wp-block-column-is-layout-flow\" style=\"padding-left:0\">\n<h2 class=\"wp-block-heading\">Notre nouveau CT scan am\u00e9liorera les traitements pr\u00e8s de chez-vous<\/h2>\n\n\n\n<p>Vos taxes n\u2019aident pas l\u2019h\u00f4pital \u00e0 acheter les nouvelles technologies n\u00e9cessaires pour sauver des vies. Notre nouveau CT scan est un excellent exemple de l&rsquo;impact des dons de la communaut\u00e9.<\/p>\n\n\n\n<div class=\"wp-block-buttons is-content-justification-left is-layout-flex wp-container-core-buttons-is-layout-fc4fd283 wp-block-buttons-is-layout-flex\">\n<div class=\"wp-block-button\"><a class=\"wp-block-button__link has-neutral-background-color has-background wp-element-button\">EN SAVOIR PLUS<\/a><\/div>\n<\/div>\n<\/div>\n<\/div>\n\n\n\n<div class=\"wp-block-columns is-layout-flex wp-container-core-columns-is-layout-159f51c6 wp-block-columns-is-layout-flex\" style=\"margin-top:0\">\n<div class=\"wp-block-column is-layout-flow wp-block-column-is-layout-flow\" style=\"padding-right:0\">\n<h2 class=\"wp-block-heading\">Les leaders d\u2019affaires locaux s\u2019engagent pour leur communaut\u00e9.<\/h2>\n\n\n\n<p>Avoir un h\u00f4pital bien \u00e9quip\u00e9 \u00e0 proximit\u00e9, c\u2019est aussi avantageux pour les propri\u00e9taires d\u2019entreprises. D\u00e9couvrez pourquoi l\u2019entrepreneur local Zach Chenier a organis\u00e9 \u00ab une f\u00eate \u00bb pour l\u2019h\u00f4pital l\u2019ann\u00e9e derni\u00e8re et pr\u00e9voit un \u00e9v\u00e9nement encore plus grand cette ann\u00e9e. <\/p>\n\n\n\n<div class=\"wp-block-buttons is-content-justification-right is-layout-flex wp-container-core-buttons-is-layout-d445cf74 wp-block-buttons-is-layout-flex\">\n<div class=\"wp-block-button\"><a class=\"wp-block-button__link has-neutral-background-color has-background wp-element-button\">EN SAVOIR PLUS<\/a><\/div>\n<\/div>\n<\/div>\n\n\n\n<div class=\"wp-block-column is-layout-flow wp-block-column-is-layout-flow\">\n<figure class=\"wp-block-image size-full\"><img decoding=\"async\" width=\"533\" height=\"304\" data-src=\"https:\/\/hgmhfoundation.org\/wp-content\/uploads\/2025\/04\/MG_3064-123.png\" alt=\"\" class=\"wp-image-665 lazyload\" data-srcset=\"https:\/\/hgmhfoundation.org\/wp-content\/uploads\/2025\/04\/MG_3064-123.png 533w, https:\/\/hgmhfoundation.org\/wp-content\/uploads\/2025\/04\/MG_3064-123-300x171.png 300w\" data-sizes=\"(max-width: 533px) 100vw, 533px\" src=\"data:image\/svg+xml;base64,PHN2ZyB3aWR0aD0iMSIgaGVpZ2h0PSIxIiB4bWxucz0iaHR0cDovL3d3dy53My5vcmcvMjAwMC9zdmciPjwvc3ZnPg==\" style=\"--smush-placeholder-width: 533px; --smush-placeholder-aspect-ratio: 533\/304;\" \/><\/figure>\n<\/div>\n<\/div>\n\n\n\n<div class=\"wp-block-columns is-layout-flex wp-container-core-columns-is-layout-28f84493 wp-block-columns-is-layout-flex\">\n<div class=\"wp-block-column is-layout-flow wp-block-column-is-layout-flow\"><\/div>\n\n\n\n<div class=\"wp-block-column is-layout-flow wp-block-column-is-layout-flow\"><\/div>\n<\/div>\n\n\n\n<div class=\"wp-block-columns is-layout-flex wp-container-core-columns-is-layout-28f84493 wp-block-columns-is-layout-flex\">\n<div class=\"wp-block-column is-layout-flow wp-block-column-is-layout-flow\"><\/div>\n<\/div>\n\n\n\n<hr class=\"wp-block-separator has-alpha-channel-opacity is-style-wide is-style-wide--1\"\/>\n\n\n\n<h2 class=\"wp-block-heading has-text-align-center\">Notre h\u00f4pital. Notre communaut\u00e9. Notre avenir.<\/h2>\n\n\n\n<div class=\"wp-block-columns home-stories is-layout-flex wp-container-core-columns-is-layout-28f84493 wp-block-columns-is-layout-flex\">\n<div class=\"wp-block-column is-layout-flow wp-block-column-is-layout-flow\">\n<figure class=\"wp-block-image size-full\"><img decoding=\"async\" width=\"1000\" height=\"667\" data-src=\"https:\/\/hgmhfoundation.org\/wp-content\/uploads\/2025\/05\/SMHF_Rob-Headshot-2.jpg\" alt=\"\" class=\"wp-image-1096 lazyload\" data-srcset=\"https:\/\/hgmhfoundation.org\/wp-content\/uploads\/2025\/05\/SMHF_Rob-Headshot-2.jpg 1000w, https:\/\/hgmhfoundation.org\/wp-content\/uploads\/2025\/05\/SMHF_Rob-Headshot-2-300x200.jpg 300w, https:\/\/hgmhfoundation.org\/wp-content\/uploads\/2025\/05\/SMHF_Rob-Headshot-2-768x512.jpg 768w\" data-sizes=\"(max-width: 1000px) 100vw, 1000px\" src=\"data:image\/svg+xml;base64,PHN2ZyB3aWR0aD0iMSIgaGVpZ2h0PSIxIiB4bWxucz0iaHR0cDovL3d3dy53My5vcmcvMjAwMC9zdmciPjwvc3ZnPg==\" style=\"--smush-placeholder-width: 1000px; --smush-placeholder-aspect-ratio: 1000\/667;\" \/><\/figure>\n\n\n\n<h3 class=\"wp-block-heading\">D\u00e9couvrez l\u2019avenir de l\u2019H\u00f4pital Glengarry Memorial avec le PDG Robert Alldred-Hughes<\/h3>\n\n\n\n<p>C\u2019est la passion de cette communaut\u00e9 et la culture de notre \u00e9quipe qui ont pouss\u00e9 Rob \u00e0 se joindre \u00e0 l\u2019H\u00f4pital Glengarry Memorial en tant que PDG. Notre vision pour l\u2019avenir le rend encore plus motiv\u00e9.<\/p>\n\n\n\n<p><a href=\"https:\/\/hgmhfoundation.org\/decouvrez-lavenir-de-lhopital-glengarry-memorial-avec-le-pdg-robert-alldred-hughes\/?lang=fr\">EN SAVOIR PLUS<\/a><\/p>\n<\/div>\n\n\n\n<div class=\"wp-block-column is-layout-flow wp-block-column-is-layout-flow\">\n<figure class=\"wp-block-image size-full\"><img decoding=\"async\" width=\"533\" height=\"304\" data-src=\"https:\/\/hgmhfoundation.org\/wp-content\/uploads\/2025\/04\/MG_3221.png\" alt=\"\" class=\"wp-image-314 lazyload\" data-srcset=\"https:\/\/hgmhfoundation.org\/wp-content\/uploads\/2025\/04\/MG_3221.png 533w, https:\/\/hgmhfoundation.org\/wp-content\/uploads\/2025\/04\/MG_3221-300x171.png 300w\" data-sizes=\"(max-width: 533px) 100vw, 533px\" src=\"data:image\/svg+xml;base64,PHN2ZyB3aWR0aD0iMSIgaGVpZ2h0PSIxIiB4bWxucz0iaHR0cDovL3d3dy53My5vcmcvMjAwMC9zdmciPjwvc3ZnPg==\" style=\"--smush-placeholder-width: 533px; --smush-placeholder-aspect-ratio: 533\/304;\" \/><\/figure>\n\n\n\n<h3 class=\"wp-block-heading\">Darlene Shepherd, r\u00e9sidente de longue date et donatrice, jette un regard vers l\u2019avenir de notre communaut\u00e9 et de notre h\u00f4pital.<\/h3>\n\n\n\n<p>Alexandria et les communaut\u00e9s environnantes \u00e9voluent. Les soins de sant\u00e9 locaux aussi. Les deux vont de pair&nbsp;: soutenir l\u2019infrastructure de notre h\u00f4pital, c\u2019est aussi investir dans notre communaut\u00e9.<\/p>\n\n\n\n<p><a href=\"https:\/\/hgmhfoundation.org\/fr\/darlene-shepherd\/?lang=fr\">EN SAVOIR PLUS<\/a><\/p>\n<\/div>\n\n\n\n<div class=\"wp-block-column is-layout-flow wp-block-column-is-layout-flow\">\n<figure class=\"wp-block-image size-full\"><img decoding=\"async\" width=\"1066\" height=\"608\" data-src=\"https:\/\/hgmhfoundation.org\/wp-content\/uploads\/2025\/04\/MG_3488@2x.png\" alt=\"\" class=\"wp-image-664 lazyload\" data-srcset=\"https:\/\/hgmhfoundation.org\/wp-content\/uploads\/2025\/04\/MG_3488@2x.png 1066w, https:\/\/hgmhfoundation.org\/wp-content\/uploads\/2025\/04\/MG_3488@2x-300x171.png 300w, https:\/\/hgmhfoundation.org\/wp-content\/uploads\/2025\/04\/MG_3488@2x-1024x584.png 1024w, https:\/\/hgmhfoundation.org\/wp-content\/uploads\/2025\/04\/MG_3488@2x-768x438.png 768w\" data-sizes=\"(max-width: 1066px) 100vw, 1066px\" src=\"data:image\/svg+xml;base64,PHN2ZyB3aWR0aD0iMSIgaGVpZ2h0PSIxIiB4bWxucz0iaHR0cDovL3d3dy53My5vcmcvMjAwMC9zdmciPjwvc3ZnPg==\" style=\"--smush-placeholder-width: 1066px; --smush-placeholder-aspect-ratio: 1066\/608;\" \/><\/figure>\n\n\n\n<h3 class=\"wp-block-heading\">Jessica Dupperon, technologue en radiation m\u00e9dicale, veut r\u00e9duire l\u2019attente et les d\u00e9placements pour l\u2019imagerie diagnostique.<\/h3>\n\n\n\n<p>Avoir un h\u00f4pital bien \u00e9quip\u00e9 \u00e0 proximit\u00e9, c\u2019est aussi avantageux pour les propri\u00e9taires d\u2019entreprises. D\u00e9couvrez pourquoi l\u2019entrepreneur local Zach Chenier a organis\u00e9 \u00ab&nbsp;une f\u00eate&nbsp;\u00bb pour l\u2019h\u00f4pital l\u2019ann\u00e9e derni\u00e8re et pr\u00e9voit un \u00e9v\u00e9nement encore plus grand cette ann\u00e9e.<\/p>\n\n\n\n<p><a href=\"https:\/\/hgmhfoundation.org\/fr\/jessica-duperron\/?lang=fr\">EN SAVOIR PLUS<\/a><\/p>\n<\/div>\n<\/div>\n\n\n\n<p><\/p>\n\n\n\n<div class=\"wp-block-group alignwide has-white-color has-secondary-background-color has-text-color has-background has-link-color wp-elements-d84bee3cc60c4278918d42d7b896f17d has-global-padding is-layout-constrained wp-block-group-is-layout-constrained\">\n<h2 class=\"wp-block-heading has-text-align-center fade-up has-white-color has-text-color has-link-color has-fira-sans-font-family wp-elements-f26b317d1dd7eb796ba8145aca9b8023\" style=\"font-style:normal;font-weight:400\">Chaque seconde offerte par nos b\u00e9n\u00e9voles fait une vraie diff\u00e9rence.<\/h2>\n\n\n\n<p class=\"has-text-align-center fade-up has-white-color has-text-color has-link-color wp-elements-f52b53d46f4b5e3a57ee080a19bf7cc9\">Votre engagement amplifie les efforts de la Fondation de notre h\u00f4pital, all\u00e9geant et enrichissant notre travail.<\/p>\n\n\n\n<p class=\"has-text-align-center fade-up has-white-color has-text-color has-link-color wp-elements-95439a9a3ffd6bebbeb96b9cc28c3ea3\" style=\"margin-top:var(--wp--preset--spacing--30);padding-top:0;padding-bottom:0\"><strong>D\u00e9couvrez comment vous pouvez utiliser votre temps pour aider notre communaut\u00e9.<\/strong><\/p>\n\n\n\n<div class=\"wp-block-buttons fade-up is-content-justification-center is-layout-flex wp-container-core-buttons-is-layout-a89b3969 wp-block-buttons-is-layout-flex\">\n<div class=\"wp-block-button donate-btn\"><a class=\"wp-block-button__link wp-element-button\" href=\"https:\/\/give-can.keela.co\/Hgmhfoundation\" target=\"_blank\" rel=\"noreferrer noopener\">FAIRE UN DON<\/a><\/div>\n<\/div>\n<\/div>\n","protected":false},"excerpt":{"rendered":"<p>Notre nouveau CT scan am\u00e9liorera les traitements pr\u00e8s de chez-vous Vos taxes n\u2019aident pas l\u2019h\u00f4pital \u00e0 acheter les nouvelles technologies n\u00e9cessaires pour sauver des vies. Notre nouveau CT scan est un excellent exemple de l&rsquo;impact des dons de la communaut\u00e9. Les leaders d\u2019affaires locaux s\u2019engagent pour leur communaut\u00e9. Avoir un h\u00f4pital bien \u00e9quip\u00e9 \u00e0 proximit\u00e9, [&hellip;]<\/p>\n","protected":false},"author":2,"featured_media":0,"parent":0,"menu_order":0,"comment_status":"closed","ping_status":"closed","template":"","meta":{"_acf_changed":false,"inline_featured_image":false,"footnotes":""},"class_list":["post-829","page","type-page","status-publish","hentry"],"acf":[],"yoast_head":"<!-- This site is optimized with the Yoast SEO plugin v25.3.1 - https:\/\/yoast.com\/wordpress\/plugins\/seo\/ -->\n<title>Accueil - Glengarry Memorial Hospital Foundation<\/title>\n<meta name=\"robots\" content=\"index, follow, max-snippet:-1, max-image-preview:large, max-video-preview:-1\" \/>\n<link rel=\"canonical\" href=\"https:\/\/hgmhfoundation.org\/fr\/\" \/>\n<meta property=\"og:locale\" content=\"fr_FR\" \/>\n<meta property=\"og:type\" content=\"article\" \/>\n<meta property=\"og:title\" content=\"Accueil - Glengarry Memorial Hospital Foundation\" \/>\n<meta property=\"og:description\" content=\"Notre nouveau CT scan am\u00e9liorera les traitements pr\u00e8s de chez-vous Vos taxes n\u2019aident pas l\u2019h\u00f4pital \u00e0 acheter les nouvelles technologies n\u00e9cessaires pour sauver des vies. Notre nouveau CT scan est un excellent exemple de l&rsquo;impact des dons de la communaut\u00e9. Les leaders d\u2019affaires locaux s\u2019engagent pour leur communaut\u00e9. Avoir un h\u00f4pital bien \u00e9quip\u00e9 \u00e0 proximit\u00e9, [&hellip;]\" \/>\n<meta property=\"og:url\" content=\"https:\/\/hgmhfoundation.org\/fr\/\" \/>\n<meta property=\"og:site_name\" content=\"Glengarry Memorial Hospital Foundation\" \/>\n<meta property=\"article:modified_time\" content=\"2026-04-14T14:52:08+00:00\" \/>\n<meta property=\"og:image\" content=\"https:\/\/hgmhfoundation.org\/wp-content\/uploads\/2025\/06\/ctscanner2-1.jpg\" \/>\n\t<meta property=\"og:image:width\" content=\"533\" \/>\n\t<meta property=\"og:image:height\" content=\"304\" \/>\n\t<meta property=\"og:image:type\" content=\"image\/jpeg\" \/>\n<meta name=\"twitter:card\" content=\"summary_large_image\" \/>\n<meta name=\"twitter:label1\" content=\"Dur\u00e9e de lecture estim\u00e9e\" \/>\n\t<meta name=\"twitter:data1\" content=\"3 minutes\" \/>\n<script type=\"application\/ld+json\" class=\"yoast-schema-graph\">{\"@context\":\"https:\/\/schema.org\",\"@graph\":[{\"@type\":\"WebPage\",\"@id\":\"https:\/\/hgmhfoundation.org\/fr\/\",\"url\":\"https:\/\/hgmhfoundation.org\/fr\/\",\"name\":\"Accueil - Glengarry Memorial Hospital Foundation\",\"isPartOf\":{\"@id\":\"https:\/\/hgmhfoundation.org\/fr\/#website\"},\"primaryImageOfPage\":{\"@id\":\"https:\/\/hgmhfoundation.org\/fr\/#primaryimage\"},\"image\":{\"@id\":\"https:\/\/hgmhfoundation.org\/fr\/#primaryimage\"},\"thumbnailUrl\":\"https:\/\/hgmhfoundation.org\/wp-content\/uploads\/2025\/06\/ctscanner2-1.jpg\",\"datePublished\":\"2025-04-29T18:59:49+00:00\",\"dateModified\":\"2026-04-14T14:52:08+00:00\",\"breadcrumb\":{\"@id\":\"https:\/\/hgmhfoundation.org\/fr\/#breadcrumb\"},\"inLanguage\":\"fr-FR\",\"potentialAction\":[{\"@type\":\"ReadAction\",\"target\":[\"https:\/\/hgmhfoundation.org\/fr\/\"]}]},{\"@type\":\"ImageObject\",\"inLanguage\":\"fr-FR\",\"@id\":\"https:\/\/hgmhfoundation.org\/fr\/#primaryimage\",\"url\":\"https:\/\/hgmhfoundation.org\/wp-content\/uploads\/2025\/06\/ctscanner2-1.jpg\",\"contentUrl\":\"https:\/\/hgmhfoundation.org\/wp-content\/uploads\/2025\/06\/ctscanner2-1.jpg\"},{\"@type\":\"BreadcrumbList\",\"@id\":\"https:\/\/hgmhfoundation.org\/fr\/#breadcrumb\",\"itemListElement\":[{\"@type\":\"ListItem\",\"position\":1,\"name\":\"Home\",\"item\":\"https:\/\/hgmhfoundation.org\/fr\/\"},{\"@type\":\"ListItem\",\"position\":2,\"name\":\"Accueil\"}]},{\"@type\":\"WebSite\",\"@id\":\"https:\/\/hgmhfoundation.org\/fr\/#website\",\"url\":\"https:\/\/hgmhfoundation.org\/fr\/\",\"name\":\"Glengarry Memorial Hospital Foundation\",\"description\":\"\",\"potentialAction\":[{\"@type\":\"SearchAction\",\"target\":{\"@type\":\"EntryPoint\",\"urlTemplate\":\"https:\/\/hgmhfoundation.org\/fr\/?s={search_term_string}\"},\"query-input\":{\"@type\":\"PropertyValueSpecification\",\"valueRequired\":true,\"valueName\":\"search_term_string\"}}],\"inLanguage\":\"fr-FR\"}]}<\/script>\n<!-- \/ Yoast SEO plugin. -->","yoast_head_json":{"title":"Accueil - Glengarry Memorial Hospital Foundation","robots":{"index":"index","follow":"follow","max-snippet":"max-snippet:-1","max-image-preview":"max-image-preview:large","max-video-preview":"max-video-preview:-1"},"canonical":"https:\/\/hgmhfoundation.org\/fr\/","og_locale":"fr_FR","og_type":"article","og_title":"Accueil - Glengarry Memorial Hospital Foundation","og_description":"Notre nouveau CT scan am\u00e9liorera les traitements pr\u00e8s de chez-vous Vos taxes n\u2019aident pas l\u2019h\u00f4pital \u00e0 acheter les nouvelles technologies n\u00e9cessaires pour sauver des vies. Notre nouveau CT scan est un excellent exemple de l&rsquo;impact des dons de la communaut\u00e9. Les leaders d\u2019affaires locaux s\u2019engagent pour leur communaut\u00e9. Avoir un h\u00f4pital bien \u00e9quip\u00e9 \u00e0 proximit\u00e9, [&hellip;]","og_url":"https:\/\/hgmhfoundation.org\/fr\/","og_site_name":"Glengarry Memorial Hospital Foundation","article_modified_time":"2026-04-14T14:52:08+00:00","og_image":[{"width":533,"height":304,"url":"https:\/\/hgmhfoundation.org\/wp-content\/uploads\/2025\/06\/ctscanner2-1.jpg","type":"image\/jpeg"}],"twitter_card":"summary_large_image","twitter_misc":{"Dur\u00e9e de lecture estim\u00e9e":"3 minutes"},"schema":{"@context":"https:\/\/schema.org","@graph":[{"@type":"WebPage","@id":"https:\/\/hgmhfoundation.org\/fr\/","url":"https:\/\/hgmhfoundation.org\/fr\/","name":"Accueil - Glengarry Memorial Hospital Foundation","isPartOf":{"@id":"https:\/\/hgmhfoundation.org\/fr\/#website"},"primaryImageOfPage":{"@id":"https:\/\/hgmhfoundation.org\/fr\/#primaryimage"},"image":{"@id":"https:\/\/hgmhfoundation.org\/fr\/#primaryimage"},"thumbnailUrl":"https:\/\/hgmhfoundation.org\/wp-content\/uploads\/2025\/06\/ctscanner2-1.jpg","datePublished":"2025-04-29T18:59:49+00:00","dateModified":"2026-04-14T14:52:08+00:00","breadcrumb":{"@id":"https:\/\/hgmhfoundation.org\/fr\/#breadcrumb"},"inLanguage":"fr-FR","potentialAction":[{"@type":"ReadAction","target":["https:\/\/hgmhfoundation.org\/fr\/"]}]},{"@type":"ImageObject","inLanguage":"fr-FR","@id":"https:\/\/hgmhfoundation.org\/fr\/#primaryimage","url":"https:\/\/hgmhfoundation.org\/wp-content\/uploads\/2025\/06\/ctscanner2-1.jpg","contentUrl":"https:\/\/hgmhfoundation.org\/wp-content\/uploads\/2025\/06\/ctscanner2-1.jpg"},{"@type":"BreadcrumbList","@id":"https:\/\/hgmhfoundation.org\/fr\/#breadcrumb","itemListElement":[{"@type":"ListItem","position":1,"name":"Home","item":"https:\/\/hgmhfoundation.org\/fr\/"},{"@type":"ListItem","position":2,"name":"Accueil"}]},{"@type":"WebSite","@id":"https:\/\/hgmhfoundation.org\/fr\/#website","url":"https:\/\/hgmhfoundation.org\/fr\/","name":"Glengarry Memorial Hospital Foundation","description":"","potentialAction":[{"@type":"SearchAction","target":{"@type":"EntryPoint","urlTemplate":"https:\/\/hgmhfoundation.org\/fr\/?s={search_term_string}"},"query-input":{"@type":"PropertyValueSpecification","valueRequired":true,"valueName":"search_term_string"}}],"inLanguage":"fr-FR"}]}},"_links":{"self":[{"href":"https:\/\/hgmhfoundation.org\/fr\/wp-json\/wp\/v2\/pages\/829","targetHints":{"allow":["GET"]}}],"collection":[{"href":"https:\/\/hgmhfoundation.org\/fr\/wp-json\/wp\/v2\/pages"}],"about":[{"href":"https:\/\/hgmhfoundation.org\/fr\/wp-json\/wp\/v2\/types\/page"}],"author":[{"embeddable":true,"href":"https:\/\/hgmhfoundation.org\/fr\/wp-json\/wp\/v2\/users\/2"}],"replies":[{"embeddable":true,"href":"https:\/\/hgmhfoundation.org\/fr\/wp-json\/wp\/v2\/comments?post=829"}],"version-history":[{"count":27,"href":"https:\/\/hgmhfoundation.org\/fr\/wp-json\/wp\/v2\/pages\/829\/revisions"}],"predecessor-version":[{"id":1675,"href":"https:\/\/hgmhfoundation.org\/fr\/wp-json\/wp\/v2\/pages\/829\/revisions\/1675"}],"wp:attachment":[{"href":"https:\/\/hgmhfoundation.org\/fr\/wp-json\/wp\/v2\/media?parent=829"}],"curies":[{"name":"wp","href":"https:\/\/api.w.org\/{rel}","templated":true}]}}