{"id":922,"date":"2025-04-29T15:49:47","date_gmt":"2025-04-29T15:49:47","guid":{"rendered":"https:\/\/hgmhfoundation.org\/facons-de-donner\/"},"modified":"2025-06-26T19:23:23","modified_gmt":"2025-06-26T19:23:23","slug":"facons-de-donner","status":"publish","type":"page","link":"https:\/\/hgmhfoundation.org\/fr\/facons-de-donner\/","title":{"rendered":"Fa\u00e7ons de donner"},"content":{"rendered":"\n<p>Chaque don \u00e0 la Fondation de l\u2019H\u00f4pital Glengarry Memorial aider notre \u00e9quipe \u00e0 se procurer des \u00e9quipements essentiel qui ne sont pas couverts par vos taxes. Cela comprend des technologies de diagnostic comme le CT scan et les appareils de radiographie, les moniteurs \u00e0 l\u2019urgence, l\u2019\u00e9quipement en salle d\u2019op\u00e9ration, les appareils de laboratoire, l\u2019\u00e9quipement de r\u00e9adaptation et m\u00eame les civi\u00e8res. Il y autant de fa\u00e7ons de donner qu\u2019il y a de fa\u00e7ons de gu\u00e9rir. Choisissez celle qui vous convient.   <\/p>\n\n\n\n<div class=\"wp-block-columns is-layout-flex wp-container-core-columns-is-layout-28f84493 wp-block-columns-is-layout-flex\">\n<div class=\"wp-block-column is-layout-flow wp-block-column-is-layout-flow\">\n<figure class=\"wp-block-image size-full\"><img decoding=\"async\" width=\"533\" height=\"304\" data-src=\"https:\/\/hgmhfoundation.org\/wp-content\/uploads\/2025\/06\/family_outdoor_play.jpg\" alt=\"\" class=\"wp-image-1129 lazyload\" data-srcset=\"https:\/\/hgmhfoundation.org\/wp-content\/uploads\/2025\/06\/family_outdoor_play.jpg 533w, https:\/\/hgmhfoundation.org\/wp-content\/uploads\/2025\/06\/family_outdoor_play-300x171.jpg 300w\" data-sizes=\"(max-width: 533px) 100vw, 533px\" src=\"data:image\/svg+xml;base64,PHN2ZyB3aWR0aD0iMSIgaGVpZ2h0PSIxIiB4bWxucz0iaHR0cDovL3d3dy53My5vcmcvMjAwMC9zdmciPjwvc3ZnPg==\" style=\"--smush-placeholder-width: 533px; --smush-placeholder-aspect-ratio: 533\/304;\" \/><\/figure>\n<\/div>\n\n\n\n<div class=\"wp-block-column is-layout-flow wp-block-column-is-layout-flow\">\n<h2 class=\"wp-block-heading\">Donateurs individuels et familles<\/h2>\n\n\n\n<p>Les dons des particuliers et des familles sont la forme de soutien la plus simple et la plus directe pour votre h\u00f4pital communautaire. On rend faire un don facile \u2013 pour que vous puissiez vous concentrer sur son impact. <\/p>\n\n\n\n<div class=\"wp-block-buttons is-layout-flex wp-block-buttons-is-layout-flex\">\n<div class=\"wp-block-button is-style-neutral is-style-neutral--1\"><a class=\"wp-block-button__link wp-element-button\" href=\"https:\/\/hgmhfoundation.org\/fr\/facons-de-donner\/donateurs-individuels-et-familles\/\">EN SAVOIR PLUS<\/a><\/div>\n<\/div>\n<\/div>\n<\/div>\n\n\n\n<div class=\"wp-block-columns is-layout-flex wp-container-core-columns-is-layout-28f84493 wp-block-columns-is-layout-flex\">\n<div class=\"wp-block-column is-layout-flow wp-block-column-is-layout-flow\">\n<h2 class=\"wp-block-heading\">Partenaires d\u2019affaires<\/h2>\n\n\n\n<p>Les propri\u00e9taires d\u2019entreprises dans les communaut\u00e9s rurales sont des leaders communautaires et des personnes d\u2019influence d\u2019une importance capitale. Vous savez \u00e0 quel point un h\u00f4pital local est essentiel pour le bien-\u00eatre de vos employ\u00e9s et pour attirer et retenir une main-d\u2019\u0153uvre de qualit\u00e9. Votre fondation a un plan pour vous&#8230;  <\/p>\n\n\n\n<div class=\"wp-block-buttons is-layout-flex wp-block-buttons-is-layout-flex\">\n<div class=\"wp-block-button is-style-neutral is-style-neutral--2\"><a class=\"wp-block-button__link wp-element-button\" href=\"https:\/\/hgmhfoundation.org\/facons-de-donner\/partenariats-commerciaux\/?lang=fr\">EN SAVOIR PLUS<\/a><\/div>\n<\/div>\n<\/div>\n\n\n\n<div class=\"wp-block-column is-layout-flow wp-block-column-is-layout-flow\">\n<figure class=\"wp-block-image size-full\"><img decoding=\"async\" width=\"533\" height=\"304\" data-src=\"https:\/\/hgmhfoundation.org\/wp-content\/uploads\/2025\/06\/handshake.jpg\" alt=\"\" class=\"wp-image-1132 lazyload\" data-srcset=\"https:\/\/hgmhfoundation.org\/wp-content\/uploads\/2025\/06\/handshake.jpg 533w, https:\/\/hgmhfoundation.org\/wp-content\/uploads\/2025\/06\/handshake-300x171.jpg 300w\" data-sizes=\"(max-width: 533px) 100vw, 533px\" src=\"data:image\/svg+xml;base64,PHN2ZyB3aWR0aD0iMSIgaGVpZ2h0PSIxIiB4bWxucz0iaHR0cDovL3d3dy53My5vcmcvMjAwMC9zdmciPjwvc3ZnPg==\" style=\"--smush-placeholder-width: 533px; --smush-placeholder-aspect-ratio: 533\/304;\" \/><\/figure>\n<\/div>\n<\/div>\n\n\n\n<div class=\"wp-block-columns is-layout-flex wp-container-core-columns-is-layout-28f84493 wp-block-columns-is-layout-flex\">\n<div class=\"wp-block-column is-layout-flow wp-block-column-is-layout-flow\">\n<figure class=\"wp-block-image size-full\"><img decoding=\"async\" width=\"533\" height=\"303\" data-src=\"https:\/\/hgmhfoundation.org\/wp-content\/uploads\/2025\/06\/picnic.jpg\" alt=\"\" class=\"wp-image-1134 lazyload\" data-srcset=\"https:\/\/hgmhfoundation.org\/wp-content\/uploads\/2025\/06\/picnic.jpg 533w, https:\/\/hgmhfoundation.org\/wp-content\/uploads\/2025\/06\/picnic-300x171.jpg 300w\" data-sizes=\"(max-width: 533px) 100vw, 533px\" src=\"data:image\/svg+xml;base64,PHN2ZyB3aWR0aD0iMSIgaGVpZ2h0PSIxIiB4bWxucz0iaHR0cDovL3d3dy53My5vcmcvMjAwMC9zdmciPjwvc3ZnPg==\" style=\"--smush-placeholder-width: 533px; --smush-placeholder-aspect-ratio: 533\/303;\" \/><\/figure>\n<\/div>\n\n\n\n<div class=\"wp-block-column is-layout-flow wp-block-column-is-layout-flow\">\n<h2 class=\"wp-block-heading\">Collectes de fonds et \u00e9v\u00e9nements<\/h2>\n\n\n\n<p>Vous avez une id\u00e9e de collecte de fonds ou d\u2019\u00e9v\u00e9nement pour soutenir votre h\u00f4pital? Votre fondation est pr\u00eate \u00e0 vous soutenir de toutes les fa\u00e7ons possibles. <\/p>\n\n\n\n<div class=\"wp-block-buttons is-layout-flex wp-block-buttons-is-layout-flex\">\n<div class=\"wp-block-button is-style-neutral is-style-neutral--3\"><a class=\"wp-block-button__link wp-element-button\" href=\"https:\/\/hgmhfoundation.org\/facons-de-donner\/collectes-de-fonds-et-evenements\/?lang=fr\">EN SAVOIR PLUS<\/a><\/div>\n<\/div>\n<\/div>\n<\/div>\n\n\n\n<p><\/p>\n\n\n\n<div class=\"wp-block-group alignwide fade-up has-white-color has-neutral-background-color has-text-color has-background has-link-color wp-elements-2adae5cc164c5b7405d6f06c0e8f1d77 has-global-padding is-layout-constrained wp-block-group-is-layout-constrained\">\n<h2 class=\"wp-block-heading has-text-align-center fade-up has-white-color has-text-color has-link-color has-fira-sans-font-family wp-elements-f26b317d1dd7eb796ba8145aca9b8023\" style=\"font-style:normal;font-weight:400\">Chaque seconde offerte par nos b\u00e9n\u00e9voles fait une vraie diff\u00e9rence.<\/h2>\n\n\n\n<p class=\"has-text-align-center has-white-color has-text-color has-link-color has-large-font-size wp-elements-b467e933b51fe2a2671852c9d7397ac2\">Votre engagement amplifie les efforts de la Fondation de notre h\u00f4pital, all\u00e9geant et enrichissant notre travail.<\/p>\n\n\n\n<p class=\"has-text-align-center fade-up has-white-color has-text-color has-link-color wp-elements-684c0541a744ad70285a8a0fede6f097\">D\u00e9couvrez comment vous pouvez utiliser votre temps pour aider notre communaut\u00e9.<\/p>\n\n\n\n<div class=\"wp-block-buttons fade-up is-content-justification-center is-layout-flex wp-container-core-buttons-is-layout-a89b3969 wp-block-buttons-is-layout-flex\">\n<div class=\"wp-block-button\"><a class=\"wp-block-button__link has-accent-background-color has-background has-text-align-center wp-element-button\" href=\"https:\/\/hgmhfoundation.org\/fr\/a-propos-de-nous\/comment-devenir-benevole\/\">DEVENEZ B\u00c9N\u00c9VOLE<\/a><\/div>\n<\/div>\n<\/div>\n\n\n\n<div class=\"wp-block-group alignwide has-white-color has-secondary-background-color has-text-color has-background has-link-color wp-elements-d84bee3cc60c4278918d42d7b896f17d has-global-padding is-layout-constrained wp-block-group-is-layout-constrained\">\n<h2 class=\"wp-block-heading has-text-align-center fade-up has-white-color has-text-color has-link-color has-fira-sans-font-family wp-elements-f26b317d1dd7eb796ba8145aca9b8023\" style=\"font-style:normal;font-weight:400\">Chaque seconde offerte par nos b\u00e9n\u00e9voles fait une vraie diff\u00e9rence.<\/h2>\n\n\n\n<p class=\"has-text-align-center fade-up has-white-color has-text-color has-link-color wp-elements-f52b53d46f4b5e3a57ee080a19bf7cc9\">Votre engagement amplifie les efforts de la Fondation de notre h\u00f4pital, all\u00e9geant et enrichissant notre travail.<\/p>\n\n\n\n<p class=\"has-text-align-center fade-up has-white-color has-text-color has-link-color wp-elements-95439a9a3ffd6bebbeb96b9cc28c3ea3\" style=\"margin-top:var(--wp--preset--spacing--30);padding-top:0;padding-bottom:0\"><strong>D\u00e9couvrez comment vous pouvez utiliser votre temps pour aider notre communaut\u00e9.<\/strong><\/p>\n\n\n\n<div class=\"wp-block-buttons fade-up is-content-justification-center is-layout-flex wp-container-core-buttons-is-layout-a89b3969 wp-block-buttons-is-layout-flex\">\n<div class=\"wp-block-button donate-btn\"><a class=\"wp-block-button__link wp-element-button\" href=\"https:\/\/give-can.keela.co\/Hgmhfoundation\" target=\"_blank\" rel=\"noreferrer noopener\">FAIRE UN DON<\/a><\/div>\n<\/div>\n<\/div>\n","protected":false},"excerpt":{"rendered":"<p>Chaque don \u00e0 la Fondation de l\u2019H\u00f4pital Glengarry Memorial aider notre \u00e9quipe \u00e0 se procurer des \u00e9quipements essentiel qui ne sont pas couverts par vos taxes. Cela comprend des technologies de diagnostic comme le CT scan et les appareils de radiographie, les moniteurs \u00e0 l\u2019urgence, l\u2019\u00e9quipement en salle d\u2019op\u00e9ration, les appareils de laboratoire, l\u2019\u00e9quipement de [&hellip;]<\/p>\n","protected":false},"author":2,"featured_media":1127,"parent":0,"menu_order":0,"comment_status":"closed","ping_status":"closed","template":"","meta":{"_acf_changed":false,"inline_featured_image":false,"footnotes":""},"class_list":["post-922","page","type-page","status-publish","has-post-thumbnail","hentry"],"acf":[],"yoast_head":"<!-- This site is optimized with the Yoast SEO plugin v25.3.1 - https:\/\/yoast.com\/wordpress\/plugins\/seo\/ -->\n<title>Fa\u00e7ons de donner - Glengarry Memorial Hospital Foundation<\/title>\n<meta name=\"robots\" content=\"index, follow, max-snippet:-1, max-image-preview:large, max-video-preview:-1\" \/>\n<link rel=\"canonical\" href=\"https:\/\/hgmhfoundation.org\/fr\/facons-de-donner\/\" \/>\n<meta property=\"og:locale\" content=\"fr_FR\" \/>\n<meta property=\"og:type\" content=\"article\" \/>\n<meta property=\"og:title\" content=\"Fa\u00e7ons de donner - Glengarry Memorial Hospital Foundation\" \/>\n<meta property=\"og:description\" content=\"Chaque don \u00e0 la Fondation de l\u2019H\u00f4pital Glengarry Memorial aider notre \u00e9quipe \u00e0 se procurer des \u00e9quipements essentiel qui ne sont pas couverts par vos taxes. Cela comprend des technologies de diagnostic comme le CT scan et les appareils de radiographie, les moniteurs \u00e0 l\u2019urgence, l\u2019\u00e9quipement en salle d\u2019op\u00e9ration, les appareils de laboratoire, l\u2019\u00e9quipement de [&hellip;]\" \/>\n<meta property=\"og:url\" content=\"https:\/\/hgmhfoundation.org\/fr\/facons-de-donner\/\" \/>\n<meta property=\"og:site_name\" content=\"Glengarry Memorial Hospital Foundation\" \/>\n<meta property=\"article:modified_time\" content=\"2025-06-26T19:23:23+00:00\" \/>\n<meta property=\"og:image\" content=\"https:\/\/hgmhfoundation.org\/wp-content\/uploads\/2025\/06\/docter_compassion.jpg\" \/>\n\t<meta property=\"og:image:width\" content=\"1920\" \/>\n\t<meta property=\"og:image:height\" content=\"320\" \/>\n\t<meta property=\"og:image:type\" content=\"image\/jpeg\" \/>\n<meta name=\"twitter:card\" content=\"summary_large_image\" \/>\n<meta name=\"twitter:label1\" content=\"Dur\u00e9e de lecture estim\u00e9e\" \/>\n\t<meta name=\"twitter:data1\" content=\"3 minutes\" \/>\n<script type=\"application\/ld+json\" class=\"yoast-schema-graph\">{\"@context\":\"https:\/\/schema.org\",\"@graph\":[{\"@type\":\"WebPage\",\"@id\":\"https:\/\/hgmhfoundation.org\/fr\/facons-de-donner\/\",\"url\":\"https:\/\/hgmhfoundation.org\/fr\/facons-de-donner\/\",\"name\":\"Fa\u00e7ons de donner - Glengarry Memorial Hospital Foundation\",\"isPartOf\":{\"@id\":\"https:\/\/hgmhfoundation.org\/fr\/#website\"},\"primaryImageOfPage\":{\"@id\":\"https:\/\/hgmhfoundation.org\/fr\/facons-de-donner\/#primaryimage\"},\"image\":{\"@id\":\"https:\/\/hgmhfoundation.org\/fr\/facons-de-donner\/#primaryimage\"},\"thumbnailUrl\":\"https:\/\/hgmhfoundation.org\/wp-content\/uploads\/2025\/06\/docter_compassion.jpg\",\"datePublished\":\"2025-04-29T15:49:47+00:00\",\"dateModified\":\"2025-06-26T19:23:23+00:00\",\"breadcrumb\":{\"@id\":\"https:\/\/hgmhfoundation.org\/fr\/facons-de-donner\/#breadcrumb\"},\"inLanguage\":\"fr-FR\",\"potentialAction\":[{\"@type\":\"ReadAction\",\"target\":[\"https:\/\/hgmhfoundation.org\/fr\/facons-de-donner\/\"]}]},{\"@type\":\"ImageObject\",\"inLanguage\":\"fr-FR\",\"@id\":\"https:\/\/hgmhfoundation.org\/fr\/facons-de-donner\/#primaryimage\",\"url\":\"https:\/\/hgmhfoundation.org\/wp-content\/uploads\/2025\/06\/docter_compassion.jpg\",\"contentUrl\":\"https:\/\/hgmhfoundation.org\/wp-content\/uploads\/2025\/06\/docter_compassion.jpg\",\"width\":1920,\"height\":320},{\"@type\":\"BreadcrumbList\",\"@id\":\"https:\/\/hgmhfoundation.org\/fr\/facons-de-donner\/#breadcrumb\",\"itemListElement\":[{\"@type\":\"ListItem\",\"position\":1,\"name\":\"Home\",\"item\":\"https:\/\/hgmhfoundation.org\/fr\/\"},{\"@type\":\"ListItem\",\"position\":2,\"name\":\"Fa\u00e7ons de donner\"}]},{\"@type\":\"WebSite\",\"@id\":\"https:\/\/hgmhfoundation.org\/fr\/#website\",\"url\":\"https:\/\/hgmhfoundation.org\/fr\/\",\"name\":\"Glengarry Memorial Hospital Foundation\",\"description\":\"\",\"potentialAction\":[{\"@type\":\"SearchAction\",\"target\":{\"@type\":\"EntryPoint\",\"urlTemplate\":\"https:\/\/hgmhfoundation.org\/fr\/?s={search_term_string}\"},\"query-input\":{\"@type\":\"PropertyValueSpecification\",\"valueRequired\":true,\"valueName\":\"search_term_string\"}}],\"inLanguage\":\"fr-FR\"}]}<\/script>\n<!-- \/ Yoast SEO plugin. -->","yoast_head_json":{"title":"Fa\u00e7ons de donner - Glengarry Memorial Hospital Foundation","robots":{"index":"index","follow":"follow","max-snippet":"max-snippet:-1","max-image-preview":"max-image-preview:large","max-video-preview":"max-video-preview:-1"},"canonical":"https:\/\/hgmhfoundation.org\/fr\/facons-de-donner\/","og_locale":"fr_FR","og_type":"article","og_title":"Fa\u00e7ons de donner - Glengarry Memorial Hospital Foundation","og_description":"Chaque don \u00e0 la Fondation de l\u2019H\u00f4pital Glengarry Memorial aider notre \u00e9quipe \u00e0 se procurer des \u00e9quipements essentiel qui ne sont pas couverts par vos taxes. Cela comprend des technologies de diagnostic comme le CT scan et les appareils de radiographie, les moniteurs \u00e0 l\u2019urgence, l\u2019\u00e9quipement en salle d\u2019op\u00e9ration, les appareils de laboratoire, l\u2019\u00e9quipement de [&hellip;]","og_url":"https:\/\/hgmhfoundation.org\/fr\/facons-de-donner\/","og_site_name":"Glengarry Memorial Hospital Foundation","article_modified_time":"2025-06-26T19:23:23+00:00","og_image":[{"width":1920,"height":320,"url":"https:\/\/hgmhfoundation.org\/wp-content\/uploads\/2025\/06\/docter_compassion.jpg","type":"image\/jpeg"}],"twitter_card":"summary_large_image","twitter_misc":{"Dur\u00e9e de lecture estim\u00e9e":"3 minutes"},"schema":{"@context":"https:\/\/schema.org","@graph":[{"@type":"WebPage","@id":"https:\/\/hgmhfoundation.org\/fr\/facons-de-donner\/","url":"https:\/\/hgmhfoundation.org\/fr\/facons-de-donner\/","name":"Fa\u00e7ons de donner - Glengarry Memorial Hospital Foundation","isPartOf":{"@id":"https:\/\/hgmhfoundation.org\/fr\/#website"},"primaryImageOfPage":{"@id":"https:\/\/hgmhfoundation.org\/fr\/facons-de-donner\/#primaryimage"},"image":{"@id":"https:\/\/hgmhfoundation.org\/fr\/facons-de-donner\/#primaryimage"},"thumbnailUrl":"https:\/\/hgmhfoundation.org\/wp-content\/uploads\/2025\/06\/docter_compassion.jpg","datePublished":"2025-04-29T15:49:47+00:00","dateModified":"2025-06-26T19:23:23+00:00","breadcrumb":{"@id":"https:\/\/hgmhfoundation.org\/fr\/facons-de-donner\/#breadcrumb"},"inLanguage":"fr-FR","potentialAction":[{"@type":"ReadAction","target":["https:\/\/hgmhfoundation.org\/fr\/facons-de-donner\/"]}]},{"@type":"ImageObject","inLanguage":"fr-FR","@id":"https:\/\/hgmhfoundation.org\/fr\/facons-de-donner\/#primaryimage","url":"https:\/\/hgmhfoundation.org\/wp-content\/uploads\/2025\/06\/docter_compassion.jpg","contentUrl":"https:\/\/hgmhfoundation.org\/wp-content\/uploads\/2025\/06\/docter_compassion.jpg","width":1920,"height":320},{"@type":"BreadcrumbList","@id":"https:\/\/hgmhfoundation.org\/fr\/facons-de-donner\/#breadcrumb","itemListElement":[{"@type":"ListItem","position":1,"name":"Home","item":"https:\/\/hgmhfoundation.org\/fr\/"},{"@type":"ListItem","position":2,"name":"Fa\u00e7ons de donner"}]},{"@type":"WebSite","@id":"https:\/\/hgmhfoundation.org\/fr\/#website","url":"https:\/\/hgmhfoundation.org\/fr\/","name":"Glengarry Memorial Hospital Foundation","description":"","potentialAction":[{"@type":"SearchAction","target":{"@type":"EntryPoint","urlTemplate":"https:\/\/hgmhfoundation.org\/fr\/?s={search_term_string}"},"query-input":{"@type":"PropertyValueSpecification","valueRequired":true,"valueName":"search_term_string"}}],"inLanguage":"fr-FR"}]}},"_links":{"self":[{"href":"https:\/\/hgmhfoundation.org\/fr\/wp-json\/wp\/v2\/pages\/922","targetHints":{"allow":["GET"]}}],"collection":[{"href":"https:\/\/hgmhfoundation.org\/fr\/wp-json\/wp\/v2\/pages"}],"about":[{"href":"https:\/\/hgmhfoundation.org\/fr\/wp-json\/wp\/v2\/types\/page"}],"author":[{"embeddable":true,"href":"https:\/\/hgmhfoundation.org\/fr\/wp-json\/wp\/v2\/users\/2"}],"replies":[{"embeddable":true,"href":"https:\/\/hgmhfoundation.org\/fr\/wp-json\/wp\/v2\/comments?post=922"}],"version-history":[{"count":5,"href":"https:\/\/hgmhfoundation.org\/fr\/wp-json\/wp\/v2\/pages\/922\/revisions"}],"predecessor-version":[{"id":1209,"href":"https:\/\/hgmhfoundation.org\/fr\/wp-json\/wp\/v2\/pages\/922\/revisions\/1209"}],"wp:featuredmedia":[{"embeddable":true,"href":"https:\/\/hgmhfoundation.org\/fr\/wp-json\/wp\/v2\/media\/1127"}],"wp:attachment":[{"href":"https:\/\/hgmhfoundation.org\/fr\/wp-json\/wp\/v2\/media?parent=922"}],"curies":[{"name":"wp","href":"https:\/\/api.w.org\/{rel}","templated":true}]}}