{"id":924,"date":"2025-04-29T15:50:24","date_gmt":"2025-04-29T15:50:24","guid":{"rendered":"https:\/\/hgmhfoundation.org\/facons-de-donner\/partenariats-commerciaux\/"},"modified":"2025-11-21T19:47:53","modified_gmt":"2025-11-21T19:47:53","slug":"partenariats-commerciaux","status":"publish","type":"page","link":"https:\/\/hgmhfoundation.org\/fr\/facons-de-donner\/partenariats-commerciaux\/","title":{"rendered":"Partenariats commerciaux"},"content":{"rendered":"\n<h1 class=\"wp-block-heading\">Les entreprises qui s\u2019engagent est un nouveau programme de dons stimulant qui mobilise la communaut\u00e9 d\u2019affaires en soutien \u00e0 l&rsquo;H\u00f4pital Glengarry Memorial.<\/h1>\n\n\n\n<p>Votre fondation invite tous les chefs d\u2019entreprise \u00e0 devenir des leaders communautaires en s\u2019engageant \u00e0 faire un don annuel qui aidera l\u2019h\u00f4pital \u00e0 se doter de technologies non couvertes par les imp\u00f4ts. Chaque propri\u00e9taire d\u2019entreprise locale est invit\u00e9 \u00e0 joindre le programme et \u00e0 mettre le moteur \u00e9conomique de notre r\u00e9gion au service de l\u2019acquisition d\u2019un nouveau CT Scan et du d\u00e9veloppement de l\u2019h\u00f4pital \u00e0 long terme.<\/p>\n\n\n\n<figure class=\"wp-block-image aligncenter size-full\" style=\"margin-top:var(--wp--preset--spacing--70);margin-bottom:var(--wp--preset--spacing--70)\"><img decoding=\"async\" width=\"589\" height=\"135\" data-src=\"https:\/\/hgmhfoundation.org\/wp-content\/uploads\/2025\/10\/Group-369.png\" alt=\"\" class=\"wp-image-1365 lazyload\" data-srcset=\"https:\/\/hgmhfoundation.org\/wp-content\/uploads\/2025\/10\/Group-369.png 589w, https:\/\/hgmhfoundation.org\/wp-content\/uploads\/2025\/10\/Group-369-300x69.png 300w\" data-sizes=\"(max-width: 589px) 100vw, 589px\" src=\"data:image\/svg+xml;base64,PHN2ZyB3aWR0aD0iMSIgaGVpZ2h0PSIxIiB4bWxucz0iaHR0cDovL3d3dy53My5vcmcvMjAwMC9zdmciPjwvc3ZnPg==\" style=\"--smush-placeholder-width: 589px; --smush-placeholder-aspect-ratio: 589\/135;\" \/><\/figure>\n\n\n\n<h2 class=\"wp-block-heading\">Comment fonctionne Les entreprises qui s\u2019engagent<\/h2>\n\n\n\n<p><strong>ENGAGEZ-VOUS.<\/strong> Prenez l\u2019engagement de faire un don de 3 000 $ par ann\u00e9e pendant cinq ans, payable \u00e0 la date anniversaire de votre engagement. Cela repr\u00e9sente un total de 15 000 $ sur cinq ans.<\/p>\n\n\n\n<p><strong>DONNEZ.<\/strong> Votre engagement enverra un message fort de soutien \u00e0 travers notre r\u00e9gion. Le programme est con\u00e7u pour s\u2019adapter \u00e0 votre flux de tr\u00e9sorerie annuel et offrir une pr\u00e9visibilit\u00e9, un aspect important pour toute entreprise.<\/p>\n\n\n\n<p><strong>GU\u00c9RISSEZ.<\/strong> Chaque don \u00e0 l&rsquo;H\u00f4pital Glengarry Memorial contribue \u00e0 la gu\u00e9rison. Votre engagement est un cadeau pour chaque patient, pour nos m\u00e9decins, infirmi\u00e8res et tout le personnel. C\u2019est une fa\u00e7on de participer \u00e0 l\u2019\u00e9volution de notre h\u00f4pital pour l\u2019avenir.<\/p>\n\n\n\n<h2 class=\"wp-block-heading\">Comment nous soutiendrons votre entreprise<\/h2>\n\n\n\n<p>En tant que donateur du programme Les entreprises qui s\u2019engagent, votre entreprise sera mise en valeur sur le site web de la Fondation (page d\u00e9di\u00e9e au programme). Nous cr\u00e9erons \u00e9galement une affiche pour votre aire d\u2019accueil ou la vitrine de votre commerce afin que tous sachent que votre entreprise contribue \u00e0 la sant\u00e9 et au bien-\u00eatre de notre communaut\u00e9.<\/p>\n\n\n\n<h3 class=\"wp-block-heading\" style=\"padding-top:var(--wp--preset--spacing--40)\"><strong>Communiquez avec nous d\u00e8s aujourd\u2019hui<\/strong><\/h3>\n\n\n\n<div class=\"wp-block-buttons is-layout-flex wp-block-buttons-is-layout-flex\" style=\"margin-top:0;margin-bottom:0;padding-top:0;padding-bottom:0\">\n<div class=\"wp-block-button is-style-neutral is-style-neutral--1\"><a class=\"wp-block-button__link wp-element-button\" href=\"https:\/\/hgmhfoundation.org\/fr\/a-propos-de-nous\/contactez-nous\/\">PARLEZ-NOUS<\/a><\/div>\n<\/div>\n\n\n\n<h3 class=\"wp-block-heading\" style=\"margin-bottom:0;padding-top:var(--wp--preset--spacing--50);padding-bottom:0\"><strong>ou appelez-nous ou \u00e9crivez-nous :<\/strong><\/h3>\n\n\n\n<div class=\"wp-block-group has-global-padding is-layout-constrained wp-container-core-group-is-layout-aae0dc83 wp-block-group-is-layout-constrained\" style=\"margin-top:0;padding-top:var(--wp--preset--spacing--30);padding-right:0;padding-bottom:var(--wp--preset--spacing--50);padding-left:0\">\n<div class=\"wp-block-group is-nowrap is-layout-flex wp-container-core-group-is-layout-91610245 wp-block-group-is-layout-flex\" style=\"margin-top:0;padding-top:0;padding-right:0;padding-bottom:0;padding-left:0\">\n<figure class=\"wp-block-image size-large\"><img decoding=\"async\" width=\"30\" height=\"30\" data-src=\"https:\/\/hgmhfoundation.org\/wp-content\/uploads\/2025\/05\/Path-272.svg\" alt=\"\" class=\"wp-image-600 lazyload\" src=\"data:image\/svg+xml;base64,PHN2ZyB3aWR0aD0iMSIgaGVpZ2h0PSIxIiB4bWxucz0iaHR0cDovL3d3dy53My5vcmcvMjAwMC9zdmciPjwvc3ZnPg==\" style=\"--smush-placeholder-width: 30px; --smush-placeholder-aspect-ratio: 30\/30;\" \/><\/figure>\n\n\n\n<p><a href=\"tel:6135252222\">613.525.2222<\/a> poste 4138<\/p>\n<\/div>\n\n\n\n<div class=\"wp-block-group is-nowrap is-layout-flex wp-container-core-group-is-layout-fe35023d wp-block-group-is-layout-flex\" style=\"margin-top:var(--wp--preset--spacing--40);padding-top:0;padding-right:0;padding-bottom:0;padding-left:0\">\n<figure class=\"wp-block-image size-large\"><img decoding=\"async\" width=\"30\" height=\"30\" data-src=\"https:\/\/hgmhfoundation.org\/wp-content\/uploads\/2025\/05\/Group-144.svg\" alt=\"\" class=\"wp-image-598 lazyload\" src=\"data:image\/svg+xml;base64,PHN2ZyB3aWR0aD0iMSIgaGVpZ2h0PSIxIiB4bWxucz0iaHR0cDovL3d3dy53My5vcmcvMjAwMC9zdmciPjwvc3ZnPg==\" style=\"--smush-placeholder-width: 30px; --smush-placeholder-aspect-ratio: 30\/30;\" \/><\/figure>\n\n\n\n<div class=\"wp-block-group has-global-padding is-layout-constrained wp-container-core-group-is-layout-639b5052 wp-block-group-is-layout-constrained\" style=\"padding-top:0;padding-right:0;padding-bottom:0;padding-left:0\">\n<p style=\"margin-top:0;margin-right:0;margin-bottom:0;margin-left:0;padding-top:0;padding-right:0;padding-bottom:0;padding-left:0\"><strong>Fr\u00e9d\u00e9rique Th\u00e9or\u00eat<\/strong><\/p>\n\n\n\n<p class=\"force-no-bullet\" style=\"margin-top:0;margin-bottom:0;padding-top:0;padding-right:0;padding-bottom:0;padding-left:0\"><a href=\"mailto:ftheoret@hgmhfoundation.org\">ftheoret@hgmhfoundation.org<\/a><\/p>\n<\/div>\n<\/div>\n\n\n\n<div class=\"wp-block-group is-nowrap is-layout-flex wp-container-core-group-is-layout-5d282060 wp-block-group-is-layout-flex\" style=\"margin-top:0;margin-bottom:0;padding-top:0;padding-right:0;padding-bottom:0;padding-left:0\">\n<figure class=\"wp-block-image size-large\"><img decoding=\"async\" width=\"30\" height=\"30\" data-src=\"https:\/\/hgmhfoundation.org\/wp-content\/uploads\/2025\/05\/Group-144.svg\" alt=\"\" class=\"wp-image-598 lazyload\" src=\"data:image\/svg+xml;base64,PHN2ZyB3aWR0aD0iMSIgaGVpZ2h0PSIxIiB4bWxucz0iaHR0cDovL3d3dy53My5vcmcvMjAwMC9zdmciPjwvc3ZnPg==\" style=\"--smush-placeholder-width: 30px; --smush-placeholder-aspect-ratio: 30\/30;\" \/><\/figure>\n\n\n\n<div class=\"wp-block-group has-global-padding is-layout-constrained wp-container-core-group-is-layout-639b5052 wp-block-group-is-layout-constrained\" style=\"padding-top:0;padding-right:0;padding-bottom:0;padding-left:0\">\n<p style=\"margin-top:0;margin-right:0;margin-bottom:0;margin-left:0;padding-top:0;padding-right:0;padding-bottom:0;padding-left:0\"><strong>Kim Jarencio<\/strong><\/p>\n\n\n\n<p class=\"force-no-bullet\" style=\"margin-top:0;margin-bottom:0;padding-top:0;padding-right:0;padding-bottom:0;padding-left:0\"><a href=\"mailto:kjarencio@hgmhfoundation.org\">kjarencio@hgmhfoundation.org<\/a><\/p>\n<\/div>\n<\/div>\n<\/div>\n\n\n\n<style>\np.single-anchor.force-no-bullet a {\ntext-transform:lowercase;\n}\np.single-anchor.force-no-bullet a:before, .wp-block-column.has-single-anchor.force-no-bullet a:before {\ndisplay:none !important;\n}\np > strong {\nfont-weight:bold;\ncolor:#202C62;\n}\n<\/style>\n\n\n\n<div class=\"wp-block-group alignwide has-white-color has-secondary-background-color has-text-color has-background has-link-color wp-elements-d84bee3cc60c4278918d42d7b896f17d has-global-padding is-layout-constrained wp-block-group-is-layout-constrained\">\n<h2 class=\"wp-block-heading has-text-align-center fade-up has-white-color has-text-color has-link-color has-fira-sans-font-family wp-elements-f26b317d1dd7eb796ba8145aca9b8023\" style=\"font-style:normal;font-weight:400\">Chaque seconde offerte par nos b\u00e9n\u00e9voles fait une vraie diff\u00e9rence.<\/h2>\n\n\n\n<p class=\"has-text-align-center fade-up has-white-color has-text-color has-link-color wp-elements-f52b53d46f4b5e3a57ee080a19bf7cc9\">Votre engagement amplifie les efforts de la Fondation de notre h\u00f4pital, all\u00e9geant et enrichissant notre travail.<\/p>\n\n\n\n<p class=\"has-text-align-center fade-up has-white-color has-text-color has-link-color wp-elements-95439a9a3ffd6bebbeb96b9cc28c3ea3\" style=\"margin-top:var(--wp--preset--spacing--30);padding-top:0;padding-bottom:0\"><strong>D\u00e9couvrez comment vous pouvez utiliser votre temps pour aider notre communaut\u00e9.<\/strong><\/p>\n\n\n\n<div class=\"wp-block-buttons fade-up is-content-justification-center is-layout-flex wp-container-core-buttons-is-layout-a89b3969 wp-block-buttons-is-layout-flex\">\n<div class=\"wp-block-button donate-btn\"><a class=\"wp-block-button__link wp-element-button\" href=\"https:\/\/give-can.keela.co\/Hgmhfoundation\" target=\"_blank\" rel=\"noreferrer noopener\">FAIRE UN DON<\/a><\/div>\n<\/div>\n<\/div>\n","protected":false},"excerpt":{"rendered":"<p>Les entreprises qui s\u2019engagent est un nouveau programme de dons stimulant qui mobilise la communaut\u00e9 d\u2019affaires en soutien \u00e0 l&rsquo;H\u00f4pital Glengarry Memorial. Votre fondation invite tous les chefs d\u2019entreprise \u00e0 devenir des leaders communautaires en s\u2019engageant \u00e0 faire un don annuel qui aidera l\u2019h\u00f4pital \u00e0 se doter de technologies non couvertes par les imp\u00f4ts. Chaque [&hellip;]<\/p>\n","protected":false},"author":2,"featured_media":0,"parent":922,"menu_order":0,"comment_status":"closed","ping_status":"closed","template":"","meta":{"_acf_changed":false,"inline_featured_image":false,"footnotes":""},"class_list":["post-924","page","type-page","status-publish","hentry"],"acf":[],"yoast_head":"<!-- This site is optimized with the Yoast SEO plugin v25.3.1 - https:\/\/yoast.com\/wordpress\/plugins\/seo\/ -->\n<title>Partenariats commerciaux - Glengarry Memorial Hospital Foundation<\/title>\n<meta name=\"robots\" content=\"index, follow, max-snippet:-1, max-image-preview:large, max-video-preview:-1\" \/>\n<link rel=\"canonical\" href=\"https:\/\/hgmhfoundation.org\/fr\/facons-de-donner\/partenariats-commerciaux\/\" \/>\n<meta property=\"og:locale\" content=\"fr_FR\" \/>\n<meta property=\"og:type\" content=\"article\" \/>\n<meta property=\"og:title\" content=\"Partenariats commerciaux - Glengarry Memorial Hospital Foundation\" \/>\n<meta property=\"og:description\" content=\"Les entreprises qui s\u2019engagent est un nouveau programme de dons stimulant qui mobilise la communaut\u00e9 d\u2019affaires en soutien \u00e0 l&rsquo;H\u00f4pital Glengarry Memorial. Votre fondation invite tous les chefs d\u2019entreprise \u00e0 devenir des leaders communautaires en s\u2019engageant \u00e0 faire un don annuel qui aidera l\u2019h\u00f4pital \u00e0 se doter de technologies non couvertes par les imp\u00f4ts. Chaque [&hellip;]\" \/>\n<meta property=\"og:url\" content=\"https:\/\/hgmhfoundation.org\/fr\/facons-de-donner\/partenariats-commerciaux\/\" \/>\n<meta property=\"og:site_name\" content=\"Glengarry Memorial Hospital Foundation\" \/>\n<meta property=\"article:modified_time\" content=\"2025-11-21T19:47:53+00:00\" \/>\n<meta property=\"og:image\" content=\"https:\/\/hgmhfoundation.org\/wp-content\/uploads\/2025\/10\/Group-369.png\" \/>\n\t<meta property=\"og:image:width\" content=\"589\" \/>\n\t<meta property=\"og:image:height\" content=\"135\" \/>\n\t<meta property=\"og:image:type\" content=\"image\/png\" \/>\n<meta name=\"twitter:card\" content=\"summary_large_image\" \/>\n<meta name=\"twitter:label1\" content=\"Dur\u00e9e de lecture estim\u00e9e\" \/>\n\t<meta name=\"twitter:data1\" content=\"3 minutes\" \/>\n<script type=\"application\/ld+json\" class=\"yoast-schema-graph\">{\"@context\":\"https:\/\/schema.org\",\"@graph\":[{\"@type\":\"WebPage\",\"@id\":\"https:\/\/hgmhfoundation.org\/fr\/facons-de-donner\/partenariats-commerciaux\/\",\"url\":\"https:\/\/hgmhfoundation.org\/fr\/facons-de-donner\/partenariats-commerciaux\/\",\"name\":\"Partenariats commerciaux - Glengarry Memorial Hospital Foundation\",\"isPartOf\":{\"@id\":\"https:\/\/hgmhfoundation.org\/fr\/#website\"},\"primaryImageOfPage\":{\"@id\":\"https:\/\/hgmhfoundation.org\/fr\/facons-de-donner\/partenariats-commerciaux\/#primaryimage\"},\"image\":{\"@id\":\"https:\/\/hgmhfoundation.org\/fr\/facons-de-donner\/partenariats-commerciaux\/#primaryimage\"},\"thumbnailUrl\":\"https:\/\/hgmhfoundation.org\/wp-content\/uploads\/2025\/10\/Group-369.png\",\"datePublished\":\"2025-04-29T15:50:24+00:00\",\"dateModified\":\"2025-11-21T19:47:53+00:00\",\"breadcrumb\":{\"@id\":\"https:\/\/hgmhfoundation.org\/fr\/facons-de-donner\/partenariats-commerciaux\/#breadcrumb\"},\"inLanguage\":\"fr-FR\",\"potentialAction\":[{\"@type\":\"ReadAction\",\"target\":[\"https:\/\/hgmhfoundation.org\/fr\/facons-de-donner\/partenariats-commerciaux\/\"]}]},{\"@type\":\"ImageObject\",\"inLanguage\":\"fr-FR\",\"@id\":\"https:\/\/hgmhfoundation.org\/fr\/facons-de-donner\/partenariats-commerciaux\/#primaryimage\",\"url\":\"https:\/\/hgmhfoundation.org\/wp-content\/uploads\/2025\/10\/Group-369.png\",\"contentUrl\":\"https:\/\/hgmhfoundation.org\/wp-content\/uploads\/2025\/10\/Group-369.png\"},{\"@type\":\"BreadcrumbList\",\"@id\":\"https:\/\/hgmhfoundation.org\/fr\/facons-de-donner\/partenariats-commerciaux\/#breadcrumb\",\"itemListElement\":[{\"@type\":\"ListItem\",\"position\":1,\"name\":\"Home\",\"item\":\"https:\/\/hgmhfoundation.org\/fr\/\"},{\"@type\":\"ListItem\",\"position\":2,\"name\":\"Fa\u00e7ons de donner\",\"item\":\"https:\/\/hgmhfoundation.org\/fr\/facons-de-donner\/\"},{\"@type\":\"ListItem\",\"position\":3,\"name\":\"Partenariats commerciaux\"}]},{\"@type\":\"WebSite\",\"@id\":\"https:\/\/hgmhfoundation.org\/fr\/#website\",\"url\":\"https:\/\/hgmhfoundation.org\/fr\/\",\"name\":\"Glengarry Memorial Hospital Foundation\",\"description\":\"\",\"potentialAction\":[{\"@type\":\"SearchAction\",\"target\":{\"@type\":\"EntryPoint\",\"urlTemplate\":\"https:\/\/hgmhfoundation.org\/fr\/?s={search_term_string}\"},\"query-input\":{\"@type\":\"PropertyValueSpecification\",\"valueRequired\":true,\"valueName\":\"search_term_string\"}}],\"inLanguage\":\"fr-FR\"}]}<\/script>\n<!-- \/ Yoast SEO plugin. -->","yoast_head_json":{"title":"Partenariats commerciaux - Glengarry Memorial Hospital Foundation","robots":{"index":"index","follow":"follow","max-snippet":"max-snippet:-1","max-image-preview":"max-image-preview:large","max-video-preview":"max-video-preview:-1"},"canonical":"https:\/\/hgmhfoundation.org\/fr\/facons-de-donner\/partenariats-commerciaux\/","og_locale":"fr_FR","og_type":"article","og_title":"Partenariats commerciaux - Glengarry Memorial Hospital Foundation","og_description":"Les entreprises qui s\u2019engagent est un nouveau programme de dons stimulant qui mobilise la communaut\u00e9 d\u2019affaires en soutien \u00e0 l&rsquo;H\u00f4pital Glengarry Memorial. Votre fondation invite tous les chefs d\u2019entreprise \u00e0 devenir des leaders communautaires en s\u2019engageant \u00e0 faire un don annuel qui aidera l\u2019h\u00f4pital \u00e0 se doter de technologies non couvertes par les imp\u00f4ts. Chaque [&hellip;]","og_url":"https:\/\/hgmhfoundation.org\/fr\/facons-de-donner\/partenariats-commerciaux\/","og_site_name":"Glengarry Memorial Hospital Foundation","article_modified_time":"2025-11-21T19:47:53+00:00","og_image":[{"width":589,"height":135,"url":"https:\/\/hgmhfoundation.org\/wp-content\/uploads\/2025\/10\/Group-369.png","type":"image\/png"}],"twitter_card":"summary_large_image","twitter_misc":{"Dur\u00e9e de lecture estim\u00e9e":"3 minutes"},"schema":{"@context":"https:\/\/schema.org","@graph":[{"@type":"WebPage","@id":"https:\/\/hgmhfoundation.org\/fr\/facons-de-donner\/partenariats-commerciaux\/","url":"https:\/\/hgmhfoundation.org\/fr\/facons-de-donner\/partenariats-commerciaux\/","name":"Partenariats commerciaux - Glengarry Memorial Hospital Foundation","isPartOf":{"@id":"https:\/\/hgmhfoundation.org\/fr\/#website"},"primaryImageOfPage":{"@id":"https:\/\/hgmhfoundation.org\/fr\/facons-de-donner\/partenariats-commerciaux\/#primaryimage"},"image":{"@id":"https:\/\/hgmhfoundation.org\/fr\/facons-de-donner\/partenariats-commerciaux\/#primaryimage"},"thumbnailUrl":"https:\/\/hgmhfoundation.org\/wp-content\/uploads\/2025\/10\/Group-369.png","datePublished":"2025-04-29T15:50:24+00:00","dateModified":"2025-11-21T19:47:53+00:00","breadcrumb":{"@id":"https:\/\/hgmhfoundation.org\/fr\/facons-de-donner\/partenariats-commerciaux\/#breadcrumb"},"inLanguage":"fr-FR","potentialAction":[{"@type":"ReadAction","target":["https:\/\/hgmhfoundation.org\/fr\/facons-de-donner\/partenariats-commerciaux\/"]}]},{"@type":"ImageObject","inLanguage":"fr-FR","@id":"https:\/\/hgmhfoundation.org\/fr\/facons-de-donner\/partenariats-commerciaux\/#primaryimage","url":"https:\/\/hgmhfoundation.org\/wp-content\/uploads\/2025\/10\/Group-369.png","contentUrl":"https:\/\/hgmhfoundation.org\/wp-content\/uploads\/2025\/10\/Group-369.png"},{"@type":"BreadcrumbList","@id":"https:\/\/hgmhfoundation.org\/fr\/facons-de-donner\/partenariats-commerciaux\/#breadcrumb","itemListElement":[{"@type":"ListItem","position":1,"name":"Home","item":"https:\/\/hgmhfoundation.org\/fr\/"},{"@type":"ListItem","position":2,"name":"Fa\u00e7ons de donner","item":"https:\/\/hgmhfoundation.org\/fr\/facons-de-donner\/"},{"@type":"ListItem","position":3,"name":"Partenariats commerciaux"}]},{"@type":"WebSite","@id":"https:\/\/hgmhfoundation.org\/fr\/#website","url":"https:\/\/hgmhfoundation.org\/fr\/","name":"Glengarry Memorial Hospital Foundation","description":"","potentialAction":[{"@type":"SearchAction","target":{"@type":"EntryPoint","urlTemplate":"https:\/\/hgmhfoundation.org\/fr\/?s={search_term_string}"},"query-input":{"@type":"PropertyValueSpecification","valueRequired":true,"valueName":"search_term_string"}}],"inLanguage":"fr-FR"}]}},"_links":{"self":[{"href":"https:\/\/hgmhfoundation.org\/fr\/wp-json\/wp\/v2\/pages\/924","targetHints":{"allow":["GET"]}}],"collection":[{"href":"https:\/\/hgmhfoundation.org\/fr\/wp-json\/wp\/v2\/pages"}],"about":[{"href":"https:\/\/hgmhfoundation.org\/fr\/wp-json\/wp\/v2\/types\/page"}],"author":[{"embeddable":true,"href":"https:\/\/hgmhfoundation.org\/fr\/wp-json\/wp\/v2\/users\/2"}],"replies":[{"embeddable":true,"href":"https:\/\/hgmhfoundation.org\/fr\/wp-json\/wp\/v2\/comments?post=924"}],"version-history":[{"count":5,"href":"https:\/\/hgmhfoundation.org\/fr\/wp-json\/wp\/v2\/pages\/924\/revisions"}],"predecessor-version":[{"id":1484,"href":"https:\/\/hgmhfoundation.org\/fr\/wp-json\/wp\/v2\/pages\/924\/revisions\/1484"}],"up":[{"embeddable":true,"href":"https:\/\/hgmhfoundation.org\/fr\/wp-json\/wp\/v2\/pages\/922"}],"wp:attachment":[{"href":"https:\/\/hgmhfoundation.org\/fr\/wp-json\/wp\/v2\/media?parent=924"}],"curies":[{"name":"wp","href":"https:\/\/api.w.org\/{rel}","templated":true}]}}