{"id":927,"date":"2025-05-01T17:14:13","date_gmt":"2025-05-01T17:14:13","guid":{"rendered":"https:\/\/hgmhfoundation.org\/facons-de-donner\/collectes-de-fonds-et-evenements\/"},"modified":"2026-02-06T20:09:09","modified_gmt":"2026-02-06T20:09:09","slug":"collectes-de-fonds-et-evenements","status":"publish","type":"page","link":"https:\/\/hgmhfoundation.org\/fr\/facons-de-donner\/collectes-de-fonds-et-evenements\/","title":{"rendered":"Collectes de fonds et \u00e9v\u00e9nements"},"content":{"rendered":"\n<h1 class=\"wp-block-heading\">Planifiez votre collecte de fonds d\u00e8s aujourd\u2019hui<\/h1>\n\n\n\n<p>Quand des gens de chez nous prennent l\u2019initiative d\u2019organiser des collectes de fonds, c\u2019est un cadeau inspirant pour tous les participants. L\u2019engagement communautaire g\u00e9n\u00e9r\u00e9 par ces \u00e9v\u00e9nements permet \u00e0 la Fondation de toucher plus de gens et de rencontrer des nouveau amis et donateurs. Laissez-nous vous aider avec des id\u00e9es et du soutien. Nous sommes l\u00e0 pour vous.   <\/p>\n\n\n\n<div class=\"wp-block-buttons is-layout-flex wp-block-buttons-is-layout-flex\">\n<div class=\"wp-block-button is-style-neutral is-style-neutral--1\"><a class=\"wp-block-button__link wp-element-button\" href=\"https:\/\/hgmhfoundation.org\/fr\/a-propos-de-nous\/contactez-nous\/\">PARLEZ-NOUS<\/a><\/div>\n<\/div>\n\n\n\n<div style=\"height:35px\" aria-hidden=\"true\" class=\"wp-block-spacer\"><\/div>\n\n\n\n<h2 class=\"wp-block-heading\">Venez nous rejoindre \u00e0 l&rsquo;un de nos \u00e9v\u00e9nements !<\/h2>\n\n\n\n<div class=\"wp-block-group events is-horizontal is-content-justification-left is-nowrap is-layout-flex wp-container-core-group-is-layout-2ca09ece wp-block-group-is-layout-flex\" style=\"border-top-color:#9a9a9a;border-top-width:1px;border-right-style:none;border-right-width:0px;border-bottom-style:none;border-bottom-width:0px;border-left-style:none;border-left-width:0px;padding-top:0;padding-right:0;padding-bottom:0;padding-left:0\">\n<figure class=\"wp-block-image size-full is-resized\"><img decoding=\"async\" width=\"450\" height=\"450\" data-src=\"https:\/\/hgmhfoundation.org\/wp-content\/uploads\/2026\/02\/HGMH-Washer-Tournament-Ticket-450-x-450-px.png\" alt=\"\" class=\"wp-image-1593 lazyload\" style=\"--smush-placeholder-width: 450px; --smush-placeholder-aspect-ratio: 450\/450;object-fit:cover;width:200px;height:120px\" data-srcset=\"https:\/\/hgmhfoundation.org\/wp-content\/uploads\/2026\/02\/HGMH-Washer-Tournament-Ticket-450-x-450-px.png 450w, https:\/\/hgmhfoundation.org\/wp-content\/uploads\/2026\/02\/HGMH-Washer-Tournament-Ticket-450-x-450-px-300x300.png 300w, https:\/\/hgmhfoundation.org\/wp-content\/uploads\/2026\/02\/HGMH-Washer-Tournament-Ticket-450-x-450-px-150x150.png 150w\" data-sizes=\"(max-width: 450px) 100vw, 450px\" src=\"data:image\/svg+xml;base64,PHN2ZyB3aWR0aD0iMSIgaGVpZ2h0PSIxIiB4bWxucz0iaHR0cDovL3d3dy53My5vcmcvMjAwMC9zdmciPjwvc3ZnPg==\" \/><\/figure>\n\n\n\n<div class=\"wp-block-group has-global-padding is-layout-constrained wp-container-core-group-is-layout-a151063b wp-block-group-is-layout-constrained\" style=\"padding-top:var(--wp--preset--spacing--50);padding-right:var(--wp--preset--spacing--40);padding-bottom:var(--wp--preset--spacing--50);padding-left:var(--wp--preset--spacing--40)\">\n<h3 class=\"wp-block-heading\" style=\"padding-top:0;padding-right:0;padding-bottom:0;padding-left:0\">Soutenez la Fondation de l\u2019H\u00f4pital Glengarry Memorial en achetant vos billets pour le prochain tournoi de washers, le 11 avril 2026, au D\u00f4me Tim Hortons !<\/h3>\n\n\n\n<p style=\"padding-top:0;padding-right:0;padding-bottom:0;padding-left:0\"><a href=\"https:\/\/www.rafflebox.ca\/raffle\/hgmhfoundation\" target=\"_blank\" rel=\"noreferrer noopener\">ACHETEZ MAINTENANT<\/a><\/p>\n<\/div>\n<\/div>\n\n\n\n<div class=\"wp-block-group alignwide has-white-color has-secondary-background-color has-text-color has-background has-link-color wp-elements-d84bee3cc60c4278918d42d7b896f17d has-global-padding is-layout-constrained wp-block-group-is-layout-constrained\">\n<h2 class=\"wp-block-heading has-text-align-center fade-up has-white-color has-text-color has-link-color has-fira-sans-font-family wp-elements-f26b317d1dd7eb796ba8145aca9b8023\" style=\"font-style:normal;font-weight:400\">Chaque seconde offerte par nos b\u00e9n\u00e9voles fait une vraie diff\u00e9rence.<\/h2>\n\n\n\n<p class=\"has-text-align-center fade-up has-white-color has-text-color has-link-color wp-elements-f52b53d46f4b5e3a57ee080a19bf7cc9\">Votre engagement amplifie les efforts de la Fondation de notre h\u00f4pital, all\u00e9geant et enrichissant notre travail.<\/p>\n\n\n\n<p class=\"has-text-align-center fade-up has-white-color has-text-color has-link-color wp-elements-95439a9a3ffd6bebbeb96b9cc28c3ea3\" style=\"margin-top:var(--wp--preset--spacing--30);padding-top:0;padding-bottom:0\"><strong>D\u00e9couvrez comment vous pouvez utiliser votre temps pour aider notre communaut\u00e9.<\/strong><\/p>\n\n\n\n<div class=\"wp-block-buttons fade-up is-content-justification-center is-layout-flex wp-container-core-buttons-is-layout-a89b3969 wp-block-buttons-is-layout-flex\">\n<div class=\"wp-block-button donate-btn\"><a class=\"wp-block-button__link wp-element-button\" href=\"https:\/\/give-can.keela.co\/Hgmhfoundation\" target=\"_blank\" rel=\"noreferrer noopener\">FAIRE UN DON<\/a><\/div>\n<\/div>\n<\/div>\n","protected":false},"excerpt":{"rendered":"<p>Planifiez votre collecte de fonds d\u00e8s aujourd\u2019hui Quand des gens de chez nous prennent l\u2019initiative d\u2019organiser des collectes de fonds, c\u2019est un cadeau inspirant pour tous les participants. L\u2019engagement communautaire g\u00e9n\u00e9r\u00e9 par ces \u00e9v\u00e9nements permet \u00e0 la Fondation de toucher plus de gens et de rencontrer des nouveau amis et donateurs. Laissez-nous vous aider avec [&hellip;]<\/p>\n","protected":false},"author":2,"featured_media":0,"parent":922,"menu_order":0,"comment_status":"closed","ping_status":"closed","template":"","meta":{"_acf_changed":false,"inline_featured_image":false,"footnotes":""},"class_list":["post-927","page","type-page","status-publish","hentry"],"acf":[],"yoast_head":"<!-- This site is optimized with the Yoast SEO plugin v25.3.1 - https:\/\/yoast.com\/wordpress\/plugins\/seo\/ -->\n<title>Collectes de fonds et \u00e9v\u00e9nements - Glengarry Memorial Hospital Foundation<\/title>\n<meta name=\"robots\" content=\"index, follow, max-snippet:-1, max-image-preview:large, max-video-preview:-1\" \/>\n<link rel=\"canonical\" href=\"https:\/\/hgmhfoundation.org\/fr\/facons-de-donner\/collectes-de-fonds-et-evenements\/\" \/>\n<meta property=\"og:locale\" content=\"fr_FR\" \/>\n<meta property=\"og:type\" content=\"article\" \/>\n<meta property=\"og:title\" content=\"Collectes de fonds et \u00e9v\u00e9nements - Glengarry Memorial Hospital Foundation\" \/>\n<meta property=\"og:description\" content=\"Planifiez votre collecte de fonds d\u00e8s aujourd\u2019hui Quand des gens de chez nous prennent l\u2019initiative d\u2019organiser des collectes de fonds, c\u2019est un cadeau inspirant pour tous les participants. L\u2019engagement communautaire g\u00e9n\u00e9r\u00e9 par ces \u00e9v\u00e9nements permet \u00e0 la Fondation de toucher plus de gens et de rencontrer des nouveau amis et donateurs. Laissez-nous vous aider avec [&hellip;]\" \/>\n<meta property=\"og:url\" content=\"https:\/\/hgmhfoundation.org\/fr\/facons-de-donner\/collectes-de-fonds-et-evenements\/\" \/>\n<meta property=\"og:site_name\" content=\"Glengarry Memorial Hospital Foundation\" \/>\n<meta property=\"article:modified_time\" content=\"2026-02-06T20:09:09+00:00\" \/>\n<meta property=\"og:image\" content=\"https:\/\/hgmhfoundation.org\/wp-content\/uploads\/2026\/02\/HGMH-Washer-Tournament-Ticket-450-x-450-px.png\" \/>\n\t<meta property=\"og:image:width\" content=\"450\" \/>\n\t<meta property=\"og:image:height\" content=\"450\" \/>\n\t<meta property=\"og:image:type\" content=\"image\/png\" \/>\n<meta name=\"twitter:card\" content=\"summary_large_image\" \/>\n<meta name=\"twitter:label1\" content=\"Dur\u00e9e de lecture estim\u00e9e\" \/>\n\t<meta name=\"twitter:data1\" content=\"1 minute\" \/>\n<script type=\"application\/ld+json\" class=\"yoast-schema-graph\">{\"@context\":\"https:\/\/schema.org\",\"@graph\":[{\"@type\":\"WebPage\",\"@id\":\"https:\/\/hgmhfoundation.org\/fr\/facons-de-donner\/collectes-de-fonds-et-evenements\/\",\"url\":\"https:\/\/hgmhfoundation.org\/fr\/facons-de-donner\/collectes-de-fonds-et-evenements\/\",\"name\":\"Collectes de fonds et \u00e9v\u00e9nements - Glengarry Memorial Hospital Foundation\",\"isPartOf\":{\"@id\":\"https:\/\/hgmhfoundation.org\/fr\/#website\"},\"primaryImageOfPage\":{\"@id\":\"https:\/\/hgmhfoundation.org\/fr\/facons-de-donner\/collectes-de-fonds-et-evenements\/#primaryimage\"},\"image\":{\"@id\":\"https:\/\/hgmhfoundation.org\/fr\/facons-de-donner\/collectes-de-fonds-et-evenements\/#primaryimage\"},\"thumbnailUrl\":\"https:\/\/hgmhfoundation.org\/wp-content\/uploads\/2026\/02\/HGMH-Washer-Tournament-Ticket-450-x-450-px.png\",\"datePublished\":\"2025-05-01T17:14:13+00:00\",\"dateModified\":\"2026-02-06T20:09:09+00:00\",\"breadcrumb\":{\"@id\":\"https:\/\/hgmhfoundation.org\/fr\/facons-de-donner\/collectes-de-fonds-et-evenements\/#breadcrumb\"},\"inLanguage\":\"fr-FR\",\"potentialAction\":[{\"@type\":\"ReadAction\",\"target\":[\"https:\/\/hgmhfoundation.org\/fr\/facons-de-donner\/collectes-de-fonds-et-evenements\/\"]}]},{\"@type\":\"ImageObject\",\"inLanguage\":\"fr-FR\",\"@id\":\"https:\/\/hgmhfoundation.org\/fr\/facons-de-donner\/collectes-de-fonds-et-evenements\/#primaryimage\",\"url\":\"https:\/\/hgmhfoundation.org\/wp-content\/uploads\/2026\/02\/HGMH-Washer-Tournament-Ticket-450-x-450-px.png\",\"contentUrl\":\"https:\/\/hgmhfoundation.org\/wp-content\/uploads\/2026\/02\/HGMH-Washer-Tournament-Ticket-450-x-450-px.png\"},{\"@type\":\"BreadcrumbList\",\"@id\":\"https:\/\/hgmhfoundation.org\/fr\/facons-de-donner\/collectes-de-fonds-et-evenements\/#breadcrumb\",\"itemListElement\":[{\"@type\":\"ListItem\",\"position\":1,\"name\":\"Home\",\"item\":\"https:\/\/hgmhfoundation.org\/fr\/\"},{\"@type\":\"ListItem\",\"position\":2,\"name\":\"Fa\u00e7ons de donner\",\"item\":\"https:\/\/hgmhfoundation.org\/fr\/facons-de-donner\/\"},{\"@type\":\"ListItem\",\"position\":3,\"name\":\"Collectes de fonds et \u00e9v\u00e9nements\"}]},{\"@type\":\"WebSite\",\"@id\":\"https:\/\/hgmhfoundation.org\/fr\/#website\",\"url\":\"https:\/\/hgmhfoundation.org\/fr\/\",\"name\":\"Glengarry Memorial Hospital Foundation\",\"description\":\"\",\"potentialAction\":[{\"@type\":\"SearchAction\",\"target\":{\"@type\":\"EntryPoint\",\"urlTemplate\":\"https:\/\/hgmhfoundation.org\/fr\/?s={search_term_string}\"},\"query-input\":{\"@type\":\"PropertyValueSpecification\",\"valueRequired\":true,\"valueName\":\"search_term_string\"}}],\"inLanguage\":\"fr-FR\"}]}<\/script>\n<!-- \/ Yoast SEO plugin. -->","yoast_head_json":{"title":"Collectes de fonds et \u00e9v\u00e9nements - Glengarry Memorial Hospital Foundation","robots":{"index":"index","follow":"follow","max-snippet":"max-snippet:-1","max-image-preview":"max-image-preview:large","max-video-preview":"max-video-preview:-1"},"canonical":"https:\/\/hgmhfoundation.org\/fr\/facons-de-donner\/collectes-de-fonds-et-evenements\/","og_locale":"fr_FR","og_type":"article","og_title":"Collectes de fonds et \u00e9v\u00e9nements - Glengarry Memorial Hospital Foundation","og_description":"Planifiez votre collecte de fonds d\u00e8s aujourd\u2019hui Quand des gens de chez nous prennent l\u2019initiative d\u2019organiser des collectes de fonds, c\u2019est un cadeau inspirant pour tous les participants. L\u2019engagement communautaire g\u00e9n\u00e9r\u00e9 par ces \u00e9v\u00e9nements permet \u00e0 la Fondation de toucher plus de gens et de rencontrer des nouveau amis et donateurs. Laissez-nous vous aider avec [&hellip;]","og_url":"https:\/\/hgmhfoundation.org\/fr\/facons-de-donner\/collectes-de-fonds-et-evenements\/","og_site_name":"Glengarry Memorial Hospital Foundation","article_modified_time":"2026-02-06T20:09:09+00:00","og_image":[{"width":450,"height":450,"url":"https:\/\/hgmhfoundation.org\/wp-content\/uploads\/2026\/02\/HGMH-Washer-Tournament-Ticket-450-x-450-px.png","type":"image\/png"}],"twitter_card":"summary_large_image","twitter_misc":{"Dur\u00e9e de lecture estim\u00e9e":"1 minute"},"schema":{"@context":"https:\/\/schema.org","@graph":[{"@type":"WebPage","@id":"https:\/\/hgmhfoundation.org\/fr\/facons-de-donner\/collectes-de-fonds-et-evenements\/","url":"https:\/\/hgmhfoundation.org\/fr\/facons-de-donner\/collectes-de-fonds-et-evenements\/","name":"Collectes de fonds et \u00e9v\u00e9nements - Glengarry Memorial Hospital Foundation","isPartOf":{"@id":"https:\/\/hgmhfoundation.org\/fr\/#website"},"primaryImageOfPage":{"@id":"https:\/\/hgmhfoundation.org\/fr\/facons-de-donner\/collectes-de-fonds-et-evenements\/#primaryimage"},"image":{"@id":"https:\/\/hgmhfoundation.org\/fr\/facons-de-donner\/collectes-de-fonds-et-evenements\/#primaryimage"},"thumbnailUrl":"https:\/\/hgmhfoundation.org\/wp-content\/uploads\/2026\/02\/HGMH-Washer-Tournament-Ticket-450-x-450-px.png","datePublished":"2025-05-01T17:14:13+00:00","dateModified":"2026-02-06T20:09:09+00:00","breadcrumb":{"@id":"https:\/\/hgmhfoundation.org\/fr\/facons-de-donner\/collectes-de-fonds-et-evenements\/#breadcrumb"},"inLanguage":"fr-FR","potentialAction":[{"@type":"ReadAction","target":["https:\/\/hgmhfoundation.org\/fr\/facons-de-donner\/collectes-de-fonds-et-evenements\/"]}]},{"@type":"ImageObject","inLanguage":"fr-FR","@id":"https:\/\/hgmhfoundation.org\/fr\/facons-de-donner\/collectes-de-fonds-et-evenements\/#primaryimage","url":"https:\/\/hgmhfoundation.org\/wp-content\/uploads\/2026\/02\/HGMH-Washer-Tournament-Ticket-450-x-450-px.png","contentUrl":"https:\/\/hgmhfoundation.org\/wp-content\/uploads\/2026\/02\/HGMH-Washer-Tournament-Ticket-450-x-450-px.png"},{"@type":"BreadcrumbList","@id":"https:\/\/hgmhfoundation.org\/fr\/facons-de-donner\/collectes-de-fonds-et-evenements\/#breadcrumb","itemListElement":[{"@type":"ListItem","position":1,"name":"Home","item":"https:\/\/hgmhfoundation.org\/fr\/"},{"@type":"ListItem","position":2,"name":"Fa\u00e7ons de donner","item":"https:\/\/hgmhfoundation.org\/fr\/facons-de-donner\/"},{"@type":"ListItem","position":3,"name":"Collectes de fonds et \u00e9v\u00e9nements"}]},{"@type":"WebSite","@id":"https:\/\/hgmhfoundation.org\/fr\/#website","url":"https:\/\/hgmhfoundation.org\/fr\/","name":"Glengarry Memorial Hospital Foundation","description":"","potentialAction":[{"@type":"SearchAction","target":{"@type":"EntryPoint","urlTemplate":"https:\/\/hgmhfoundation.org\/fr\/?s={search_term_string}"},"query-input":{"@type":"PropertyValueSpecification","valueRequired":true,"valueName":"search_term_string"}}],"inLanguage":"fr-FR"}]}},"_links":{"self":[{"href":"https:\/\/hgmhfoundation.org\/fr\/wp-json\/wp\/v2\/pages\/927","targetHints":{"allow":["GET"]}}],"collection":[{"href":"https:\/\/hgmhfoundation.org\/fr\/wp-json\/wp\/v2\/pages"}],"about":[{"href":"https:\/\/hgmhfoundation.org\/fr\/wp-json\/wp\/v2\/types\/page"}],"author":[{"embeddable":true,"href":"https:\/\/hgmhfoundation.org\/fr\/wp-json\/wp\/v2\/users\/2"}],"replies":[{"embeddable":true,"href":"https:\/\/hgmhfoundation.org\/fr\/wp-json\/wp\/v2\/comments?post=927"}],"version-history":[{"count":6,"href":"https:\/\/hgmhfoundation.org\/fr\/wp-json\/wp\/v2\/pages\/927\/revisions"}],"predecessor-version":[{"id":1595,"href":"https:\/\/hgmhfoundation.org\/fr\/wp-json\/wp\/v2\/pages\/927\/revisions\/1595"}],"up":[{"embeddable":true,"href":"https:\/\/hgmhfoundation.org\/fr\/wp-json\/wp\/v2\/pages\/922"}],"wp:attachment":[{"href":"https:\/\/hgmhfoundation.org\/fr\/wp-json\/wp\/v2\/media?parent=927"}],"curies":[{"name":"wp","href":"https:\/\/api.w.org\/{rel}","templated":true}]}}