{"id":930,"date":"2025-04-29T20:26:33","date_gmt":"2025-04-29T20:26:33","guid":{"rendered":"https:\/\/hgmhfoundation.org\/histoires-de-lhopital\/"},"modified":"2025-06-27T12:29:39","modified_gmt":"2025-06-27T12:29:39","slug":"histoires-de-lhopital","status":"publish","type":"page","link":"https:\/\/hgmhfoundation.org\/fr\/histoires-de-lhopital\/","title":{"rendered":"Histoires de l\u2019H\u00f4pital"},"content":{"rendered":"\n<p>Pourquoi les donateurs de l\u2019H\u00f4pital Glengarry Memorial tiennent-ils autant \u00e0 donner? Qu\u2019est-ce qui rend notre h\u00f4pital si sp\u00e9cial aux yeux de nos m\u00e9decins, infirmi\u00e8res et autre professionnel de la sant\u00e9? Quelle est notre histoire selon ceux qui la vivent au quotidien.  <\/p>\n\n<div style=\"height:1px\" aria-hidden=\"true\" class=\"wp-block-spacer\"><\/div>\n<!DOCTYPE html>\n<html><head><meta charset=\"UTF-8\"><\/head><body>\n<div class=\"wp-block-query is-layout-flow wp-block-query-is-layout-flow\"><ul style=\"padding-bottom:0;padding-top:0;padding-left:0;padding-right:0;\" class=\"wp-block-post-template is-layout-flow wp-block-post-template-is-layout-flow\"><li class=\"wp-block-post post-909 post type-post status-publish format-standard has-post-thumbnail hentry category-histoires-de-docteur tag-2025-fr fade-up fade-up-2\">\n\n<div class=\"wp-block-columns is-layout-flex wp-container-core-columns-is-layout-e6f27d69 wp-block-columns-is-layout-flex\" style=\"padding-bottom:var(--wp--preset--spacing--30)\">\n<div class=\"wp-block-column is-layout-flow wp-block-column-is-layout-flow\" style=\"padding-right:0\"><figure style=\"padding-right:0;padding-left:0;padding-top:0;padding-bottom:0;\" class=\"wp-block-post-featured-image\"><img decoding=\"async\" width=\"533\" height=\"304\" data-src=\"https:\/\/hgmhfoundation.org\/wp-content\/uploads\/2025\/04\/MG_4260.png\" class=\"attachment-full size-full wp-post-image lazyload\" alt=\"\" style=\"--smush-placeholder-width: 533px; --smush-placeholder-aspect-ratio: 533\/304;object-fit:cover;\" data-srcset=\"https:\/\/hgmhfoundation.org\/wp-content\/uploads\/2025\/04\/MG_4260.png 533w, https:\/\/hgmhfoundation.org\/wp-content\/uploads\/2025\/04\/MG_4260-300x171.png 300w\" data-sizes=\"(max-width: 533px) 100vw, 533px\" src=\"data:image\/svg+xml;base64,PHN2ZyB3aWR0aD0iMSIgaGVpZ2h0PSIxIiB4bWxucz0iaHR0cDovL3d3dy53My5vcmcvMjAwMC9zdmciPjwvc3ZnPg==\"><\/figure><\/div>\n\n\n\n<div class=\"wp-block-column is-layout-flow wp-block-column-is-layout-flow\" style=\"padding-top:0;padding-right:0;padding-bottom:0;padding-left:0\"><h2 style=\"padding-top:var(--wp--preset--spacing--60);\" class=\"wp-block-post-title\">Dr. Sara Farmer<\/h2>\n\n<div class=\"wp-block-post-excerpt\"><p class=\"wp-block-post-excerpt__excerpt\">Dre Sara Farmer a grandi &agrave; Richmond Hill, au nord de Toronto, et a fait sa r&eacute;sidence &agrave; Ottawa. Aujourd&rsquo;hui, elle est urgentologue &agrave; l&rsquo;H&ocirc;pital Glengarry Memorial. Et elle &eacute;l&egrave;ve des poules. <\/p><\/div>\n\n<a class=\"wp-block-read-more\" href=\"https:\/\/hgmhfoundation.org\/fr\/dr-sara-farmer\/\" target=\"_self\">Lire la suite<span class=\"screen-reader-text\">&nbsp;: Dr. Sara Farmer<\/span><\/a><\/div>\n<\/div>\n\n<\/li><li class=\"wp-block-post post-907 post type-post status-publish format-standard has-post-thumbnail hentry category-histoires-de-donateurs tag-2025-fr fade-up fade-up-3\">\n\n<div class=\"wp-block-columns is-layout-flex wp-container-core-columns-is-layout-e6f27d69 wp-block-columns-is-layout-flex\" style=\"padding-bottom:var(--wp--preset--spacing--30)\">\n<div class=\"wp-block-column is-layout-flow wp-block-column-is-layout-flow\" style=\"padding-right:0\"><figure style=\"padding-right:0;padding-left:0;padding-top:0;padding-bottom:0;\" class=\"wp-block-post-featured-image\"><img decoding=\"async\" width=\"533\" height=\"304\" data-src=\"https:\/\/hgmhfoundation.org\/wp-content\/uploads\/2025\/04\/MG_3221.png\" class=\"attachment-full size-full wp-post-image lazyload\" alt=\"\" style=\"--smush-placeholder-width: 533px; --smush-placeholder-aspect-ratio: 533\/304;object-fit:cover;\" data-srcset=\"https:\/\/hgmhfoundation.org\/wp-content\/uploads\/2025\/04\/MG_3221.png 533w, https:\/\/hgmhfoundation.org\/wp-content\/uploads\/2025\/04\/MG_3221-300x171.png 300w\" data-sizes=\"(max-width: 533px) 100vw, 533px\" src=\"data:image\/svg+xml;base64,PHN2ZyB3aWR0aD0iMSIgaGVpZ2h0PSIxIiB4bWxucz0iaHR0cDovL3d3dy53My5vcmcvMjAwMC9zdmciPjwvc3ZnPg==\"><\/figure><\/div>\n\n\n\n<div class=\"wp-block-column is-layout-flow wp-block-column-is-layout-flow\" style=\"padding-top:0;padding-right:0;padding-bottom:0;padding-left:0\"><h2 style=\"padding-top:var(--wp--preset--spacing--60);\" class=\"wp-block-post-title\">Darlene Shepherd<\/h2>\n\n<div class=\"wp-block-post-excerpt\"><p class=\"wp-block-post-excerpt__excerpt\">Darlene Shepherd habite &agrave; Alexandria depuis son enfance et elle n&rsquo;a jamais song&eacute; &agrave; partir. Elle a travaill&eacute; pour Glengarry Transport et la Sant&eacute; publique, puis pendant 14 ans chez Alexandria Moulding, o&ugrave; elle occupait le poste de chef de l&rsquo;information (CIO). Aujourd&rsquo;hui, elle est une alli&eacute;e pr&eacute;cieuse et donatrice de l&rsquo;h&ocirc;pital, et ce, pour&hellip; <\/p><\/div>\n\n<a class=\"wp-block-read-more\" href=\"https:\/\/hgmhfoundation.org\/fr\/darlene-shepherd\/\" target=\"_self\">Lire la suite<span class=\"screen-reader-text\">&nbsp;: Darlene Shepherd<\/span><\/a><\/div>\n<\/div>\n\n<\/li><li class=\"wp-block-post post-911 post type-post status-publish format-standard has-post-thumbnail hentry category-histoires-du-personnel tag-2025-fr fade-up fade-up-4\">\n\n<div class=\"wp-block-columns is-layout-flex wp-container-core-columns-is-layout-e6f27d69 wp-block-columns-is-layout-flex\" style=\"padding-bottom:var(--wp--preset--spacing--30)\">\n<div class=\"wp-block-column is-layout-flow wp-block-column-is-layout-flow\" style=\"padding-right:0\"><figure style=\"padding-right:0;padding-left:0;padding-top:0;padding-bottom:0;\" class=\"wp-block-post-featured-image\"><img decoding=\"async\" width=\"1066\" height=\"608\" data-src=\"https:\/\/hgmhfoundation.org\/wp-content\/uploads\/2025\/04\/MG_3488@2x.png\" class=\"attachment-full size-full wp-post-image lazyload\" alt=\"\" style=\"--smush-placeholder-width: 1066px; --smush-placeholder-aspect-ratio: 1066\/608;object-fit:cover;\" data-srcset=\"https:\/\/hgmhfoundation.org\/wp-content\/uploads\/2025\/04\/MG_3488@2x.png 1066w, https:\/\/hgmhfoundation.org\/wp-content\/uploads\/2025\/04\/MG_3488@2x-300x171.png 300w, https:\/\/hgmhfoundation.org\/wp-content\/uploads\/2025\/04\/MG_3488@2x-1024x584.png 1024w, https:\/\/hgmhfoundation.org\/wp-content\/uploads\/2025\/04\/MG_3488@2x-768x438.png 768w\" data-sizes=\"(max-width: 1066px) 100vw, 1066px\" src=\"data:image\/svg+xml;base64,PHN2ZyB3aWR0aD0iMSIgaGVpZ2h0PSIxIiB4bWxucz0iaHR0cDovL3d3dy53My5vcmcvMjAwMC9zdmciPjwvc3ZnPg==\"><\/figure><\/div>\n\n\n\n<div class=\"wp-block-column is-layout-flow wp-block-column-is-layout-flow\" style=\"padding-top:0;padding-right:0;padding-bottom:0;padding-left:0\"><h2 style=\"padding-top:var(--wp--preset--spacing--60);\" class=\"wp-block-post-title\">Jessica Duperron<\/h2>\n\n<div class=\"wp-block-post-excerpt\"><p class=\"wp-block-post-excerpt__excerpt\">&laquo; Je suis techologue en radiation m&eacute;dicale &raquo;, dit Jessica, native de Glengarry. Ce qu&rsquo;elle aime ici, c&rsquo;est l&rsquo;entraide. Et en tant que &laquo; les yeux de la m&eacute;decine &raquo;, elle adore utiliser la technologie pour aider les m&eacute;decins &agrave; poser des diagnostics. <\/p><\/div>\n\n<a class=\"wp-block-read-more\" href=\"https:\/\/hgmhfoundation.org\/fr\/jessica-duperron\/\" target=\"_self\">Lire la suite<span class=\"screen-reader-text\">&nbsp;: Jessica Duperron<\/span><\/a><\/div>\n<\/div>\n\n<\/li><li class=\"wp-block-post post-891 post type-post status-publish format-standard has-post-thumbnail hentry category-histoires-de-donateurs tag-2025-fr fade-up fade-up-5\">\n\n<div class=\"wp-block-columns is-layout-flex wp-container-core-columns-is-layout-e6f27d69 wp-block-columns-is-layout-flex\" style=\"padding-bottom:var(--wp--preset--spacing--30)\">\n<div class=\"wp-block-column is-layout-flow wp-block-column-is-layout-flow\" style=\"padding-right:0\"><figure style=\"padding-right:0;padding-left:0;padding-top:0;padding-bottom:0;\" class=\"wp-block-post-featured-image\"><img decoding=\"async\" width=\"800\" height=\"533\" data-src=\"https:\/\/hgmhfoundation.org\/wp-content\/uploads\/2025\/05\/SMHF_Zach-Headshot.jpg\" class=\"attachment-full size-full wp-post-image lazyload\" alt=\"\" style=\"--smush-placeholder-width: 800px; --smush-placeholder-aspect-ratio: 800\/533;object-fit:cover;\" data-srcset=\"https:\/\/hgmhfoundation.org\/wp-content\/uploads\/2025\/05\/SMHF_Zach-Headshot.jpg 800w, https:\/\/hgmhfoundation.org\/wp-content\/uploads\/2025\/05\/SMHF_Zach-Headshot-300x200.jpg 300w, https:\/\/hgmhfoundation.org\/wp-content\/uploads\/2025\/05\/SMHF_Zach-Headshot-768x512.jpg 768w\" data-sizes=\"(max-width: 800px) 100vw, 800px\" src=\"data:image\/svg+xml;base64,PHN2ZyB3aWR0aD0iMSIgaGVpZ2h0PSIxIiB4bWxucz0iaHR0cDovL3d3dy53My5vcmcvMjAwMC9zdmciPjwvc3ZnPg==\"><\/figure><\/div>\n\n\n\n<div class=\"wp-block-column is-layout-flow wp-block-column-is-layout-flow\" style=\"padding-top:0;padding-right:0;padding-bottom:0;padding-left:0\"><h2 style=\"padding-top:var(--wp--preset--spacing--60);\" class=\"wp-block-post-title\">Zach Chenier<\/h2>\n\n<div class=\"wp-block-post-excerpt\"><p class=\"wp-block-post-excerpt__excerpt\">Avoir un h&ocirc;pital bien &eacute;quip&eacute; &agrave; proximit&eacute;, c&rsquo;est aussi avantageux pour les propri&eacute;taires d&rsquo;entreprises. D&eacute;couvrez pourquoi l&rsquo;entrepreneur local Zach Chenier a organis&eacute; &laquo; une f&ecirc;te &raquo; pour l&rsquo;h&ocirc;pital l&rsquo;ann&eacute;e derni&egrave;re et pr&eacute;voit un &eacute;v&eacute;nement encore plus grand cette ann&eacute;e. <\/p><\/div>\n\n<a class=\"wp-block-read-more\" href=\"https:\/\/hgmhfoundation.org\/fr\/zach-chenier\/\" target=\"_self\">Lire la suite<span class=\"screen-reader-text\">&nbsp;: Zach Chenier<\/span><\/a><\/div>\n<\/div>\n\n<\/li><\/ul><\/div>\n<\/body><\/html>\n\n<div class=\"wp-block-group alignwide has-white-color has-secondary-background-color has-text-color has-background has-link-color wp-elements-d84bee3cc60c4278918d42d7b896f17d has-global-padding is-layout-constrained wp-block-group-is-layout-constrained\">\n<h2 class=\"wp-block-heading has-text-align-center fade-up has-white-color has-text-color has-link-color has-fira-sans-font-family wp-elements-f26b317d1dd7eb796ba8145aca9b8023\" style=\"font-style:normal;font-weight:400\">Chaque seconde offerte par nos b\u00e9n\u00e9voles fait une vraie diff\u00e9rence.<\/h2>\n\n\n\n<p class=\"has-text-align-center fade-up has-white-color has-text-color has-link-color wp-elements-f52b53d46f4b5e3a57ee080a19bf7cc9\">Votre engagement amplifie les efforts de la Fondation de notre h\u00f4pital, all\u00e9geant et enrichissant notre travail.<\/p>\n\n\n\n<p class=\"has-text-align-center fade-up has-white-color has-text-color has-link-color wp-elements-95439a9a3ffd6bebbeb96b9cc28c3ea3\" style=\"margin-top:var(--wp--preset--spacing--30);padding-top:0;padding-bottom:0\"><strong>D\u00e9couvrez comment vous pouvez utiliser votre temps pour aider notre communaut\u00e9.<\/strong><\/p>\n\n\n\n<div class=\"wp-block-buttons fade-up is-content-justification-center is-layout-flex wp-container-core-buttons-is-layout-a89b3969 wp-block-buttons-is-layout-flex\">\n<div class=\"wp-block-button donate-btn\"><a class=\"wp-block-button__link wp-element-button\" href=\"https:\/\/give-can.keela.co\/Hgmhfoundation\" target=\"_blank\" rel=\"noreferrer noopener\">FAIRE UN DON<\/a><\/div>\n<\/div>\n<\/div>\n","protected":false},"excerpt":{"rendered":"<p>Pourquoi les donateurs de l\u2019H\u00f4pital Glengarry Memorial tiennent-ils autant \u00e0 donner? Qu\u2019est-ce qui rend notre h\u00f4pital si sp\u00e9cial aux yeux de nos m\u00e9decins, infirmi\u00e8res et autre professionnel de la sant\u00e9? Quelle est notre histoire selon ceux qui la vivent au quotidien.<\/p>\n","protected":false},"author":2,"featured_media":1241,"parent":0,"menu_order":0,"comment_status":"closed","ping_status":"closed","template":"","meta":{"_acf_changed":false,"inline_featured_image":false,"footnotes":""},"class_list":["post-930","page","type-page","status-publish","has-post-thumbnail","hentry"],"acf":[],"yoast_head":"<!-- This site is optimized with the Yoast SEO plugin v25.3.1 - https:\/\/yoast.com\/wordpress\/plugins\/seo\/ -->\n<title>Histoires de l\u2019H\u00f4pital - Glengarry Memorial Hospital Foundation<\/title>\n<meta name=\"robots\" content=\"index, follow, max-snippet:-1, max-image-preview:large, max-video-preview:-1\" \/>\n<link rel=\"canonical\" href=\"https:\/\/hgmhfoundation.org\/fr\/histoires-de-lhopital\/\" \/>\n<meta property=\"og:locale\" content=\"fr_FR\" \/>\n<meta property=\"og:type\" content=\"article\" \/>\n<meta property=\"og:title\" content=\"Histoires de l\u2019H\u00f4pital - Glengarry Memorial Hospital Foundation\" \/>\n<meta property=\"og:description\" content=\"Pourquoi les donateurs de l\u2019H\u00f4pital Glengarry Memorial tiennent-ils autant \u00e0 donner? Qu\u2019est-ce qui rend notre h\u00f4pital si sp\u00e9cial aux yeux de nos m\u00e9decins, infirmi\u00e8res et autre professionnel de la sant\u00e9? Quelle est notre histoire selon ceux qui la vivent au quotidien.\" \/>\n<meta property=\"og:url\" content=\"https:\/\/hgmhfoundation.org\/fr\/histoires-de-lhopital\/\" \/>\n<meta property=\"og:site_name\" content=\"Glengarry Memorial Hospital Foundation\" \/>\n<meta property=\"article:modified_time\" content=\"2025-06-27T12:29:39+00:00\" \/>\n<meta property=\"og:image\" content=\"https:\/\/hgmhfoundation.org\/wp-content\/uploads\/2025\/06\/doctor.jpg\" \/>\n\t<meta property=\"og:image:width\" content=\"1920\" \/>\n\t<meta property=\"og:image:height\" content=\"302\" \/>\n\t<meta property=\"og:image:type\" content=\"image\/jpeg\" \/>\n<meta name=\"twitter:card\" content=\"summary_large_image\" \/>\n<script type=\"application\/ld+json\" class=\"yoast-schema-graph\">{\"@context\":\"https:\/\/schema.org\",\"@graph\":[{\"@type\":\"WebPage\",\"@id\":\"https:\/\/hgmhfoundation.org\/fr\/histoires-de-lhopital\/\",\"url\":\"https:\/\/hgmhfoundation.org\/fr\/histoires-de-lhopital\/\",\"name\":\"Histoires de l\u2019H\u00f4pital - Glengarry Memorial Hospital Foundation\",\"isPartOf\":{\"@id\":\"https:\/\/hgmhfoundation.org\/fr\/#website\"},\"primaryImageOfPage\":{\"@id\":\"https:\/\/hgmhfoundation.org\/fr\/histoires-de-lhopital\/#primaryimage\"},\"image\":{\"@id\":\"https:\/\/hgmhfoundation.org\/fr\/histoires-de-lhopital\/#primaryimage\"},\"thumbnailUrl\":\"https:\/\/hgmhfoundation.org\/wp-content\/uploads\/2025\/06\/doctor.jpg\",\"datePublished\":\"2025-04-29T20:26:33+00:00\",\"dateModified\":\"2025-06-27T12:29:39+00:00\",\"breadcrumb\":{\"@id\":\"https:\/\/hgmhfoundation.org\/fr\/histoires-de-lhopital\/#breadcrumb\"},\"inLanguage\":\"fr-FR\",\"potentialAction\":[{\"@type\":\"ReadAction\",\"target\":[\"https:\/\/hgmhfoundation.org\/fr\/histoires-de-lhopital\/\"]}]},{\"@type\":\"ImageObject\",\"inLanguage\":\"fr-FR\",\"@id\":\"https:\/\/hgmhfoundation.org\/fr\/histoires-de-lhopital\/#primaryimage\",\"url\":\"https:\/\/hgmhfoundation.org\/wp-content\/uploads\/2025\/06\/doctor.jpg\",\"contentUrl\":\"https:\/\/hgmhfoundation.org\/wp-content\/uploads\/2025\/06\/doctor.jpg\",\"width\":1920,\"height\":302},{\"@type\":\"BreadcrumbList\",\"@id\":\"https:\/\/hgmhfoundation.org\/fr\/histoires-de-lhopital\/#breadcrumb\",\"itemListElement\":[{\"@type\":\"ListItem\",\"position\":1,\"name\":\"Home\",\"item\":\"https:\/\/hgmhfoundation.org\/fr\/\"},{\"@type\":\"ListItem\",\"position\":2,\"name\":\"Histoires de l\u2019H\u00f4pital\"}]},{\"@type\":\"WebSite\",\"@id\":\"https:\/\/hgmhfoundation.org\/fr\/#website\",\"url\":\"https:\/\/hgmhfoundation.org\/fr\/\",\"name\":\"Glengarry Memorial Hospital Foundation\",\"description\":\"\",\"potentialAction\":[{\"@type\":\"SearchAction\",\"target\":{\"@type\":\"EntryPoint\",\"urlTemplate\":\"https:\/\/hgmhfoundation.org\/fr\/?s={search_term_string}\"},\"query-input\":{\"@type\":\"PropertyValueSpecification\",\"valueRequired\":true,\"valueName\":\"search_term_string\"}}],\"inLanguage\":\"fr-FR\"}]}<\/script>\n<!-- \/ Yoast SEO plugin. -->","yoast_head_json":{"title":"Histoires de l\u2019H\u00f4pital - Glengarry Memorial Hospital Foundation","robots":{"index":"index","follow":"follow","max-snippet":"max-snippet:-1","max-image-preview":"max-image-preview:large","max-video-preview":"max-video-preview:-1"},"canonical":"https:\/\/hgmhfoundation.org\/fr\/histoires-de-lhopital\/","og_locale":"fr_FR","og_type":"article","og_title":"Histoires de l\u2019H\u00f4pital - Glengarry Memorial Hospital Foundation","og_description":"Pourquoi les donateurs de l\u2019H\u00f4pital Glengarry Memorial tiennent-ils autant \u00e0 donner? Qu\u2019est-ce qui rend notre h\u00f4pital si sp\u00e9cial aux yeux de nos m\u00e9decins, infirmi\u00e8res et autre professionnel de la sant\u00e9? Quelle est notre histoire selon ceux qui la vivent au quotidien.","og_url":"https:\/\/hgmhfoundation.org\/fr\/histoires-de-lhopital\/","og_site_name":"Glengarry Memorial Hospital Foundation","article_modified_time":"2025-06-27T12:29:39+00:00","og_image":[{"width":1920,"height":302,"url":"https:\/\/hgmhfoundation.org\/wp-content\/uploads\/2025\/06\/doctor.jpg","type":"image\/jpeg"}],"twitter_card":"summary_large_image","schema":{"@context":"https:\/\/schema.org","@graph":[{"@type":"WebPage","@id":"https:\/\/hgmhfoundation.org\/fr\/histoires-de-lhopital\/","url":"https:\/\/hgmhfoundation.org\/fr\/histoires-de-lhopital\/","name":"Histoires de l\u2019H\u00f4pital - Glengarry Memorial Hospital Foundation","isPartOf":{"@id":"https:\/\/hgmhfoundation.org\/fr\/#website"},"primaryImageOfPage":{"@id":"https:\/\/hgmhfoundation.org\/fr\/histoires-de-lhopital\/#primaryimage"},"image":{"@id":"https:\/\/hgmhfoundation.org\/fr\/histoires-de-lhopital\/#primaryimage"},"thumbnailUrl":"https:\/\/hgmhfoundation.org\/wp-content\/uploads\/2025\/06\/doctor.jpg","datePublished":"2025-04-29T20:26:33+00:00","dateModified":"2025-06-27T12:29:39+00:00","breadcrumb":{"@id":"https:\/\/hgmhfoundation.org\/fr\/histoires-de-lhopital\/#breadcrumb"},"inLanguage":"fr-FR","potentialAction":[{"@type":"ReadAction","target":["https:\/\/hgmhfoundation.org\/fr\/histoires-de-lhopital\/"]}]},{"@type":"ImageObject","inLanguage":"fr-FR","@id":"https:\/\/hgmhfoundation.org\/fr\/histoires-de-lhopital\/#primaryimage","url":"https:\/\/hgmhfoundation.org\/wp-content\/uploads\/2025\/06\/doctor.jpg","contentUrl":"https:\/\/hgmhfoundation.org\/wp-content\/uploads\/2025\/06\/doctor.jpg","width":1920,"height":302},{"@type":"BreadcrumbList","@id":"https:\/\/hgmhfoundation.org\/fr\/histoires-de-lhopital\/#breadcrumb","itemListElement":[{"@type":"ListItem","position":1,"name":"Home","item":"https:\/\/hgmhfoundation.org\/fr\/"},{"@type":"ListItem","position":2,"name":"Histoires de l\u2019H\u00f4pital"}]},{"@type":"WebSite","@id":"https:\/\/hgmhfoundation.org\/fr\/#website","url":"https:\/\/hgmhfoundation.org\/fr\/","name":"Glengarry Memorial Hospital Foundation","description":"","potentialAction":[{"@type":"SearchAction","target":{"@type":"EntryPoint","urlTemplate":"https:\/\/hgmhfoundation.org\/fr\/?s={search_term_string}"},"query-input":{"@type":"PropertyValueSpecification","valueRequired":true,"valueName":"search_term_string"}}],"inLanguage":"fr-FR"}]}},"_links":{"self":[{"href":"https:\/\/hgmhfoundation.org\/fr\/wp-json\/wp\/v2\/pages\/930","targetHints":{"allow":["GET"]}}],"collection":[{"href":"https:\/\/hgmhfoundation.org\/fr\/wp-json\/wp\/v2\/pages"}],"about":[{"href":"https:\/\/hgmhfoundation.org\/fr\/wp-json\/wp\/v2\/types\/page"}],"author":[{"embeddable":true,"href":"https:\/\/hgmhfoundation.org\/fr\/wp-json\/wp\/v2\/users\/2"}],"replies":[{"embeddable":true,"href":"https:\/\/hgmhfoundation.org\/fr\/wp-json\/wp\/v2\/comments?post=930"}],"version-history":[{"count":1,"href":"https:\/\/hgmhfoundation.org\/fr\/wp-json\/wp\/v2\/pages\/930\/revisions"}],"predecessor-version":[{"id":931,"href":"https:\/\/hgmhfoundation.org\/fr\/wp-json\/wp\/v2\/pages\/930\/revisions\/931"}],"wp:featuredmedia":[{"embeddable":true,"href":"https:\/\/hgmhfoundation.org\/fr\/wp-json\/wp\/v2\/media\/1241"}],"wp:attachment":[{"href":"https:\/\/hgmhfoundation.org\/fr\/wp-json\/wp\/v2\/media?parent=930"}],"curies":[{"name":"wp","href":"https:\/\/api.w.org\/{rel}","templated":true}]}}