{"id":932,"date":"2025-04-30T20:54:51","date_gmt":"2025-04-30T20:54:51","guid":{"rendered":"https:\/\/hgmhfoundation.org\/impact\/"},"modified":"2025-06-27T18:23:20","modified_gmt":"2025-06-27T18:23:20","slug":"impact","status":"publish","type":"page","link":"https:\/\/hgmhfoundation.org\/fr\/impact\/","title":{"rendered":"Impact"},"content":{"rendered":"\n<p>Chaque dollar donn\u00e9 \u00e0 notre h\u00f4pital local est un dollar qui sert \u00e0 soigner d&rsquo;autres familles, amis, voisins et coll\u00e8gues de Glengarry et des communaut\u00e9s environnantes. Faire un don ici est l&rsquo;impact le plus significatif que vous puissiez avoir pour le bien de notre communaut\u00e9. Donner ici, c&rsquo;est faire la plus grande diff\u00e9rence pour le plus grand nombre de personnes. Prenez le temps de mieux conna\u00eetre votre h\u00f4pital. Et donnez. Ainsi, nous pourrons tous \u00eatre des gu\u00e9risseurs \u00e0 notre mani\u00e8re.     <\/p>\n\n\n\n<div class=\"wp-block-columns is-layout-flex wp-container-core-columns-is-layout-28f84493 wp-block-columns-is-layout-flex\">\n<div class=\"wp-block-column is-layout-flow wp-block-column-is-layout-flow\">\n<figure class=\"wp-block-embed is-type-video is-provider-vimeo wp-block-embed-vimeo\"><div class=\"wp-block-embed__wrapper\">\n<iframe title=\"HGMH 2025 CT Scanner Campaign_Final FR\" data-src=\"https:\/\/player.vimeo.com\/video\/1096965836?h=9385ff93b7&amp;dnt=1&amp;app_id=122963\" width=\"500\" height=\"281\" frameborder=\"0\" allow=\"autoplay; fullscreen; picture-in-picture; clipboard-write; encrypted-media; web-share\" src=\"data:image\/svg+xml;base64,PHN2ZyB3aWR0aD0iMSIgaGVpZ2h0PSIxIiB4bWxucz0iaHR0cDovL3d3dy53My5vcmcvMjAwMC9zdmciPjwvc3ZnPg==\" class=\"lazyload\" data-load-mode=\"1\"><\/iframe>\n<\/div><\/figure>\n<\/div>\n\n\n\n<div class=\"wp-block-column is-layout-flow wp-block-column-is-layout-flow\" style=\"padding-left:var(--wp--preset--spacing--60)\">\n<h2 class=\"wp-block-heading\">La Campagne pour notre nouveau CT scan<\/h2>\n\n\n\n<p>Am\u00e9liorer le diagnostic et le traitement, de meilleurs r\u00e9sultats &#8211; moins de stress et de d\u00e9placements pour les patients, de meilleurs r\u00e9sultats. L&rsquo;H\u00f4pital m\u00e9morial de Glengarry a \u00e9t\u00e9 approuv\u00e9 pour un nouveau CT Scanner. Maintenant, nous avons besoin de vos dons pour le rendre possible.  <\/p>\n\n\n\n<div class=\"wp-block-buttons is-layout-flex wp-block-buttons-is-layout-flex\">\n<div class=\"wp-block-button is-style-neutral is-style-neutral--1\"><a class=\"wp-block-button__link wp-element-button\" href=\"https:\/\/hgmhfoundation.org\/impact\/la-campagne-pour-notre-nouveau-scanner\/?lang=fr\">EN SAVOIR PLUS<\/a><\/div>\n<\/div>\n<\/div>\n<\/div>\n\n\n\n<div class=\"wp-block-columns is-layout-flex wp-container-core-columns-is-layout-28f84493 wp-block-columns-is-layout-flex\">\n<div class=\"wp-block-column is-layout-flow wp-block-column-is-layout-flow\" style=\"padding-top:0;padding-right:var(--wp--preset--spacing--60)\">\n<h2 class=\"wp-block-heading\">L\u2019H\u00f4pital Glengarry Memorial \u2013 Un regard vers demain<\/h2>\n\n\n\n<p>Alors que notre h\u00f4pital c\u00e9l\u00e8bre ses 60 ans, nous planifions et pr\u00e9parons l\u2019avenir de services hospitaliers qui d\u00e9passent largement sa capacit\u00e9 initiale et la fa\u00e7on dont les soins \u00e9taient offerts \u00e0 l\u2019\u00e9poque.<br>Votre h\u00f4pital a un plan \u2014 fond\u00e9 sur les valeurs de passion, de responsabilit\u00e9, de compassion et de travail d\u2019\u00e9quipe. Nous vous invitons \u00e0 consulter notre Plan strat\u00e9gique 2023\u20132028 alors que nous avan\u00e7ons ensemble vers demain.  <\/p>\n\n\n\n<div class=\"wp-block-buttons is-layout-flex wp-block-buttons-is-layout-flex\">\n<div class=\"wp-block-button is-style-neutral is-style-neutral--2\"><a class=\"wp-block-button__link wp-element-button\" href=\"https:\/\/hgmhfoundation.org\/impact\/hopital-glengarry-memorial-demain\/?lang=fr\">EN SAVOIR PLUS<\/a><\/div>\n<\/div>\n<\/div>\n\n\n\n<div class=\"wp-block-column is-layout-flow wp-block-column-is-layout-flow\">\n<figure class=\"wp-block-image size-full\"><img decoding=\"async\" width=\"533\" height=\"304\" data-src=\"https:\/\/hgmhfoundation.org\/wp-content\/uploads\/2025\/05\/MG_4251-1.jpg\" alt=\"\" class=\"wp-image-553 lazyload\" data-srcset=\"https:\/\/hgmhfoundation.org\/wp-content\/uploads\/2025\/05\/MG_4251-1.jpg 533w, https:\/\/hgmhfoundation.org\/wp-content\/uploads\/2025\/05\/MG_4251-1-300x171.jpg 300w\" data-sizes=\"(max-width: 533px) 100vw, 533px\" src=\"data:image\/svg+xml;base64,PHN2ZyB3aWR0aD0iMSIgaGVpZ2h0PSIxIiB4bWxucz0iaHR0cDovL3d3dy53My5vcmcvMjAwMC9zdmciPjwvc3ZnPg==\" style=\"--smush-placeholder-width: 533px; --smush-placeholder-aspect-ratio: 533\/304;\" \/><\/figure>\n<\/div>\n<\/div>\n\n\n\n<p><\/p>\n\n\n\n<div class=\"wp-block-group alignwide has-white-color has-secondary-background-color has-text-color has-background has-link-color wp-elements-d84bee3cc60c4278918d42d7b896f17d has-global-padding is-layout-constrained wp-block-group-is-layout-constrained\">\n<h2 class=\"wp-block-heading has-text-align-center fade-up has-white-color has-text-color has-link-color has-fira-sans-font-family wp-elements-f26b317d1dd7eb796ba8145aca9b8023\" style=\"font-style:normal;font-weight:400\">Chaque seconde offerte par nos b\u00e9n\u00e9voles fait une vraie diff\u00e9rence.<\/h2>\n\n\n\n<p class=\"has-text-align-center fade-up has-white-color has-text-color has-link-color wp-elements-f52b53d46f4b5e3a57ee080a19bf7cc9\">Votre engagement amplifie les efforts de la Fondation de notre h\u00f4pital, all\u00e9geant et enrichissant notre travail.<\/p>\n\n\n\n<p class=\"has-text-align-center fade-up has-white-color has-text-color has-link-color wp-elements-95439a9a3ffd6bebbeb96b9cc28c3ea3\" style=\"margin-top:var(--wp--preset--spacing--30);padding-top:0;padding-bottom:0\"><strong>D\u00e9couvrez comment vous pouvez utiliser votre temps pour aider notre communaut\u00e9.<\/strong><\/p>\n\n\n\n<div class=\"wp-block-buttons fade-up is-content-justification-center is-layout-flex wp-container-core-buttons-is-layout-a89b3969 wp-block-buttons-is-layout-flex\">\n<div class=\"wp-block-button donate-btn\"><a class=\"wp-block-button__link wp-element-button\" href=\"https:\/\/give-can.keela.co\/Hgmhfoundation\" target=\"_blank\" rel=\"noreferrer noopener\">FAIRE UN DON<\/a><\/div>\n<\/div>\n<\/div>\n","protected":false},"excerpt":{"rendered":"<p>Chaque dollar donn\u00e9 \u00e0 notre h\u00f4pital local est un dollar qui sert \u00e0 soigner d&rsquo;autres familles, amis, voisins et coll\u00e8gues de Glengarry et des communaut\u00e9s environnantes. Faire un don ici est l&rsquo;impact le plus significatif que vous puissiez avoir pour le bien de notre communaut\u00e9. Donner ici, c&rsquo;est faire la plus grande diff\u00e9rence pour le [&hellip;]<\/p>\n","protected":false},"author":2,"featured_media":1159,"parent":0,"menu_order":0,"comment_status":"closed","ping_status":"closed","template":"","meta":{"_acf_changed":false,"inline_featured_image":false,"footnotes":""},"class_list":["post-932","page","type-page","status-publish","has-post-thumbnail","hentry"],"acf":[],"yoast_head":"<!-- This site is optimized with the Yoast SEO plugin v25.3.1 - https:\/\/yoast.com\/wordpress\/plugins\/seo\/ -->\n<title>Impact - Glengarry Memorial Hospital Foundation<\/title>\n<meta name=\"robots\" content=\"index, follow, max-snippet:-1, max-image-preview:large, max-video-preview:-1\" \/>\n<link rel=\"canonical\" href=\"https:\/\/hgmhfoundation.org\/fr\/impact\/\" \/>\n<meta property=\"og:locale\" content=\"fr_FR\" \/>\n<meta property=\"og:type\" content=\"article\" \/>\n<meta property=\"og:title\" content=\"Impact - Glengarry Memorial Hospital Foundation\" \/>\n<meta property=\"og:description\" content=\"Chaque dollar donn\u00e9 \u00e0 notre h\u00f4pital local est un dollar qui sert \u00e0 soigner d&rsquo;autres familles, amis, voisins et coll\u00e8gues de Glengarry et des communaut\u00e9s environnantes. Faire un don ici est l&rsquo;impact le plus significatif que vous puissiez avoir pour le bien de notre communaut\u00e9. Donner ici, c&rsquo;est faire la plus grande diff\u00e9rence pour le [&hellip;]\" \/>\n<meta property=\"og:url\" content=\"https:\/\/hgmhfoundation.org\/fr\/impact\/\" \/>\n<meta property=\"og:site_name\" content=\"Glengarry Memorial Hospital Foundation\" \/>\n<meta property=\"article:modified_time\" content=\"2025-06-27T18:23:20+00:00\" \/>\n<meta property=\"og:image\" content=\"https:\/\/hgmhfoundation.org\/wp-content\/uploads\/2025\/06\/ctscanner3.jpg\" \/>\n\t<meta property=\"og:image:width\" content=\"1843\" \/>\n\t<meta property=\"og:image:height\" content=\"320\" \/>\n\t<meta property=\"og:image:type\" content=\"image\/jpeg\" \/>\n<meta name=\"twitter:card\" content=\"summary_large_image\" \/>\n<meta name=\"twitter:label1\" content=\"Dur\u00e9e de lecture estim\u00e9e\" \/>\n\t<meta name=\"twitter:data1\" content=\"2 minutes\" \/>\n<script type=\"application\/ld+json\" class=\"yoast-schema-graph\">{\"@context\":\"https:\/\/schema.org\",\"@graph\":[{\"@type\":\"WebPage\",\"@id\":\"https:\/\/hgmhfoundation.org\/fr\/impact\/\",\"url\":\"https:\/\/hgmhfoundation.org\/fr\/impact\/\",\"name\":\"Impact - Glengarry Memorial Hospital Foundation\",\"isPartOf\":{\"@id\":\"https:\/\/hgmhfoundation.org\/fr\/#website\"},\"primaryImageOfPage\":{\"@id\":\"https:\/\/hgmhfoundation.org\/fr\/impact\/#primaryimage\"},\"image\":{\"@id\":\"https:\/\/hgmhfoundation.org\/fr\/impact\/#primaryimage\"},\"thumbnailUrl\":\"https:\/\/hgmhfoundation.org\/wp-content\/uploads\/2025\/06\/ctscanner3.jpg\",\"datePublished\":\"2025-04-30T20:54:51+00:00\",\"dateModified\":\"2025-06-27T18:23:20+00:00\",\"breadcrumb\":{\"@id\":\"https:\/\/hgmhfoundation.org\/fr\/impact\/#breadcrumb\"},\"inLanguage\":\"fr-FR\",\"potentialAction\":[{\"@type\":\"ReadAction\",\"target\":[\"https:\/\/hgmhfoundation.org\/fr\/impact\/\"]}]},{\"@type\":\"ImageObject\",\"inLanguage\":\"fr-FR\",\"@id\":\"https:\/\/hgmhfoundation.org\/fr\/impact\/#primaryimage\",\"url\":\"https:\/\/hgmhfoundation.org\/wp-content\/uploads\/2025\/06\/ctscanner3.jpg\",\"contentUrl\":\"https:\/\/hgmhfoundation.org\/wp-content\/uploads\/2025\/06\/ctscanner3.jpg\",\"width\":1843,\"height\":320},{\"@type\":\"BreadcrumbList\",\"@id\":\"https:\/\/hgmhfoundation.org\/fr\/impact\/#breadcrumb\",\"itemListElement\":[{\"@type\":\"ListItem\",\"position\":1,\"name\":\"Home\",\"item\":\"https:\/\/hgmhfoundation.org\/fr\/\"},{\"@type\":\"ListItem\",\"position\":2,\"name\":\"Impact\"}]},{\"@type\":\"WebSite\",\"@id\":\"https:\/\/hgmhfoundation.org\/fr\/#website\",\"url\":\"https:\/\/hgmhfoundation.org\/fr\/\",\"name\":\"Glengarry Memorial Hospital Foundation\",\"description\":\"\",\"potentialAction\":[{\"@type\":\"SearchAction\",\"target\":{\"@type\":\"EntryPoint\",\"urlTemplate\":\"https:\/\/hgmhfoundation.org\/fr\/?s={search_term_string}\"},\"query-input\":{\"@type\":\"PropertyValueSpecification\",\"valueRequired\":true,\"valueName\":\"search_term_string\"}}],\"inLanguage\":\"fr-FR\"}]}<\/script>\n<!-- \/ Yoast SEO plugin. -->","yoast_head_json":{"title":"Impact - Glengarry Memorial Hospital Foundation","robots":{"index":"index","follow":"follow","max-snippet":"max-snippet:-1","max-image-preview":"max-image-preview:large","max-video-preview":"max-video-preview:-1"},"canonical":"https:\/\/hgmhfoundation.org\/fr\/impact\/","og_locale":"fr_FR","og_type":"article","og_title":"Impact - Glengarry Memorial Hospital Foundation","og_description":"Chaque dollar donn\u00e9 \u00e0 notre h\u00f4pital local est un dollar qui sert \u00e0 soigner d&rsquo;autres familles, amis, voisins et coll\u00e8gues de Glengarry et des communaut\u00e9s environnantes. Faire un don ici est l&rsquo;impact le plus significatif que vous puissiez avoir pour le bien de notre communaut\u00e9. Donner ici, c&rsquo;est faire la plus grande diff\u00e9rence pour le [&hellip;]","og_url":"https:\/\/hgmhfoundation.org\/fr\/impact\/","og_site_name":"Glengarry Memorial Hospital Foundation","article_modified_time":"2025-06-27T18:23:20+00:00","og_image":[{"width":1843,"height":320,"url":"https:\/\/hgmhfoundation.org\/wp-content\/uploads\/2025\/06\/ctscanner3.jpg","type":"image\/jpeg"}],"twitter_card":"summary_large_image","twitter_misc":{"Dur\u00e9e de lecture estim\u00e9e":"2 minutes"},"schema":{"@context":"https:\/\/schema.org","@graph":[{"@type":"WebPage","@id":"https:\/\/hgmhfoundation.org\/fr\/impact\/","url":"https:\/\/hgmhfoundation.org\/fr\/impact\/","name":"Impact - Glengarry Memorial Hospital Foundation","isPartOf":{"@id":"https:\/\/hgmhfoundation.org\/fr\/#website"},"primaryImageOfPage":{"@id":"https:\/\/hgmhfoundation.org\/fr\/impact\/#primaryimage"},"image":{"@id":"https:\/\/hgmhfoundation.org\/fr\/impact\/#primaryimage"},"thumbnailUrl":"https:\/\/hgmhfoundation.org\/wp-content\/uploads\/2025\/06\/ctscanner3.jpg","datePublished":"2025-04-30T20:54:51+00:00","dateModified":"2025-06-27T18:23:20+00:00","breadcrumb":{"@id":"https:\/\/hgmhfoundation.org\/fr\/impact\/#breadcrumb"},"inLanguage":"fr-FR","potentialAction":[{"@type":"ReadAction","target":["https:\/\/hgmhfoundation.org\/fr\/impact\/"]}]},{"@type":"ImageObject","inLanguage":"fr-FR","@id":"https:\/\/hgmhfoundation.org\/fr\/impact\/#primaryimage","url":"https:\/\/hgmhfoundation.org\/wp-content\/uploads\/2025\/06\/ctscanner3.jpg","contentUrl":"https:\/\/hgmhfoundation.org\/wp-content\/uploads\/2025\/06\/ctscanner3.jpg","width":1843,"height":320},{"@type":"BreadcrumbList","@id":"https:\/\/hgmhfoundation.org\/fr\/impact\/#breadcrumb","itemListElement":[{"@type":"ListItem","position":1,"name":"Home","item":"https:\/\/hgmhfoundation.org\/fr\/"},{"@type":"ListItem","position":2,"name":"Impact"}]},{"@type":"WebSite","@id":"https:\/\/hgmhfoundation.org\/fr\/#website","url":"https:\/\/hgmhfoundation.org\/fr\/","name":"Glengarry Memorial Hospital Foundation","description":"","potentialAction":[{"@type":"SearchAction","target":{"@type":"EntryPoint","urlTemplate":"https:\/\/hgmhfoundation.org\/fr\/?s={search_term_string}"},"query-input":{"@type":"PropertyValueSpecification","valueRequired":true,"valueName":"search_term_string"}}],"inLanguage":"fr-FR"}]}},"_links":{"self":[{"href":"https:\/\/hgmhfoundation.org\/fr\/wp-json\/wp\/v2\/pages\/932","targetHints":{"allow":["GET"]}}],"collection":[{"href":"https:\/\/hgmhfoundation.org\/fr\/wp-json\/wp\/v2\/pages"}],"about":[{"href":"https:\/\/hgmhfoundation.org\/fr\/wp-json\/wp\/v2\/types\/page"}],"author":[{"embeddable":true,"href":"https:\/\/hgmhfoundation.org\/fr\/wp-json\/wp\/v2\/users\/2"}],"replies":[{"embeddable":true,"href":"https:\/\/hgmhfoundation.org\/fr\/wp-json\/wp\/v2\/comments?post=932"}],"version-history":[{"count":8,"href":"https:\/\/hgmhfoundation.org\/fr\/wp-json\/wp\/v2\/pages\/932\/revisions"}],"predecessor-version":[{"id":1280,"href":"https:\/\/hgmhfoundation.org\/fr\/wp-json\/wp\/v2\/pages\/932\/revisions\/1280"}],"wp:featuredmedia":[{"embeddable":true,"href":"https:\/\/hgmhfoundation.org\/fr\/wp-json\/wp\/v2\/media\/1159"}],"wp:attachment":[{"href":"https:\/\/hgmhfoundation.org\/fr\/wp-json\/wp\/v2\/media?parent=932"}],"curies":[{"name":"wp","href":"https:\/\/api.w.org\/{rel}","templated":true}]}}