{"id":939,"date":"2025-04-30T20:55:40","date_gmt":"2025-04-30T20:55:40","guid":{"rendered":"https:\/\/hgmhfoundation.org\/impact\/la-campagne-pour-notre-nouveau-scanner\/"},"modified":"2025-06-26T18:34:44","modified_gmt":"2025-06-26T18:34:44","slug":"la-campagne-pour-notre-nouveau-scanner","status":"publish","type":"page","link":"https:\/\/hgmhfoundation.org\/fr\/impact\/la-campagne-pour-notre-nouveau-scanner\/","title":{"rendered":"La campagne pour notre nouveau scanner"},"content":{"rendered":"\n<h1 class=\"wp-block-heading\">Que va apporter un nouveau CT Scanner \u00e0 notre communaut\u00e9 ?<\/h1>\n\n<figure class=\"wp-block-image size-full\"><img decoding=\"async\" width=\"800\" height=\"400\" data-src=\"https:\/\/hgmhfoundation.org\/wp-content\/uploads\/2025\/06\/ctscanner2.jpg\" alt=\"\" class=\"wp-image-1120 lazyload\" data-srcset=\"https:\/\/hgmhfoundation.org\/wp-content\/uploads\/2025\/06\/ctscanner2.jpg 800w, https:\/\/hgmhfoundation.org\/wp-content\/uploads\/2025\/06\/ctscanner2-300x150.jpg 300w, https:\/\/hgmhfoundation.org\/wp-content\/uploads\/2025\/06\/ctscanner2-768x384.jpg 768w\" data-sizes=\"(max-width: 800px) 100vw, 800px\" src=\"data:image\/svg+xml;base64,PHN2ZyB3aWR0aD0iMSIgaGVpZ2h0PSIxIiB4bWxucz0iaHR0cDovL3d3dy53My5vcmcvMjAwMC9zdmciPjwvc3ZnPg==\" style=\"--smush-placeholder-width: 800px; --smush-placeholder-aspect-ratio: 800\/400;\" \/><\/figure>\n\n<p>La campagne majeure de financement pour le nouveau CT Scanner de l\u2019H\u00f4pital m\u00e9morial de Glengarry est lanc\u00e9e. L\u2019objectif : x,x million de dollars sur les x prochaines ann\u00e9es, plus que nous n\u2019en avons jamais recueilli en une seule fois. Et m\u00eame si cela peut sembler ambitieux, nous savons que c\u2019est possible, simplement parce que c\u2019est n\u00e9cessaire.  <\/p>\n\n<p>Un nouveau CT Scanner aura un impact sur nos services d\u2019urgence, la r\u00e9adaptation, les patients ayant subi un AVC, en fait, sur presque tous les aspects des soins hospitaliers. Il permet des traitements plus pr\u00e9cis, am\u00e9liore les r\u00e9sultats et, oui, cette technologie renforce la capacit\u00e9 de notre \u00e9quipe \u00e0 sauver des vies. <\/p>\n\n<p>Nous sommes tous des gu\u00e9risseurs ici \u00e0 l\u2019H\u00f4pital m\u00e9morial de Glengarry. Joignez-vous \u00e0 nous \u2013 devenez un gu\u00e9risseur et faites un don pour offrir \u00e0 votre \u00e9quipe un bond en avant en imagerie diagnostique et en soins hospitaliers. <\/p>\n\n<div class=\"wp-block-columns is-style-section-1 is-layout-flex wp-container-core-columns-is-layout-28f84493 wp-block-columns-is-layout-flex is-style-section-1--1\">\n<div class=\"wp-block-column is-layout-flow wp-block-column-is-layout-flow\">\n<figure class=\"wp-block-image aligncenter size-large\"><img decoding=\"async\" width=\"72\" height=\"71\" data-src=\"https:\/\/hgmhfoundation.org\/wp-content\/uploads\/2025\/05\/Group-123-1.svg\" alt=\"\" class=\"wp-image-547 lazyload\" src=\"data:image\/svg+xml;base64,PHN2ZyB3aWR0aD0iMSIgaGVpZ2h0PSIxIiB4bWxucz0iaHR0cDovL3d3dy53My5vcmcvMjAwMC9zdmciPjwvc3ZnPg==\" style=\"--smush-placeholder-width: 72px; --smush-placeholder-aspect-ratio: 72\/71;\" \/><\/figure>\n\n\n\n<h3 class=\"wp-block-heading has-text-align-center\" style=\"padding-top:var(--wp--preset--spacing--40)\"><strong>Chaque seconde compte<\/strong><\/h3>\n\n\n\n<p class=\"has-text-align-center\">Avoir acc\u00e8s \u00e0 un CT Scanner de pointe pr\u00e8s de chez soi acc\u00e9l\u00e8re le diagnostic. Et la rapidit\u00e9 sauve des vies. <\/p>\n<\/div>\n\n\n\n<div class=\"wp-block-column is-layout-flow wp-block-column-is-layout-flow\">\n<figure class=\"wp-block-image aligncenter size-large\"><img decoding=\"async\" width=\"72\" height=\"71\" data-src=\"https:\/\/hgmhfoundation.org\/wp-content\/uploads\/2025\/05\/Group-127-1.svg\" alt=\"\" class=\"wp-image-548 lazyload\" src=\"data:image\/svg+xml;base64,PHN2ZyB3aWR0aD0iMSIgaGVpZ2h0PSIxIiB4bWxucz0iaHR0cDovL3d3dy53My5vcmcvMjAwMC9zdmciPjwvc3ZnPg==\" style=\"--smush-placeholder-width: 72px; --smush-placeholder-aspect-ratio: 72\/71;\" \/><\/figure>\n\n\n\n<h3 class=\"wp-block-heading has-text-align-center\" style=\"padding-top:var(--wp--preset--spacing--40)\"><strong>Voir clairement, c\u2019est essentiel<\/strong><\/h3>\n\n\n\n<p class=\"has-text-align-center\">Des \u00e9valuations plus pr\u00e9cises permettent de meilleurs traitements et augmentent les chances de r\u00e9tablissement.<\/p>\n<\/div>\n<\/div>\n\n<div class=\"wp-block-columns is-style-section-1 is-layout-flex wp-container-core-columns-is-layout-28f84493 wp-block-columns-is-layout-flex is-style-section-1--2\">\n<div class=\"wp-block-column is-layout-flow wp-block-column-is-layout-flow\">\n<figure class=\"wp-block-image aligncenter size-large\"><img decoding=\"async\" width=\"71\" height=\"72\" data-src=\"https:\/\/hgmhfoundation.org\/wp-content\/uploads\/2025\/05\/Group-129-1.svg\" alt=\"\" class=\"wp-image-549 lazyload\" src=\"data:image\/svg+xml;base64,PHN2ZyB3aWR0aD0iMSIgaGVpZ2h0PSIxIiB4bWxucz0iaHR0cDovL3d3dy53My5vcmcvMjAwMC9zdmciPjwvc3ZnPg==\" style=\"--smush-placeholder-width: 71px; --smush-placeholder-aspect-ratio: 71\/72;\" \/><\/figure>\n\n\n\n<h3 class=\"wp-block-heading has-text-align-center\" style=\"padding-top:var(--wp--preset--spacing--40);padding-bottom:0\"><strong>Le stress des patients compte<\/strong><\/h3>\n\n\n\n<p class=\"has-text-align-center\" style=\"padding-top:0\">\u00catre bless\u00e9 et devoir \u00eatre transport\u00e9 dans un h\u00f4pital \u00e0 une heure d\u2019ici augmente le stress. \u00catre \u00e9loign\u00e9 de ses proches augmente le stress. Avoir un CT Scanner local r\u00e9duit ce stress.  <\/p>\n<\/div>\n\n\n\n<div class=\"wp-block-column is-layout-flow wp-block-column-is-layout-flow\">\n<figure class=\"wp-block-image aligncenter size-large\"><img decoding=\"async\" width=\"72\" height=\"59\" data-src=\"https:\/\/hgmhfoundation.org\/wp-content\/uploads\/2025\/05\/Group-125-1.svg\" alt=\"\" class=\"wp-image-550 lazyload\" src=\"data:image\/svg+xml;base64,PHN2ZyB3aWR0aD0iMSIgaGVpZ2h0PSIxIiB4bWxucz0iaHR0cDovL3d3dy53My5vcmcvMjAwMC9zdmciPjwvc3ZnPg==\" style=\"--smush-placeholder-width: 72px; --smush-placeholder-aspect-ratio: 72\/59;\" \/><\/figure>\n\n\n\n<h3 class=\"wp-block-heading has-text-align-center\" style=\"padding-top:var(--wp--preset--spacing--40);padding-bottom:0\"><strong>Vous comptez<\/strong><\/h3>\n\n\n\n<p class=\"has-text-align-center\">Un CT Scanner co\u00fbte plus de 3 millions de dollars. Vos imp\u00f4ts ne couvrent pas cette d\u00e9pense. Vos dons, oui. C\u2019est pourquoi nous faisons campagne pour financer un nouveau CT Scanner d\u00e8s maintenant.   <\/p>\n<\/div>\n<\/div>\n\n<p><\/p>\n\n<div class=\"wp-block-group alignwide has-white-color has-secondary-background-color has-text-color has-background has-link-color wp-elements-d84bee3cc60c4278918d42d7b896f17d has-global-padding is-layout-constrained wp-block-group-is-layout-constrained\">\n<h2 class=\"wp-block-heading has-text-align-center fade-up has-white-color has-text-color has-link-color has-fira-sans-font-family wp-elements-f26b317d1dd7eb796ba8145aca9b8023\" style=\"font-style:normal;font-weight:400\">Chaque seconde offerte par nos b\u00e9n\u00e9voles fait une vraie diff\u00e9rence.<\/h2>\n\n\n\n<p class=\"has-text-align-center fade-up has-white-color has-text-color has-link-color wp-elements-f52b53d46f4b5e3a57ee080a19bf7cc9\">Votre engagement amplifie les efforts de la Fondation de notre h\u00f4pital, all\u00e9geant et enrichissant notre travail.<\/p>\n\n\n\n<p class=\"has-text-align-center fade-up has-white-color has-text-color has-link-color wp-elements-95439a9a3ffd6bebbeb96b9cc28c3ea3\" style=\"margin-top:var(--wp--preset--spacing--30);padding-top:0;padding-bottom:0\"><strong>D\u00e9couvrez comment vous pouvez utiliser votre temps pour aider notre communaut\u00e9.<\/strong><\/p>\n\n\n\n<div class=\"wp-block-buttons fade-up is-content-justification-center is-layout-flex wp-container-core-buttons-is-layout-a89b3969 wp-block-buttons-is-layout-flex\">\n<div class=\"wp-block-button donate-btn\"><a class=\"wp-block-button__link wp-element-button\" href=\"https:\/\/give-can.keela.co\/Hgmhfoundation\" target=\"_blank\" rel=\"noreferrer noopener\">FAIRE UN DON<\/a><\/div>\n<\/div>\n<\/div>\n","protected":false},"excerpt":{"rendered":"<p>Que va apporter un nouveau CT Scanner \u00e0 notre communaut\u00e9 ? La campagne majeure de financement pour le nouveau CT Scanner de l\u2019H\u00f4pital m\u00e9morial de Glengarry est lanc\u00e9e. L\u2019objectif : x,x million de dollars sur les x prochaines ann\u00e9es, plus que nous n\u2019en avons jamais recueilli en une seule fois. Et m\u00eame si cela peut [&hellip;]<\/p>\n","protected":false},"author":2,"featured_media":0,"parent":932,"menu_order":0,"comment_status":"closed","ping_status":"closed","template":"","meta":{"_acf_changed":false,"inline_featured_image":false,"footnotes":""},"class_list":["post-939","page","type-page","status-publish","hentry"],"acf":[],"yoast_head":"<!-- This site is optimized with the Yoast SEO plugin v25.3.1 - https:\/\/yoast.com\/wordpress\/plugins\/seo\/ -->\n<title>La campagne pour notre nouveau scanner - Glengarry Memorial Hospital Foundation<\/title>\n<meta name=\"robots\" content=\"index, follow, max-snippet:-1, max-image-preview:large, max-video-preview:-1\" \/>\n<link rel=\"canonical\" href=\"https:\/\/hgmhfoundation.org\/fr\/impact\/la-campagne-pour-notre-nouveau-scanner\/\" \/>\n<meta property=\"og:locale\" content=\"fr_FR\" \/>\n<meta property=\"og:type\" content=\"article\" \/>\n<meta property=\"og:title\" content=\"La campagne pour notre nouveau scanner - Glengarry Memorial Hospital Foundation\" \/>\n<meta property=\"og:description\" content=\"Que va apporter un nouveau CT Scanner \u00e0 notre communaut\u00e9 ? La campagne majeure de financement pour le nouveau CT Scanner de l\u2019H\u00f4pital m\u00e9morial de Glengarry est lanc\u00e9e. L\u2019objectif : x,x million de dollars sur les x prochaines ann\u00e9es, plus que nous n\u2019en avons jamais recueilli en une seule fois. Et m\u00eame si cela peut [&hellip;]\" \/>\n<meta property=\"og:url\" content=\"https:\/\/hgmhfoundation.org\/fr\/impact\/la-campagne-pour-notre-nouveau-scanner\/\" \/>\n<meta property=\"og:site_name\" content=\"Glengarry Memorial Hospital Foundation\" \/>\n<meta property=\"article:modified_time\" content=\"2025-06-26T18:34:44+00:00\" \/>\n<meta property=\"og:image\" content=\"https:\/\/hgmhfoundation.org\/wp-content\/uploads\/2025\/06\/ctscanner2.jpg\" \/>\n\t<meta property=\"og:image:width\" content=\"800\" \/>\n\t<meta property=\"og:image:height\" content=\"400\" \/>\n\t<meta property=\"og:image:type\" content=\"image\/jpeg\" \/>\n<meta name=\"twitter:card\" content=\"summary_large_image\" \/>\n<meta name=\"twitter:label1\" content=\"Dur\u00e9e de lecture estim\u00e9e\" \/>\n\t<meta name=\"twitter:data1\" content=\"1 minute\" \/>\n<script type=\"application\/ld+json\" class=\"yoast-schema-graph\">{\"@context\":\"https:\/\/schema.org\",\"@graph\":[{\"@type\":\"WebPage\",\"@id\":\"https:\/\/hgmhfoundation.org\/fr\/impact\/la-campagne-pour-notre-nouveau-scanner\/\",\"url\":\"https:\/\/hgmhfoundation.org\/fr\/impact\/la-campagne-pour-notre-nouveau-scanner\/\",\"name\":\"La campagne pour notre nouveau scanner - Glengarry Memorial Hospital Foundation\",\"isPartOf\":{\"@id\":\"https:\/\/hgmhfoundation.org\/fr\/#website\"},\"primaryImageOfPage\":{\"@id\":\"https:\/\/hgmhfoundation.org\/fr\/impact\/la-campagne-pour-notre-nouveau-scanner\/#primaryimage\"},\"image\":{\"@id\":\"https:\/\/hgmhfoundation.org\/fr\/impact\/la-campagne-pour-notre-nouveau-scanner\/#primaryimage\"},\"thumbnailUrl\":\"https:\/\/hgmhfoundation.org\/wp-content\/uploads\/2025\/06\/ctscanner2.jpg\",\"datePublished\":\"2025-04-30T20:55:40+00:00\",\"dateModified\":\"2025-06-26T18:34:44+00:00\",\"breadcrumb\":{\"@id\":\"https:\/\/hgmhfoundation.org\/fr\/impact\/la-campagne-pour-notre-nouveau-scanner\/#breadcrumb\"},\"inLanguage\":\"fr-FR\",\"potentialAction\":[{\"@type\":\"ReadAction\",\"target\":[\"https:\/\/hgmhfoundation.org\/fr\/impact\/la-campagne-pour-notre-nouveau-scanner\/\"]}]},{\"@type\":\"ImageObject\",\"inLanguage\":\"fr-FR\",\"@id\":\"https:\/\/hgmhfoundation.org\/fr\/impact\/la-campagne-pour-notre-nouveau-scanner\/#primaryimage\",\"url\":\"https:\/\/hgmhfoundation.org\/wp-content\/uploads\/2025\/06\/ctscanner2.jpg\",\"contentUrl\":\"https:\/\/hgmhfoundation.org\/wp-content\/uploads\/2025\/06\/ctscanner2.jpg\"},{\"@type\":\"BreadcrumbList\",\"@id\":\"https:\/\/hgmhfoundation.org\/fr\/impact\/la-campagne-pour-notre-nouveau-scanner\/#breadcrumb\",\"itemListElement\":[{\"@type\":\"ListItem\",\"position\":1,\"name\":\"Home\",\"item\":\"https:\/\/hgmhfoundation.org\/fr\/\"},{\"@type\":\"ListItem\",\"position\":2,\"name\":\"Impact\",\"item\":\"https:\/\/hgmhfoundation.org\/fr\/impact\/\"},{\"@type\":\"ListItem\",\"position\":3,\"name\":\"La campagne pour notre nouveau scanner\"}]},{\"@type\":\"WebSite\",\"@id\":\"https:\/\/hgmhfoundation.org\/fr\/#website\",\"url\":\"https:\/\/hgmhfoundation.org\/fr\/\",\"name\":\"Glengarry Memorial Hospital Foundation\",\"description\":\"\",\"potentialAction\":[{\"@type\":\"SearchAction\",\"target\":{\"@type\":\"EntryPoint\",\"urlTemplate\":\"https:\/\/hgmhfoundation.org\/fr\/?s={search_term_string}\"},\"query-input\":{\"@type\":\"PropertyValueSpecification\",\"valueRequired\":true,\"valueName\":\"search_term_string\"}}],\"inLanguage\":\"fr-FR\"}]}<\/script>\n<!-- \/ Yoast SEO plugin. -->","yoast_head_json":{"title":"La campagne pour notre nouveau scanner - Glengarry Memorial Hospital Foundation","robots":{"index":"index","follow":"follow","max-snippet":"max-snippet:-1","max-image-preview":"max-image-preview:large","max-video-preview":"max-video-preview:-1"},"canonical":"https:\/\/hgmhfoundation.org\/fr\/impact\/la-campagne-pour-notre-nouveau-scanner\/","og_locale":"fr_FR","og_type":"article","og_title":"La campagne pour notre nouveau scanner - Glengarry Memorial Hospital Foundation","og_description":"Que va apporter un nouveau CT Scanner \u00e0 notre communaut\u00e9 ? La campagne majeure de financement pour le nouveau CT Scanner de l\u2019H\u00f4pital m\u00e9morial de Glengarry est lanc\u00e9e. L\u2019objectif : x,x million de dollars sur les x prochaines ann\u00e9es, plus que nous n\u2019en avons jamais recueilli en une seule fois. Et m\u00eame si cela peut [&hellip;]","og_url":"https:\/\/hgmhfoundation.org\/fr\/impact\/la-campagne-pour-notre-nouveau-scanner\/","og_site_name":"Glengarry Memorial Hospital Foundation","article_modified_time":"2025-06-26T18:34:44+00:00","og_image":[{"width":800,"height":400,"url":"https:\/\/hgmhfoundation.org\/wp-content\/uploads\/2025\/06\/ctscanner2.jpg","type":"image\/jpeg"}],"twitter_card":"summary_large_image","twitter_misc":{"Dur\u00e9e de lecture estim\u00e9e":"1 minute"},"schema":{"@context":"https:\/\/schema.org","@graph":[{"@type":"WebPage","@id":"https:\/\/hgmhfoundation.org\/fr\/impact\/la-campagne-pour-notre-nouveau-scanner\/","url":"https:\/\/hgmhfoundation.org\/fr\/impact\/la-campagne-pour-notre-nouveau-scanner\/","name":"La campagne pour notre nouveau scanner - Glengarry Memorial Hospital Foundation","isPartOf":{"@id":"https:\/\/hgmhfoundation.org\/fr\/#website"},"primaryImageOfPage":{"@id":"https:\/\/hgmhfoundation.org\/fr\/impact\/la-campagne-pour-notre-nouveau-scanner\/#primaryimage"},"image":{"@id":"https:\/\/hgmhfoundation.org\/fr\/impact\/la-campagne-pour-notre-nouveau-scanner\/#primaryimage"},"thumbnailUrl":"https:\/\/hgmhfoundation.org\/wp-content\/uploads\/2025\/06\/ctscanner2.jpg","datePublished":"2025-04-30T20:55:40+00:00","dateModified":"2025-06-26T18:34:44+00:00","breadcrumb":{"@id":"https:\/\/hgmhfoundation.org\/fr\/impact\/la-campagne-pour-notre-nouveau-scanner\/#breadcrumb"},"inLanguage":"fr-FR","potentialAction":[{"@type":"ReadAction","target":["https:\/\/hgmhfoundation.org\/fr\/impact\/la-campagne-pour-notre-nouveau-scanner\/"]}]},{"@type":"ImageObject","inLanguage":"fr-FR","@id":"https:\/\/hgmhfoundation.org\/fr\/impact\/la-campagne-pour-notre-nouveau-scanner\/#primaryimage","url":"https:\/\/hgmhfoundation.org\/wp-content\/uploads\/2025\/06\/ctscanner2.jpg","contentUrl":"https:\/\/hgmhfoundation.org\/wp-content\/uploads\/2025\/06\/ctscanner2.jpg"},{"@type":"BreadcrumbList","@id":"https:\/\/hgmhfoundation.org\/fr\/impact\/la-campagne-pour-notre-nouveau-scanner\/#breadcrumb","itemListElement":[{"@type":"ListItem","position":1,"name":"Home","item":"https:\/\/hgmhfoundation.org\/fr\/"},{"@type":"ListItem","position":2,"name":"Impact","item":"https:\/\/hgmhfoundation.org\/fr\/impact\/"},{"@type":"ListItem","position":3,"name":"La campagne pour notre nouveau scanner"}]},{"@type":"WebSite","@id":"https:\/\/hgmhfoundation.org\/fr\/#website","url":"https:\/\/hgmhfoundation.org\/fr\/","name":"Glengarry Memorial Hospital Foundation","description":"","potentialAction":[{"@type":"SearchAction","target":{"@type":"EntryPoint","urlTemplate":"https:\/\/hgmhfoundation.org\/fr\/?s={search_term_string}"},"query-input":{"@type":"PropertyValueSpecification","valueRequired":true,"valueName":"search_term_string"}}],"inLanguage":"fr-FR"}]}},"_links":{"self":[{"href":"https:\/\/hgmhfoundation.org\/fr\/wp-json\/wp\/v2\/pages\/939","targetHints":{"allow":["GET"]}}],"collection":[{"href":"https:\/\/hgmhfoundation.org\/fr\/wp-json\/wp\/v2\/pages"}],"about":[{"href":"https:\/\/hgmhfoundation.org\/fr\/wp-json\/wp\/v2\/types\/page"}],"author":[{"embeddable":true,"href":"https:\/\/hgmhfoundation.org\/fr\/wp-json\/wp\/v2\/users\/2"}],"replies":[{"embeddable":true,"href":"https:\/\/hgmhfoundation.org\/fr\/wp-json\/wp\/v2\/comments?post=939"}],"version-history":[{"count":6,"href":"https:\/\/hgmhfoundation.org\/fr\/wp-json\/wp\/v2\/pages\/939\/revisions"}],"predecessor-version":[{"id":1200,"href":"https:\/\/hgmhfoundation.org\/fr\/wp-json\/wp\/v2\/pages\/939\/revisions\/1200"}],"up":[{"embeddable":true,"href":"https:\/\/hgmhfoundation.org\/fr\/wp-json\/wp\/v2\/pages\/932"}],"wp:attachment":[{"href":"https:\/\/hgmhfoundation.org\/fr\/wp-json\/wp\/v2\/media?parent=939"}],"curies":[{"name":"wp","href":"https:\/\/api.w.org\/{rel}","templated":true}]}}