{"id":942,"date":"2025-04-30T20:55:51","date_gmt":"2025-04-30T20:55:51","guid":{"rendered":"https:\/\/hgmhfoundation.org\/impact\/hopital-glengarry-memorial-demain\/"},"modified":"2025-05-22T16:50:48","modified_gmt":"2025-05-22T16:50:48","slug":"hopital-glengarry-memorial-demain","status":"publish","type":"page","link":"https:\/\/hgmhfoundation.org\/fr\/impact\/hopital-glengarry-memorial-demain\/","title":{"rendered":"H\u00f4pital Glengarry Memorial Demain"},"content":{"rendered":"\n<h1 class=\"wp-block-heading\">T\u00e9l\u00e9chargez le Plan strat\u00e9gique de l\u2019H\u00f4pital Glengarry Memorial et engagez-vous pour l\u2019avenir<\/h1>\n\n<p>Le nouveau Plan strat\u00e9gique de l\u2019H\u00f4pital Glengarry Memorial respose sur quatre grandes priorit\u00e9s :<\/p>\n\n<figure class=\"wp-block-image size-large desktop-only\"><img decoding=\"async\" width=\"700\" height=\"337\" data-src=\"https:\/\/hgmhfoundation.org\/wp-content\/uploads\/2025\/05\/Group-178-1.svg\" alt=\"\" class=\"wp-image-556 lazyload\" src=\"data:image\/svg+xml;base64,PHN2ZyB3aWR0aD0iMSIgaGVpZ2h0PSIxIiB4bWxucz0iaHR0cDovL3d3dy53My5vcmcvMjAwMC9zdmciPjwvc3ZnPg==\" style=\"--smush-placeholder-width: 700px; --smush-placeholder-aspect-ratio: 700\/337;\" \/><\/figure>\n\n<figure class=\"wp-block-image size-large mobile-only\"><img decoding=\"async\" width=\"397\" height=\"489\" data-src=\"https:\/\/hgmhfoundation.org\/wp-content\/uploads\/2025\/05\/Group-227.svg\" alt=\"\" class=\"wp-image-1041 lazyload\" src=\"data:image\/svg+xml;base64,PHN2ZyB3aWR0aD0iMSIgaGVpZ2h0PSIxIiB4bWxucz0iaHR0cDovL3d3dy53My5vcmcvMjAwMC9zdmciPjwvc3ZnPg==\" style=\"--smush-placeholder-width: 397px; --smush-placeholder-aspect-ratio: 397\/489;\" \/><\/figure>\n\n<p style=\"padding-top:var(--wp--preset--spacing--40)\">Pour maintenir nos soins et notre engagement envers les patients, leurs familles et notre communaut\u00e9, nous devons anticiper l\u2019avenir, le planifier et recueillir les fonds n\u00e9cessaires \u00e0 l\u2019achat des technologies et de l\u2019\u00e9quipement qui assureront notre pertinence. Nous devons faire preuve d\u2019agilit\u00e9 et de r\u00e9silience, et \u00eatre efficaces sur les plans op\u00e9rationnel et financier.  <\/p>\n\n<p>Notre Plan Strat\u00e9gique est une \u00e9tape cl\u00e9 vers cet avenir. Consultez-le, impliquez-vous et contribuez \u00e0 cet avenir en faisant un don \u00e0 la Fondation de l\u2019H\u00f4pital Glengarry Memorial. <\/p>\n\n<div style=\"height:20px\" aria-hidden=\"true\" class=\"wp-block-spacer\"><\/div>\n\n<div class=\"wp-block-columns is-style-section-2 mobile-reverse is-layout-flex wp-container-core-columns-is-layout-28f84493 wp-block-columns-is-layout-flex is-style-section-2--1\">\n<div class=\"wp-block-column is-layout-flow wp-block-column-is-layout-flow\" style=\"padding-right:0;flex-basis:12.5rem\">\n<figure class=\"wp-block-image size-full desktop-only\"><img decoding=\"async\" width=\"200\" height=\"251\" data-src=\"https:\/\/hgmhfoundation.org\/wp-content\/uploads\/2025\/05\/HGMH-Strategy-Doc-1.png\" alt=\"\" class=\"wp-image-558 lazyload\" src=\"data:image\/svg+xml;base64,PHN2ZyB3aWR0aD0iMSIgaGVpZ2h0PSIxIiB4bWxucz0iaHR0cDovL3d3dy53My5vcmcvMjAwMC9zdmciPjwvc3ZnPg==\" style=\"--smush-placeholder-width: 200px; --smush-placeholder-aspect-ratio: 200\/251;\" \/><\/figure>\n<\/div>\n\n\n\n<div class=\"wp-block-column is-layout-flow wp-block-column-is-layout-flow\" style=\"padding-left:var(--wp--preset--spacing--60)\">\n<h2 class=\"wp-block-heading\" style=\"margin-top:0;margin-bottom:0;padding-top:0;padding-bottom:0\">Plan strat\u00e9gique de l&rsquo;h\u00f4pital Glengarry Memorial<\/h2>\n\n\n\n<figure class=\"wp-block-image size-full mobile-only\"><img decoding=\"async\" width=\"200\" height=\"251\" data-src=\"https:\/\/hgmhfoundation.org\/wp-content\/uploads\/2025\/05\/HGMH-Strategy-Doc-1.png\" alt=\"\" class=\"wp-image-558 lazyload\" src=\"data:image\/svg+xml;base64,PHN2ZyB3aWR0aD0iMSIgaGVpZ2h0PSIxIiB4bWxucz0iaHR0cDovL3d3dy53My5vcmcvMjAwMC9zdmciPjwvc3ZnPg==\" style=\"--smush-placeholder-width: 200px; --smush-placeholder-aspect-ratio: 200\/251;\" \/><\/figure>\n\n\n\n<p><a href=\"#\" target=\"_blank\" rel=\"noreferrer noopener\">T\u00c9L\u00c9CHARGEZ LE PLAN<\/a><\/p>\n<\/div>\n<\/div>\n\n<p><\/p>\n\n<div class=\"wp-block-group alignwide has-white-color has-neutral-background-color has-text-color has-background has-link-color wp-elements-63a0eaaa9e799f5fe5c597de77132e47 has-global-padding is-layout-constrained wp-block-group-is-layout-constrained\">\n<h2 class=\"wp-block-heading has-text-align-center has-white-color has-text-color has-link-color has-fira-sans-font-family wp-elements-6b3b8b1e97f1135af8d8a41af478791e\" style=\"font-style:normal;font-weight:400\">(Garder le formulaire Intouch) Lorem ipsum dolor sit amet.<\/h2>\n\n\n\n<p class=\"has-text-align-center has-white-color has-text-color has-link-color wp-elements-71ed6b68dcc54d0e1a1c94f1b2b536b3\">Lorem ipsum dolor sit amet, consectetur adipiscing elit. Donec gravida quis diam non malesuada.<\/p>\n<\/div>\n","protected":false},"excerpt":{"rendered":"<p>T\u00e9l\u00e9chargez le Plan strat\u00e9gique de l\u2019H\u00f4pital Glengarry Memorial et engagez-vous pour l\u2019avenir Le nouveau Plan strat\u00e9gique de l\u2019H\u00f4pital Glengarry Memorial respose sur quatre grandes priorit\u00e9s : Pour maintenir nos soins et notre engagement envers les patients, leurs familles et notre communaut\u00e9, nous devons anticiper l\u2019avenir, le planifier et recueillir les fonds n\u00e9cessaires \u00e0 l\u2019achat des [&hellip;]<\/p>\n","protected":false},"author":2,"featured_media":0,"parent":932,"menu_order":0,"comment_status":"closed","ping_status":"closed","template":"","meta":{"_acf_changed":false,"inline_featured_image":false,"footnotes":""},"class_list":["post-942","page","type-page","status-publish","hentry"],"acf":[],"yoast_head":"<!-- This site is optimized with the Yoast SEO plugin v25.3.1 - https:\/\/yoast.com\/wordpress\/plugins\/seo\/ -->\n<title>H\u00f4pital Glengarry Memorial Demain - Glengarry Memorial Hospital Foundation<\/title>\n<meta name=\"robots\" content=\"index, follow, max-snippet:-1, max-image-preview:large, max-video-preview:-1\" \/>\n<link rel=\"canonical\" href=\"https:\/\/hgmhfoundation.org\/fr\/impact\/hopital-glengarry-memorial-demain\/\" \/>\n<meta property=\"og:locale\" content=\"fr_FR\" \/>\n<meta property=\"og:type\" content=\"article\" \/>\n<meta property=\"og:title\" content=\"H\u00f4pital Glengarry Memorial Demain - Glengarry Memorial Hospital Foundation\" \/>\n<meta property=\"og:description\" content=\"T\u00e9l\u00e9chargez le Plan strat\u00e9gique de l\u2019H\u00f4pital Glengarry Memorial et engagez-vous pour l\u2019avenir Le nouveau Plan strat\u00e9gique de l\u2019H\u00f4pital Glengarry Memorial respose sur quatre grandes priorit\u00e9s : Pour maintenir nos soins et notre engagement envers les patients, leurs familles et notre communaut\u00e9, nous devons anticiper l\u2019avenir, le planifier et recueillir les fonds n\u00e9cessaires \u00e0 l\u2019achat des [&hellip;]\" \/>\n<meta property=\"og:url\" content=\"https:\/\/hgmhfoundation.org\/fr\/impact\/hopital-glengarry-memorial-demain\/\" \/>\n<meta property=\"og:site_name\" content=\"Glengarry Memorial Hospital Foundation\" \/>\n<meta property=\"article:modified_time\" content=\"2025-05-22T16:50:48+00:00\" \/>\n<meta name=\"twitter:card\" content=\"summary_large_image\" \/>\n<meta name=\"twitter:label1\" content=\"Dur\u00e9e de lecture estim\u00e9e\" \/>\n\t<meta name=\"twitter:data1\" content=\"1 minute\" \/>\n<script type=\"application\/ld+json\" class=\"yoast-schema-graph\">{\"@context\":\"https:\/\/schema.org\",\"@graph\":[{\"@type\":\"WebPage\",\"@id\":\"https:\/\/hgmhfoundation.org\/fr\/impact\/hopital-glengarry-memorial-demain\/\",\"url\":\"https:\/\/hgmhfoundation.org\/fr\/impact\/hopital-glengarry-memorial-demain\/\",\"name\":\"H\u00f4pital Glengarry Memorial Demain - Glengarry Memorial Hospital Foundation\",\"isPartOf\":{\"@id\":\"https:\/\/hgmhfoundation.org\/fr\/#website\"},\"primaryImageOfPage\":{\"@id\":\"https:\/\/hgmhfoundation.org\/fr\/impact\/hopital-glengarry-memorial-demain\/#primaryimage\"},\"image\":{\"@id\":\"https:\/\/hgmhfoundation.org\/fr\/impact\/hopital-glengarry-memorial-demain\/#primaryimage\"},\"thumbnailUrl\":\"https:\/\/hgmhfoundation.org\/wp-content\/uploads\/2025\/05\/Group-178-1.svg\",\"datePublished\":\"2025-04-30T20:55:51+00:00\",\"dateModified\":\"2025-05-22T16:50:48+00:00\",\"breadcrumb\":{\"@id\":\"https:\/\/hgmhfoundation.org\/fr\/impact\/hopital-glengarry-memorial-demain\/#breadcrumb\"},\"inLanguage\":\"fr-FR\",\"potentialAction\":[{\"@type\":\"ReadAction\",\"target\":[\"https:\/\/hgmhfoundation.org\/fr\/impact\/hopital-glengarry-memorial-demain\/\"]}]},{\"@type\":\"ImageObject\",\"inLanguage\":\"fr-FR\",\"@id\":\"https:\/\/hgmhfoundation.org\/fr\/impact\/hopital-glengarry-memorial-demain\/#primaryimage\",\"url\":\"https:\/\/hgmhfoundation.org\/wp-content\/uploads\/2025\/05\/Group-178-1.svg\",\"contentUrl\":\"https:\/\/hgmhfoundation.org\/wp-content\/uploads\/2025\/05\/Group-178-1.svg\"},{\"@type\":\"BreadcrumbList\",\"@id\":\"https:\/\/hgmhfoundation.org\/fr\/impact\/hopital-glengarry-memorial-demain\/#breadcrumb\",\"itemListElement\":[{\"@type\":\"ListItem\",\"position\":1,\"name\":\"Home\",\"item\":\"https:\/\/hgmhfoundation.org\/fr\/\"},{\"@type\":\"ListItem\",\"position\":2,\"name\":\"Impact\",\"item\":\"https:\/\/hgmhfoundation.org\/fr\/impact\/\"},{\"@type\":\"ListItem\",\"position\":3,\"name\":\"H\u00f4pital Glengarry Memorial Demain\"}]},{\"@type\":\"WebSite\",\"@id\":\"https:\/\/hgmhfoundation.org\/fr\/#website\",\"url\":\"https:\/\/hgmhfoundation.org\/fr\/\",\"name\":\"Glengarry Memorial Hospital Foundation\",\"description\":\"\",\"potentialAction\":[{\"@type\":\"SearchAction\",\"target\":{\"@type\":\"EntryPoint\",\"urlTemplate\":\"https:\/\/hgmhfoundation.org\/fr\/?s={search_term_string}\"},\"query-input\":{\"@type\":\"PropertyValueSpecification\",\"valueRequired\":true,\"valueName\":\"search_term_string\"}}],\"inLanguage\":\"fr-FR\"}]}<\/script>\n<!-- \/ Yoast SEO plugin. -->","yoast_head_json":{"title":"H\u00f4pital Glengarry Memorial Demain - Glengarry Memorial Hospital Foundation","robots":{"index":"index","follow":"follow","max-snippet":"max-snippet:-1","max-image-preview":"max-image-preview:large","max-video-preview":"max-video-preview:-1"},"canonical":"https:\/\/hgmhfoundation.org\/fr\/impact\/hopital-glengarry-memorial-demain\/","og_locale":"fr_FR","og_type":"article","og_title":"H\u00f4pital Glengarry Memorial Demain - Glengarry Memorial Hospital Foundation","og_description":"T\u00e9l\u00e9chargez le Plan strat\u00e9gique de l\u2019H\u00f4pital Glengarry Memorial et engagez-vous pour l\u2019avenir Le nouveau Plan strat\u00e9gique de l\u2019H\u00f4pital Glengarry Memorial respose sur quatre grandes priorit\u00e9s : Pour maintenir nos soins et notre engagement envers les patients, leurs familles et notre communaut\u00e9, nous devons anticiper l\u2019avenir, le planifier et recueillir les fonds n\u00e9cessaires \u00e0 l\u2019achat des [&hellip;]","og_url":"https:\/\/hgmhfoundation.org\/fr\/impact\/hopital-glengarry-memorial-demain\/","og_site_name":"Glengarry Memorial Hospital Foundation","article_modified_time":"2025-05-22T16:50:48+00:00","twitter_card":"summary_large_image","twitter_misc":{"Dur\u00e9e de lecture estim\u00e9e":"1 minute"},"schema":{"@context":"https:\/\/schema.org","@graph":[{"@type":"WebPage","@id":"https:\/\/hgmhfoundation.org\/fr\/impact\/hopital-glengarry-memorial-demain\/","url":"https:\/\/hgmhfoundation.org\/fr\/impact\/hopital-glengarry-memorial-demain\/","name":"H\u00f4pital Glengarry Memorial Demain - Glengarry Memorial Hospital Foundation","isPartOf":{"@id":"https:\/\/hgmhfoundation.org\/fr\/#website"},"primaryImageOfPage":{"@id":"https:\/\/hgmhfoundation.org\/fr\/impact\/hopital-glengarry-memorial-demain\/#primaryimage"},"image":{"@id":"https:\/\/hgmhfoundation.org\/fr\/impact\/hopital-glengarry-memorial-demain\/#primaryimage"},"thumbnailUrl":"https:\/\/hgmhfoundation.org\/wp-content\/uploads\/2025\/05\/Group-178-1.svg","datePublished":"2025-04-30T20:55:51+00:00","dateModified":"2025-05-22T16:50:48+00:00","breadcrumb":{"@id":"https:\/\/hgmhfoundation.org\/fr\/impact\/hopital-glengarry-memorial-demain\/#breadcrumb"},"inLanguage":"fr-FR","potentialAction":[{"@type":"ReadAction","target":["https:\/\/hgmhfoundation.org\/fr\/impact\/hopital-glengarry-memorial-demain\/"]}]},{"@type":"ImageObject","inLanguage":"fr-FR","@id":"https:\/\/hgmhfoundation.org\/fr\/impact\/hopital-glengarry-memorial-demain\/#primaryimage","url":"https:\/\/hgmhfoundation.org\/wp-content\/uploads\/2025\/05\/Group-178-1.svg","contentUrl":"https:\/\/hgmhfoundation.org\/wp-content\/uploads\/2025\/05\/Group-178-1.svg"},{"@type":"BreadcrumbList","@id":"https:\/\/hgmhfoundation.org\/fr\/impact\/hopital-glengarry-memorial-demain\/#breadcrumb","itemListElement":[{"@type":"ListItem","position":1,"name":"Home","item":"https:\/\/hgmhfoundation.org\/fr\/"},{"@type":"ListItem","position":2,"name":"Impact","item":"https:\/\/hgmhfoundation.org\/fr\/impact\/"},{"@type":"ListItem","position":3,"name":"H\u00f4pital Glengarry Memorial Demain"}]},{"@type":"WebSite","@id":"https:\/\/hgmhfoundation.org\/fr\/#website","url":"https:\/\/hgmhfoundation.org\/fr\/","name":"Glengarry Memorial Hospital Foundation","description":"","potentialAction":[{"@type":"SearchAction","target":{"@type":"EntryPoint","urlTemplate":"https:\/\/hgmhfoundation.org\/fr\/?s={search_term_string}"},"query-input":{"@type":"PropertyValueSpecification","valueRequired":true,"valueName":"search_term_string"}}],"inLanguage":"fr-FR"}]}},"_links":{"self":[{"href":"https:\/\/hgmhfoundation.org\/fr\/wp-json\/wp\/v2\/pages\/942","targetHints":{"allow":["GET"]}}],"collection":[{"href":"https:\/\/hgmhfoundation.org\/fr\/wp-json\/wp\/v2\/pages"}],"about":[{"href":"https:\/\/hgmhfoundation.org\/fr\/wp-json\/wp\/v2\/types\/page"}],"author":[{"embeddable":true,"href":"https:\/\/hgmhfoundation.org\/fr\/wp-json\/wp\/v2\/users\/2"}],"replies":[{"embeddable":true,"href":"https:\/\/hgmhfoundation.org\/fr\/wp-json\/wp\/v2\/comments?post=942"}],"version-history":[{"count":4,"href":"https:\/\/hgmhfoundation.org\/fr\/wp-json\/wp\/v2\/pages\/942\/revisions"}],"predecessor-version":[{"id":1044,"href":"https:\/\/hgmhfoundation.org\/fr\/wp-json\/wp\/v2\/pages\/942\/revisions\/1044"}],"up":[{"embeddable":true,"href":"https:\/\/hgmhfoundation.org\/fr\/wp-json\/wp\/v2\/pages\/932"}],"wp:attachment":[{"href":"https:\/\/hgmhfoundation.org\/fr\/wp-json\/wp\/v2\/media?parent=942"}],"curies":[{"name":"wp","href":"https:\/\/api.w.org\/{rel}","templated":true}]}}