{"id":947,"date":"2025-05-01T13:53:33","date_gmt":"2025-05-01T13:53:33","guid":{"rendered":"https:\/\/hgmhfoundation.org\/a-propos-de-nous\/"},"modified":"2025-06-26T19:26:15","modified_gmt":"2025-06-26T19:26:15","slug":"a-propos-de-nous","status":"publish","type":"page","link":"https:\/\/hgmhfoundation.org\/fr\/a-propos-de-nous\/","title":{"rendered":"\u00c0 propos de nous"},"content":{"rendered":"\n<p>Tout comme votre h\u00f4pital \u00e9volue, sa fondation \u00e9volue aussi. Nous avons une nouvelle directrice g\u00e9n\u00e9rale et une nouvelle \u00e9nergie au sein du conseil d&rsquo;administration, avec pour premier objectif de recueillir les fonds n\u00e9cessaires \u00e0 l\u2019achat de notre nouveau CT Scan et, tout aussi important, de d\u00e9velopper des strat\u00e9gies et des relations durables pour assurer la p\u00e9rennit\u00e9 de notre h\u00f4pital local pour les ann\u00e9es \u00e0 venir. <\/p>\n\n\n\n<div class=\"wp-block-columns is-layout-flex wp-container-core-columns-is-layout-28f84493 wp-block-columns-is-layout-flex\">\n<div class=\"wp-block-column is-layout-flow wp-block-column-is-layout-flow\">\n<figure class=\"wp-block-image size-full\"><img decoding=\"async\" width=\"519\" height=\"300\" data-src=\"https:\/\/hgmhfoundation.org\/wp-content\/uploads\/2025\/06\/familydoctor-1.jpg\" alt=\"\" class=\"wp-image-1170 lazyload\" data-srcset=\"https:\/\/hgmhfoundation.org\/wp-content\/uploads\/2025\/06\/familydoctor-1.jpg 519w, https:\/\/hgmhfoundation.org\/wp-content\/uploads\/2025\/06\/familydoctor-1-300x173.jpg 300w\" data-sizes=\"(max-width: 519px) 100vw, 519px\" src=\"data:image\/svg+xml;base64,PHN2ZyB3aWR0aD0iMSIgaGVpZ2h0PSIxIiB4bWxucz0iaHR0cDovL3d3dy53My5vcmcvMjAwMC9zdmciPjwvc3ZnPg==\" style=\"--smush-placeholder-width: 519px; --smush-placeholder-aspect-ratio: 519\/300;\" \/><\/figure>\n<\/div>\n\n\n\n<div class=\"wp-block-column is-layout-flow wp-block-column-is-layout-flow\" style=\"padding-left:0\">\n<h2 class=\"wp-block-heading\">Votre fondation<\/h2>\n\n\n\n<p>Bien que la Fondation de l\u2019H\u00f4pital Glengarry Memorial existe depuis 2002, il n\u2019a jamais \u00e9t\u00e9 aussi pertinent de repenser notre travail pour l\u2019h\u00f4pital et notre relation avec les donateurs. Bienvenue \u00e0 votre Fondation 2.0. <\/p>\n\n\n\n<div class=\"wp-block-buttons is-layout-flex wp-block-buttons-is-layout-flex\">\n<div class=\"wp-block-button is-style-neutral is-style-neutral--1\"><a class=\"wp-block-button__link wp-element-button\" href=\"https:\/\/hgmhfoundation.org\/fr\/a-propos-de-nous\/votre-fondation\/\">EN SAVOIR PLUS<\/a><\/div>\n<\/div>\n<\/div>\n<\/div>\n\n\n\n<div class=\"wp-block-columns is-layout-flex wp-container-core-columns-is-layout-28f84493 wp-block-columns-is-layout-flex\">\n<div class=\"wp-block-column is-layout-flow wp-block-column-is-layout-flow\" style=\"padding-right:0\">\n<h2 class=\"wp-block-heading\">Leadership<\/h2>\n\n\n\n<p>L\u2019\u00e9quipe de notre fondation est compos\u00e9e de leaders communautaires et du milieu des affaires, de b\u00e9n\u00e9voles passionn\u00e9s et d\u2019experts en gestion de fondation et en conformit\u00e9 des politiques. Notre objectif est de prendre soin de chaque dollar donn\u00e9 et de garantir que chaque dollar recueilli ait un impact positif et maximal sur la \u00ab sant\u00e9 \u00bb de l\u2019h\u00f4pital que nous soutenons.H2 SUBHEAD Foundation Team <\/p>\n\n\n\n<div class=\"wp-block-buttons is-layout-flex wp-block-buttons-is-layout-flex\">\n<div class=\"wp-block-button is-style-neutral is-style-neutral--2\"><a class=\"wp-block-button__link wp-element-button\" href=\"https:\/\/hgmhfoundation.org\/facons-de-donner\/partenariats-commerciaux\/?lang=fr\">EN SAVOIR PLUS<\/a><\/div>\n<\/div>\n<\/div>\n\n\n\n<div class=\"wp-block-column is-layout-flow wp-block-column-is-layout-flow\">\n<figure class=\"wp-block-image size-full\"><img decoding=\"async\" width=\"519\" height=\"300\" data-src=\"https:\/\/hgmhfoundation.org\/wp-content\/uploads\/2025\/06\/doctors.jpg\" alt=\"\" class=\"wp-image-1173 lazyload\" data-srcset=\"https:\/\/hgmhfoundation.org\/wp-content\/uploads\/2025\/06\/doctors.jpg 519w, https:\/\/hgmhfoundation.org\/wp-content\/uploads\/2025\/06\/doctors-300x173.jpg 300w\" data-sizes=\"(max-width: 519px) 100vw, 519px\" src=\"data:image\/svg+xml;base64,PHN2ZyB3aWR0aD0iMSIgaGVpZ2h0PSIxIiB4bWxucz0iaHR0cDovL3d3dy53My5vcmcvMjAwMC9zdmciPjwvc3ZnPg==\" style=\"--smush-placeholder-width: 519px; --smush-placeholder-aspect-ratio: 519\/300;\" \/><\/figure>\n<\/div>\n<\/div>\n\n\n\n<div class=\"wp-block-columns is-style-section-1 is-layout-flex wp-container-core-columns-is-layout-28f84493 wp-block-columns-is-layout-flex is-style-section-1--3\">\n<div class=\"wp-block-column has-light-grey-background-color has-background is-layout-flow wp-block-column-is-layout-flow\">\n<figure class=\"wp-block-image aligncenter size-large\"><img decoding=\"async\" width=\"100\" height=\"99\" data-src=\"https:\/\/hgmhfoundation.org\/wp-content\/uploads\/2025\/05\/Group-167.svg\" alt=\"\" class=\"wp-image-742 lazyload\" src=\"data:image\/svg+xml;base64,PHN2ZyB3aWR0aD0iMSIgaGVpZ2h0PSIxIiB4bWxucz0iaHR0cDovL3d3dy53My5vcmcvMjAwMC9zdmciPjwvc3ZnPg==\" style=\"--smush-placeholder-width: 100px; --smush-placeholder-aspect-ratio: 100\/99;\" \/><\/figure>\n\n\n\n<h2 class=\"wp-block-heading has-text-align-center\">Devenez b\u00e9n\u00e9vole<\/h2>\n\n\n\n<p class=\"has-text-align-center\"><a href=\"https:\/\/hgmhfoundation.org\/fr\/a-propos-de-nous\/comment-devenir-benevole\/\">EN SAVOIR PLUS<\/a><\/p>\n<\/div>\n\n\n\n<div class=\"wp-block-column has-light-grey-background-color has-background is-layout-flow wp-block-column-is-layout-flow\">\n<figure class=\"wp-block-image aligncenter size-large\"><img decoding=\"async\" width=\"100\" height=\"99\" data-src=\"https:\/\/hgmhfoundation.org\/wp-content\/uploads\/2025\/05\/Group-165.svg\" alt=\"\" class=\"wp-image-744 lazyload\" src=\"data:image\/svg+xml;base64,PHN2ZyB3aWR0aD0iMSIgaGVpZ2h0PSIxIiB4bWxucz0iaHR0cDovL3d3dy53My5vcmcvMjAwMC9zdmciPjwvc3ZnPg==\" style=\"--smush-placeholder-width: 100px; --smush-placeholder-aspect-ratio: 100\/99;\" \/><\/figure>\n\n\n\n<h2 class=\"wp-block-heading has-text-align-center\">Nouvelles et M\u00e9dias<\/h2>\n\n\n\n<p class=\"has-text-align-center\"><a href=\"https:\/\/hgmhfoundation.org\/fr\/category\/actualites-et-medias\/\">EN SAVOIR PLUS<\/a><\/p>\n<\/div>\n\n\n\n<div class=\"wp-block-column has-light-grey-background-color has-background is-layout-flow wp-block-column-is-layout-flow\">\n<figure class=\"wp-block-image aligncenter size-large\"><img decoding=\"async\" width=\"100\" height=\"98\" data-src=\"https:\/\/hgmhfoundation.org\/wp-content\/uploads\/2025\/05\/Group-163-1.svg\" alt=\"\" class=\"wp-image-746 lazyload\" src=\"data:image\/svg+xml;base64,PHN2ZyB3aWR0aD0iMSIgaGVpZ2h0PSIxIiB4bWxucz0iaHR0cDovL3d3dy53My5vcmcvMjAwMC9zdmciPjwvc3ZnPg==\" style=\"--smush-placeholder-width: 100px; --smush-placeholder-aspect-ratio: 100\/98;\" \/><\/figure>\n\n\n\n<h2 class=\"wp-block-heading has-text-align-center\">Got a Question<\/h2>\n\n\n\n<p class=\"has-text-align-center\"><a href=\"https:\/\/hgmhfoundation.org\/fr\/a-propos-de-nous\/contactez-nous\/\">PARLEZ-NOUS<\/a><\/p>\n<\/div>\n<\/div>\n\n\n\n<p><\/p>\n\n\n\n<div class=\"wp-block-group alignwide has-white-color has-neutral-background-color has-text-color has-background has-link-color wp-elements-63a0eaaa9e799f5fe5c597de77132e47 has-global-padding is-layout-constrained wp-block-group-is-layout-constrained\">\n<h2 class=\"wp-block-heading has-text-align-center has-white-color has-text-color has-link-color has-fira-sans-font-family wp-elements-6b3b8b1e97f1135af8d8a41af478791e\" style=\"font-style:normal;font-weight:400\">(Garder le formulaire Intouch) Lorem ipsum dolor sit amet.<\/h2>\n\n\n\n<p class=\"has-text-align-center has-white-color has-text-color has-link-color wp-elements-71ed6b68dcc54d0e1a1c94f1b2b536b3\">Lorem ipsum dolor sit amet, consectetur adipiscing elit. Donec gravida quis diam non malesuada.<\/p>\n<\/div>\n\n\n\n<div class=\"wp-block-group alignwide has-white-color has-secondary-background-color has-text-color has-background has-link-color wp-elements-d84bee3cc60c4278918d42d7b896f17d has-global-padding is-layout-constrained wp-block-group-is-layout-constrained\">\n<h2 class=\"wp-block-heading has-text-align-center fade-up has-white-color has-text-color has-link-color has-fira-sans-font-family wp-elements-f26b317d1dd7eb796ba8145aca9b8023\" style=\"font-style:normal;font-weight:400\">Chaque seconde offerte par nos b\u00e9n\u00e9voles fait une vraie diff\u00e9rence.<\/h2>\n\n\n\n<p class=\"has-text-align-center fade-up has-white-color has-text-color has-link-color wp-elements-f52b53d46f4b5e3a57ee080a19bf7cc9\">Votre engagement amplifie les efforts de la Fondation de notre h\u00f4pital, all\u00e9geant et enrichissant notre travail.<\/p>\n\n\n\n<p class=\"has-text-align-center fade-up has-white-color has-text-color has-link-color wp-elements-95439a9a3ffd6bebbeb96b9cc28c3ea3\" style=\"margin-top:var(--wp--preset--spacing--30);padding-top:0;padding-bottom:0\"><strong>D\u00e9couvrez comment vous pouvez utiliser votre temps pour aider notre communaut\u00e9.<\/strong><\/p>\n\n\n\n<div class=\"wp-block-buttons fade-up is-content-justification-center is-layout-flex wp-container-core-buttons-is-layout-a89b3969 wp-block-buttons-is-layout-flex\">\n<div class=\"wp-block-button donate-btn\"><a class=\"wp-block-button__link wp-element-button\" href=\"https:\/\/give-can.keela.co\/Hgmhfoundation\" target=\"_blank\" rel=\"noreferrer noopener\">FAIRE UN DON<\/a><\/div>\n<\/div>\n<\/div>\n","protected":false},"excerpt":{"rendered":"<p>Tout comme votre h\u00f4pital \u00e9volue, sa fondation \u00e9volue aussi. Nous avons une nouvelle directrice g\u00e9n\u00e9rale et une nouvelle \u00e9nergie au sein du conseil d&rsquo;administration, avec pour premier objectif de recueillir les fonds n\u00e9cessaires \u00e0 l\u2019achat de notre nouveau CT Scan et, tout aussi important, de d\u00e9velopper des strat\u00e9gies et des relations durables pour assurer la [&hellip;]<\/p>\n","protected":false},"author":2,"featured_media":1164,"parent":0,"menu_order":0,"comment_status":"closed","ping_status":"closed","template":"","meta":{"_acf_changed":false,"inline_featured_image":false,"footnotes":""},"class_list":["post-947","page","type-page","status-publish","has-post-thumbnail","hentry"],"acf":[],"yoast_head":"<!-- This site is optimized with the Yoast SEO plugin v25.3.1 - https:\/\/yoast.com\/wordpress\/plugins\/seo\/ -->\n<title>\u00c0 propos de nous - Glengarry Memorial Hospital Foundation<\/title>\n<meta name=\"robots\" content=\"index, follow, max-snippet:-1, max-image-preview:large, max-video-preview:-1\" \/>\n<link rel=\"canonical\" href=\"https:\/\/hgmhfoundation.org\/fr\/a-propos-de-nous\/\" \/>\n<meta property=\"og:locale\" content=\"fr_FR\" \/>\n<meta property=\"og:type\" content=\"article\" \/>\n<meta property=\"og:title\" content=\"\u00c0 propos de nous - Glengarry Memorial Hospital Foundation\" \/>\n<meta property=\"og:description\" content=\"Tout comme votre h\u00f4pital \u00e9volue, sa fondation \u00e9volue aussi. Nous avons une nouvelle directrice g\u00e9n\u00e9rale et une nouvelle \u00e9nergie au sein du conseil d&rsquo;administration, avec pour premier objectif de recueillir les fonds n\u00e9cessaires \u00e0 l\u2019achat de notre nouveau CT Scan et, tout aussi important, de d\u00e9velopper des strat\u00e9gies et des relations durables pour assurer la [&hellip;]\" \/>\n<meta property=\"og:url\" content=\"https:\/\/hgmhfoundation.org\/fr\/a-propos-de-nous\/\" \/>\n<meta property=\"og:site_name\" content=\"Glengarry Memorial Hospital Foundation\" \/>\n<meta property=\"article:modified_time\" content=\"2025-06-26T19:26:15+00:00\" \/>\n<meta property=\"og:image\" content=\"https:\/\/hgmhfoundation.org\/wp-content\/uploads\/2025\/06\/doctortools.jpg\" \/>\n\t<meta property=\"og:image:width\" content=\"1920\" \/>\n\t<meta property=\"og:image:height\" content=\"301\" \/>\n\t<meta property=\"og:image:type\" content=\"image\/jpeg\" \/>\n<meta name=\"twitter:card\" content=\"summary_large_image\" \/>\n<meta name=\"twitter:label1\" content=\"Dur\u00e9e de lecture estim\u00e9e\" \/>\n\t<meta name=\"twitter:data1\" content=\"3 minutes\" \/>\n<script type=\"application\/ld+json\" class=\"yoast-schema-graph\">{\"@context\":\"https:\/\/schema.org\",\"@graph\":[{\"@type\":\"WebPage\",\"@id\":\"https:\/\/hgmhfoundation.org\/fr\/a-propos-de-nous\/\",\"url\":\"https:\/\/hgmhfoundation.org\/fr\/a-propos-de-nous\/\",\"name\":\"\u00c0 propos de nous - Glengarry Memorial Hospital Foundation\",\"isPartOf\":{\"@id\":\"https:\/\/hgmhfoundation.org\/fr\/#website\"},\"primaryImageOfPage\":{\"@id\":\"https:\/\/hgmhfoundation.org\/fr\/a-propos-de-nous\/#primaryimage\"},\"image\":{\"@id\":\"https:\/\/hgmhfoundation.org\/fr\/a-propos-de-nous\/#primaryimage\"},\"thumbnailUrl\":\"https:\/\/hgmhfoundation.org\/wp-content\/uploads\/2025\/06\/doctortools.jpg\",\"datePublished\":\"2025-05-01T13:53:33+00:00\",\"dateModified\":\"2025-06-26T19:26:15+00:00\",\"breadcrumb\":{\"@id\":\"https:\/\/hgmhfoundation.org\/fr\/a-propos-de-nous\/#breadcrumb\"},\"inLanguage\":\"fr-FR\",\"potentialAction\":[{\"@type\":\"ReadAction\",\"target\":[\"https:\/\/hgmhfoundation.org\/fr\/a-propos-de-nous\/\"]}]},{\"@type\":\"ImageObject\",\"inLanguage\":\"fr-FR\",\"@id\":\"https:\/\/hgmhfoundation.org\/fr\/a-propos-de-nous\/#primaryimage\",\"url\":\"https:\/\/hgmhfoundation.org\/wp-content\/uploads\/2025\/06\/doctortools.jpg\",\"contentUrl\":\"https:\/\/hgmhfoundation.org\/wp-content\/uploads\/2025\/06\/doctortools.jpg\",\"width\":1920,\"height\":301},{\"@type\":\"BreadcrumbList\",\"@id\":\"https:\/\/hgmhfoundation.org\/fr\/a-propos-de-nous\/#breadcrumb\",\"itemListElement\":[{\"@type\":\"ListItem\",\"position\":1,\"name\":\"Home\",\"item\":\"https:\/\/hgmhfoundation.org\/fr\/\"},{\"@type\":\"ListItem\",\"position\":2,\"name\":\"\u00c0 propos de nous\"}]},{\"@type\":\"WebSite\",\"@id\":\"https:\/\/hgmhfoundation.org\/fr\/#website\",\"url\":\"https:\/\/hgmhfoundation.org\/fr\/\",\"name\":\"Glengarry Memorial Hospital Foundation\",\"description\":\"\",\"potentialAction\":[{\"@type\":\"SearchAction\",\"target\":{\"@type\":\"EntryPoint\",\"urlTemplate\":\"https:\/\/hgmhfoundation.org\/fr\/?s={search_term_string}\"},\"query-input\":{\"@type\":\"PropertyValueSpecification\",\"valueRequired\":true,\"valueName\":\"search_term_string\"}}],\"inLanguage\":\"fr-FR\"}]}<\/script>\n<!-- \/ Yoast SEO plugin. -->","yoast_head_json":{"title":"\u00c0 propos de nous - Glengarry Memorial Hospital Foundation","robots":{"index":"index","follow":"follow","max-snippet":"max-snippet:-1","max-image-preview":"max-image-preview:large","max-video-preview":"max-video-preview:-1"},"canonical":"https:\/\/hgmhfoundation.org\/fr\/a-propos-de-nous\/","og_locale":"fr_FR","og_type":"article","og_title":"\u00c0 propos de nous - Glengarry Memorial Hospital Foundation","og_description":"Tout comme votre h\u00f4pital \u00e9volue, sa fondation \u00e9volue aussi. Nous avons une nouvelle directrice g\u00e9n\u00e9rale et une nouvelle \u00e9nergie au sein du conseil d&rsquo;administration, avec pour premier objectif de recueillir les fonds n\u00e9cessaires \u00e0 l\u2019achat de notre nouveau CT Scan et, tout aussi important, de d\u00e9velopper des strat\u00e9gies et des relations durables pour assurer la [&hellip;]","og_url":"https:\/\/hgmhfoundation.org\/fr\/a-propos-de-nous\/","og_site_name":"Glengarry Memorial Hospital Foundation","article_modified_time":"2025-06-26T19:26:15+00:00","og_image":[{"width":1920,"height":301,"url":"https:\/\/hgmhfoundation.org\/wp-content\/uploads\/2025\/06\/doctortools.jpg","type":"image\/jpeg"}],"twitter_card":"summary_large_image","twitter_misc":{"Dur\u00e9e de lecture estim\u00e9e":"3 minutes"},"schema":{"@context":"https:\/\/schema.org","@graph":[{"@type":"WebPage","@id":"https:\/\/hgmhfoundation.org\/fr\/a-propos-de-nous\/","url":"https:\/\/hgmhfoundation.org\/fr\/a-propos-de-nous\/","name":"\u00c0 propos de nous - Glengarry Memorial Hospital Foundation","isPartOf":{"@id":"https:\/\/hgmhfoundation.org\/fr\/#website"},"primaryImageOfPage":{"@id":"https:\/\/hgmhfoundation.org\/fr\/a-propos-de-nous\/#primaryimage"},"image":{"@id":"https:\/\/hgmhfoundation.org\/fr\/a-propos-de-nous\/#primaryimage"},"thumbnailUrl":"https:\/\/hgmhfoundation.org\/wp-content\/uploads\/2025\/06\/doctortools.jpg","datePublished":"2025-05-01T13:53:33+00:00","dateModified":"2025-06-26T19:26:15+00:00","breadcrumb":{"@id":"https:\/\/hgmhfoundation.org\/fr\/a-propos-de-nous\/#breadcrumb"},"inLanguage":"fr-FR","potentialAction":[{"@type":"ReadAction","target":["https:\/\/hgmhfoundation.org\/fr\/a-propos-de-nous\/"]}]},{"@type":"ImageObject","inLanguage":"fr-FR","@id":"https:\/\/hgmhfoundation.org\/fr\/a-propos-de-nous\/#primaryimage","url":"https:\/\/hgmhfoundation.org\/wp-content\/uploads\/2025\/06\/doctortools.jpg","contentUrl":"https:\/\/hgmhfoundation.org\/wp-content\/uploads\/2025\/06\/doctortools.jpg","width":1920,"height":301},{"@type":"BreadcrumbList","@id":"https:\/\/hgmhfoundation.org\/fr\/a-propos-de-nous\/#breadcrumb","itemListElement":[{"@type":"ListItem","position":1,"name":"Home","item":"https:\/\/hgmhfoundation.org\/fr\/"},{"@type":"ListItem","position":2,"name":"\u00c0 propos de nous"}]},{"@type":"WebSite","@id":"https:\/\/hgmhfoundation.org\/fr\/#website","url":"https:\/\/hgmhfoundation.org\/fr\/","name":"Glengarry Memorial Hospital Foundation","description":"","potentialAction":[{"@type":"SearchAction","target":{"@type":"EntryPoint","urlTemplate":"https:\/\/hgmhfoundation.org\/fr\/?s={search_term_string}"},"query-input":{"@type":"PropertyValueSpecification","valueRequired":true,"valueName":"search_term_string"}}],"inLanguage":"fr-FR"}]}},"_links":{"self":[{"href":"https:\/\/hgmhfoundation.org\/fr\/wp-json\/wp\/v2\/pages\/947","targetHints":{"allow":["GET"]}}],"collection":[{"href":"https:\/\/hgmhfoundation.org\/fr\/wp-json\/wp\/v2\/pages"}],"about":[{"href":"https:\/\/hgmhfoundation.org\/fr\/wp-json\/wp\/v2\/types\/page"}],"author":[{"embeddable":true,"href":"https:\/\/hgmhfoundation.org\/fr\/wp-json\/wp\/v2\/users\/2"}],"replies":[{"embeddable":true,"href":"https:\/\/hgmhfoundation.org\/fr\/wp-json\/wp\/v2\/comments?post=947"}],"version-history":[{"count":7,"href":"https:\/\/hgmhfoundation.org\/fr\/wp-json\/wp\/v2\/pages\/947\/revisions"}],"predecessor-version":[{"id":1214,"href":"https:\/\/hgmhfoundation.org\/fr\/wp-json\/wp\/v2\/pages\/947\/revisions\/1214"}],"wp:featuredmedia":[{"embeddable":true,"href":"https:\/\/hgmhfoundation.org\/fr\/wp-json\/wp\/v2\/media\/1164"}],"wp:attachment":[{"href":"https:\/\/hgmhfoundation.org\/fr\/wp-json\/wp\/v2\/media?parent=947"}],"curies":[{"name":"wp","href":"https:\/\/api.w.org\/{rel}","templated":true}]}}