{"id":950,"date":"2025-04-29T15:53:32","date_gmt":"2025-04-29T15:53:32","guid":{"rendered":"https:\/\/hgmhfoundation.org\/a-propos-de-nous\/comment-devenir-benevole\/"},"modified":"2025-05-15T13:20:48","modified_gmt":"2025-05-15T13:20:48","slug":"comment-devenir-benevole","status":"publish","type":"page","link":"https:\/\/hgmhfoundation.org\/fr\/a-propos-de-nous\/comment-devenir-benevole\/","title":{"rendered":"Comment Devenir B\u00e9n\u00e9vole"},"content":{"rendered":"\n<p>On dit souvent que le b\u00e9n\u00e9volat est le loyer que l&rsquo;on paye pour vivre sur cette terre. Ajustons un peu cette id\u00e9e en disant que c&rsquo;est le loyer que l&rsquo;on paye pour avoir un excellent h\u00f4pital local. Chaque seconde de temps donn\u00e9e par les b\u00e9n\u00e9voles de la communaut\u00e9 est une b\u00e9n\u00e9diction. Elle prouve l&rsquo;engagement de notre communaut\u00e9 envers l&rsquo;\u00e9quipe de l&rsquo;H\u00f4pital Glengarry Memorial et amplifie les efforts de notre Fondation. On dit aussi que beaucoup de mains rendent le travail plus l\u00e9ger. Merci de rendre notre travail plus l\u00e9ger et plus gratifiant.      <\/p>\n\n<div class=\"wp-block-columns is-style-section-1 is-layout-flex wp-container-core-columns-is-layout-28f84493 wp-block-columns-is-layout-flex is-style-section-1--1\">\n<div class=\"wp-block-column is-layout-flow wp-block-column-is-layout-flow\">\n<figure class=\"wp-block-image aligncenter size-large\"><img decoding=\"async\" width=\"69\" height=\"72\" data-src=\"https:\/\/hgmhfoundation.org\/wp-content\/uploads\/2025\/05\/Group-143.svg\" alt=\"\" class=\"wp-image-604 lazyload\" src=\"data:image\/svg+xml;base64,PHN2ZyB3aWR0aD0iMSIgaGVpZ2h0PSIxIiB4bWxucz0iaHR0cDovL3d3dy53My5vcmcvMjAwMC9zdmciPjwvc3ZnPg==\" style=\"--smush-placeholder-width: 69px; --smush-placeholder-aspect-ratio: 69\/72;\" \/><\/figure>\n\n\n\n<p class=\"has-text-align-center\">Aidez-nous \u00e0 planifier et \u00e0 organiser des \u00e9v\u00e9nements communautaires et des activit\u00e9s de collecte de fonds amusantes.<\/p>\n<\/div>\n\n\n\n<div class=\"wp-block-column is-layout-flow wp-block-column-is-layout-flow\">\n<figure class=\"wp-block-image aligncenter size-large\"><img decoding=\"async\" width=\"104\" height=\"72\" data-src=\"https:\/\/hgmhfoundation.org\/wp-content\/uploads\/2025\/05\/Group-137.svg\" alt=\"\" class=\"wp-image-605 lazyload\" src=\"data:image\/svg+xml;base64,PHN2ZyB3aWR0aD0iMSIgaGVpZ2h0PSIxIiB4bWxucz0iaHR0cDovL3d3dy53My5vcmcvMjAwMC9zdmciPjwvc3ZnPg==\" style=\"--smush-placeholder-width: 104px; --smush-placeholder-aspect-ratio: 104\/72;\" \/><\/figure>\n\n\n\n<p class=\"has-text-align-center\">Aidez-nous avec l&rsquo;envoi de cartes postales pour les demandes de dons et le suivi des r\u00e9sultats.<\/p>\n<\/div>\n<\/div>\n\n<div class=\"wp-block-columns is-style-section-1 is-layout-flex wp-container-core-columns-is-layout-28f84493 wp-block-columns-is-layout-flex is-style-section-1--2\">\n<div class=\"wp-block-column is-layout-flow wp-block-column-is-layout-flow\">\n<figure class=\"wp-block-image aligncenter size-large\"><img decoding=\"async\" width=\"70\" height=\"72\" data-src=\"https:\/\/hgmhfoundation.org\/wp-content\/uploads\/2025\/05\/Group-141.svg\" alt=\"\" class=\"wp-image-607 lazyload\" src=\"data:image\/svg+xml;base64,PHN2ZyB3aWR0aD0iMSIgaGVpZ2h0PSIxIiB4bWxucz0iaHR0cDovL3d3dy53My5vcmcvMjAwMC9zdmciPjwvc3ZnPg==\" style=\"--smush-placeholder-width: 70px; --smush-placeholder-aspect-ratio: 70\/72;\" \/><\/figure>\n\n\n\n<p class=\"has-text-align-center\">Engagez vos voisins et amis dans la collecte de fonds pour l&rsquo;h\u00f4pital et l&rsquo;engagement communautaire.<\/p>\n<\/div>\n\n\n\n<div class=\"wp-block-column is-layout-flow wp-block-column-is-layout-flow\">\n<figure class=\"wp-block-image aligncenter size-large\"><img decoding=\"async\" width=\"50\" height=\"72\" data-src=\"https:\/\/hgmhfoundation.org\/wp-content\/uploads\/2025\/05\/Group-135.svg\" alt=\"\" class=\"wp-image-608 lazyload\" src=\"data:image\/svg+xml;base64,PHN2ZyB3aWR0aD0iMSIgaGVpZ2h0PSIxIiB4bWxucz0iaHR0cDovL3d3dy53My5vcmcvMjAwMC9zdmciPjwvc3ZnPg==\" style=\"--smush-placeholder-width: 50px; --smush-placeholder-aspect-ratio: 50\/72;\" \/><\/figure>\n\n\n\n<p class=\"has-text-align-center\">Nous avons toujours besoin d&rsquo;aide au bureau avec l&rsquo;administration, surtout \u00e0 mesure que notre campagne pour le CT Scanner se d\u00e9veloppe.<\/p>\n<\/div>\n<\/div>\n\n<div style=\"height:10px\" aria-hidden=\"true\" class=\"wp-block-spacer\"><\/div>\n\n<h2 class=\"wp-block-heading\">Remplissez le formulaire ci-dessous et quelqu&rsquo;un vous contactera.<\/h2>\n<div class=\"wpforms-container wpforms-container-full wpforms-render-modern\" id=\"wpforms-618\"><form id=\"wpforms-form-618\" class=\"wpforms-validate wpforms-form wpforms-ajax-form\" data-formid=\"618\" method=\"post\" enctype=\"multipart\/form-data\" action=\"\/fr\/wp-json\/wp\/v2\/pages\/950\" data-token=\"acbc8913fc3d7ca75e4ae004e5dc0748\" data-token-time=\"1777302473\"><noscript class=\"wpforms-error-noscript\">Veuillez activer JavaScript dans votre navigateur pour remplir ce formulaire.<\/noscript><div class=\"wpforms-hidden\" id=\"wpforms-error-noscript\">Veuillez activer JavaScript dans votre navigateur pour remplir ce formulaire.<\/div><div class=\"wpforms-field-container\"><div id=\"wpforms-618-field_9-container\" class=\"wpforms-field wpforms-field-name\" data-field-id=\"9\"><fieldset><legend class=\"wpforms-field-label\">NAME <span class=\"wpforms-required-label\" aria-hidden=\"true\">*<\/span><\/legend><div class=\"wpforms-field-row wpforms-field-medium\"><div class=\"wpforms-field-row-block wpforms-first wpforms-one-half\"><input type=\"text\" id=\"wpforms-618-field_9\" class=\"wpforms-field-name-first wpforms-field-required\" name=\"wpforms[fields][9][first]\" aria-errormessage=\"wpforms-618-field_9-error\" required><label for=\"wpforms-618-field_9\" class=\"wpforms-field-sublabel after\">First<\/label><\/div><div class=\"wpforms-field-row-block wpforms-one-half\"><input type=\"text\" id=\"wpforms-618-field_9-last\" class=\"wpforms-field-name-last wpforms-field-required\" name=\"wpforms[fields][9][last]\" aria-errormessage=\"wpforms-618-field_9-last-error\" required><label for=\"wpforms-618-field_9-last\" class=\"wpforms-field-sublabel after\">Last<\/label><\/div><\/div><\/fieldset><\/div><div id=\"wpforms-618-field_6-container\" class=\"wpforms-field wpforms-field-email\" data-field-id=\"6\"><label class=\"wpforms-field-label\" for=\"wpforms-618-field_6\">EMAIL <span class=\"wpforms-required-label\" aria-hidden=\"true\">*<\/span><\/label><input type=\"email\" id=\"wpforms-618-field_6\" class=\"wpforms-field-medium wpforms-field-required\" name=\"wpforms[fields][6]\" spellcheck=\"false\" aria-errormessage=\"wpforms-618-field_6-error\" required><\/div>\t\t<div id=\"wpforms-618-field_2-container\"\n\t\t\tclass=\"wpforms-field wpforms-field-text\"\n\t\t\tdata-field-type=\"text\"\n\t\t\tdata-field-id=\"2\"\n\t\t\t>\n\t\t\t<label class=\"wpforms-field-label\" for=\"wpforms-618-field_2\" >EMAIL PHONE NAME<\/label>\n\t\t\t<input type=\"text\" id=\"wpforms-618-field_2\" class=\"wpforms-field-medium\" name=\"wpforms[fields][2]\" >\n\t\t<\/div>\n\t\t<div id=\"wpforms-618-field_1-container\" class=\"wpforms-field wpforms-field-text\" data-field-id=\"1\"><label class=\"wpforms-field-label\" for=\"wpforms-618-field_1\">PHONE<\/label><input type=\"text\" id=\"wpforms-618-field_1\" class=\"wpforms-field-medium\" name=\"wpforms[fields][1]\" aria-errormessage=\"wpforms-618-field_1-error\" ><\/div><script>\n\t\t\t\t( function() {\n\t\t\t\t\tconst style = document.createElement( 'style' );\n\t\t\t\t\tstyle.appendChild( document.createTextNode( '#wpforms-618-field_2-container { position: absolute !important; overflow: hidden !important; display: inline !important; height: 1px !important; width: 1px !important; z-index: -1000 !important; padding: 0 !important; } #wpforms-618-field_2-container input { visibility: hidden; } #wpforms-conversational-form-page #wpforms-618-field_2-container label { counter-increment: none; }' ) );\n\t\t\t\t\tdocument.head.appendChild( style );\n\t\t\t\t\tdocument.currentScript?.remove();\n\t\t\t\t} )();\n\t\t\t<\/script><\/div><!-- .wpforms-field-container --><div class=\"wpforms-recaptcha-container wpforms-is-recaptcha wpforms-is-recaptcha-type-invisible\" ><div class=\"g-recaptcha\" data-sitekey=\"6LeIInUrAAAAAF2zZIcGUCQbWt-Q19paTAGQMqUO\" data-size=\"invisible\"><\/div><\/div><div class=\"wpforms-submit-container\" ><input type=\"hidden\" name=\"wpforms[id]\" value=\"618\"><input type=\"hidden\" name=\"page_title\" value=\"\"><input type=\"hidden\" name=\"page_url\" value=\"https:\/\/hgmhfoundation.org\/fr\/wp-json\/wp\/v2\/pages\/950\"><input type=\"hidden\" name=\"url_referer\" value=\"\"><button type=\"submit\" name=\"wpforms[submit]\" id=\"wpforms-submit-618\" class=\"wpforms-submit\" data-alt-text=\"Sending...\" data-submit-text=\"CONTACT ME\" aria-live=\"assertive\" value=\"wpforms-submit\">CONTACT ME<\/button><img decoding=\"async\" data-src=\"https:\/\/hgmhfoundation.org\/wp-content\/plugins\/wpforms-lite\/assets\/images\/submit-spin.svg\" class=\"wpforms-submit-spinner lazyload\" style=\"--smush-placeholder-width: 26px; --smush-placeholder-aspect-ratio: 26\/26;display: none;\" width=\"26\" height=\"26\" alt=\"Chargement en cours\" src=\"data:image\/svg+xml;base64,PHN2ZyB3aWR0aD0iMSIgaGVpZ2h0PSIxIiB4bWxucz0iaHR0cDovL3d3dy53My5vcmcvMjAwMC9zdmciPjwvc3ZnPg==\"><\/div><\/form><\/div>  <!-- .wpforms-container -->\n\n<h2 class=\"wp-block-heading\">Ou appelez nous ou envoyez-nous un courriel.<\/h2>\n\n<p>On dit souvent que le b\u00e9n\u00e9volat est le loyer que l&rsquo;on paye pour vivre sur cette terre. Ajustons un peu cette id\u00e9e en disant que c&rsquo;est le loyer que l&rsquo;on paye pour avoir un excellent h\u00f4pital local. Chaque seconde de temps donn\u00e9e par les b\u00e9n\u00e9voles de la communaut\u00e9 est une b\u00e9n\u00e9diction. Elle prouve l&rsquo;engagement de notre communaut\u00e9 envers l&rsquo;\u00e9quipe de l&rsquo;H\u00f4pital Glengarry Memorial et amplifie les efforts de notre Fondation. On dit aussi que beaucoup de mains rendent le travail plus l\u00e9ger. Merci de rendre notre travail plus l\u00e9ger et plus gratifiant.      <\/p>\n\n<div class=\"wp-block-group has-global-padding is-layout-constrained wp-container-core-group-is-layout-639b5052 wp-block-group-is-layout-constrained\" style=\"padding-top:0;padding-right:0;padding-bottom:0;padding-left:0\">\n<div class=\"wp-block-group is-nowrap is-layout-flex wp-container-core-group-is-layout-bcde1d39 wp-block-group-is-layout-flex\" style=\"padding-top:0;padding-right:0;padding-bottom:0;padding-left:0\">\n<figure class=\"wp-block-image size-large\"><img decoding=\"async\" width=\"30\" height=\"30\" data-src=\"https:\/\/hgmhfoundation.org\/wp-content\/uploads\/2025\/05\/Group-144.svg\" alt=\"\" class=\"wp-image-598 lazyload\" src=\"data:image\/svg+xml;base64,PHN2ZyB3aWR0aD0iMSIgaGVpZ2h0PSIxIiB4bWxucz0iaHR0cDovL3d3dy53My5vcmcvMjAwMC9zdmciPjwvc3ZnPg==\" style=\"--smush-placeholder-width: 30px; --smush-placeholder-aspect-ratio: 30\/30;\" \/><\/figure>\n\n\n\n<p><a href=\"mailto:info@hgmhfoundation.org\">info@hgmhfoundation.org<\/a><\/p>\n<\/div>\n\n\n\n<div class=\"wp-block-group is-nowrap is-layout-flex wp-container-core-group-is-layout-bcde1d39 wp-block-group-is-layout-flex\" style=\"padding-top:0;padding-right:0;padding-bottom:0;padding-left:0\">\n<figure class=\"wp-block-image size-large\"><img decoding=\"async\" width=\"30\" height=\"30\" data-src=\"https:\/\/hgmhfoundation.org\/wp-content\/uploads\/2025\/05\/Path-272.svg\" alt=\"\" class=\"wp-image-600 lazyload\" src=\"data:image\/svg+xml;base64,PHN2ZyB3aWR0aD0iMSIgaGVpZ2h0PSIxIiB4bWxucz0iaHR0cDovL3d3dy53My5vcmcvMjAwMC9zdmciPjwvc3ZnPg==\" style=\"--smush-placeholder-width: 30px; --smush-placeholder-aspect-ratio: 30\/30;\" \/><\/figure>\n\n\n\n<p><a href=\"tel:6135252222\">613.525.2222<\/a> poste 4138<\/p>\n<\/div>\n<\/div>\n\n<p><\/p>\n\n<div class=\"wp-block-group alignwide has-white-color has-secondary-background-color has-text-color has-background has-link-color wp-elements-d84bee3cc60c4278918d42d7b896f17d has-global-padding is-layout-constrained wp-block-group-is-layout-constrained\">\n<h2 class=\"wp-block-heading has-text-align-center fade-up has-white-color has-text-color has-link-color has-fira-sans-font-family wp-elements-f26b317d1dd7eb796ba8145aca9b8023\" style=\"font-style:normal;font-weight:400\">Chaque seconde offerte par nos b\u00e9n\u00e9voles fait une vraie diff\u00e9rence.<\/h2>\n\n\n\n<p class=\"has-text-align-center fade-up has-white-color has-text-color has-link-color wp-elements-f52b53d46f4b5e3a57ee080a19bf7cc9\">Votre engagement amplifie les efforts de la Fondation de notre h\u00f4pital, all\u00e9geant et enrichissant notre travail.<\/p>\n\n\n\n<p class=\"has-text-align-center fade-up has-white-color has-text-color has-link-color wp-elements-95439a9a3ffd6bebbeb96b9cc28c3ea3\" style=\"margin-top:var(--wp--preset--spacing--30);padding-top:0;padding-bottom:0\"><strong>D\u00e9couvrez comment vous pouvez utiliser votre temps pour aider notre communaut\u00e9.<\/strong><\/p>\n\n\n\n<div class=\"wp-block-buttons fade-up is-content-justification-center is-layout-flex wp-container-core-buttons-is-layout-a89b3969 wp-block-buttons-is-layout-flex\">\n<div class=\"wp-block-button donate-btn\"><a class=\"wp-block-button__link wp-element-button\" href=\"https:\/\/give-can.keela.co\/Hgmhfoundation\" target=\"_blank\" rel=\"noreferrer noopener\">FAIRE UN DON<\/a><\/div>\n<\/div>\n<\/div>\n","protected":false},"excerpt":{"rendered":"<p>On dit souvent que le b\u00e9n\u00e9volat est le loyer que l&rsquo;on paye pour vivre sur cette terre. Ajustons un peu cette id\u00e9e en disant que c&rsquo;est le loyer que l&rsquo;on paye pour avoir un excellent h\u00f4pital local. Chaque seconde de temps donn\u00e9e par les b\u00e9n\u00e9voles de la communaut\u00e9 est une b\u00e9n\u00e9diction. Elle prouve l&rsquo;engagement de [&hellip;]<\/p>\n","protected":false},"author":2,"featured_media":0,"parent":947,"menu_order":0,"comment_status":"closed","ping_status":"closed","template":"","meta":{"_acf_changed":false,"inline_featured_image":false,"footnotes":""},"class_list":["post-950","page","type-page","status-publish","hentry"],"acf":[],"yoast_head":"<!-- This site is optimized with the Yoast SEO plugin v25.3.1 - https:\/\/yoast.com\/wordpress\/plugins\/seo\/ -->\n<title>Comment Devenir B\u00e9n\u00e9vole - Glengarry Memorial Hospital Foundation<\/title>\n<meta name=\"robots\" content=\"index, follow, max-snippet:-1, max-image-preview:large, max-video-preview:-1\" \/>\n<link rel=\"canonical\" href=\"https:\/\/hgmhfoundation.org\/fr\/a-propos-de-nous\/comment-devenir-benevole\/\" \/>\n<meta property=\"og:locale\" content=\"fr_FR\" \/>\n<meta property=\"og:type\" content=\"article\" \/>\n<meta property=\"og:title\" content=\"Comment Devenir B\u00e9n\u00e9vole - Glengarry Memorial Hospital Foundation\" \/>\n<meta property=\"og:description\" content=\"On dit souvent que le b\u00e9n\u00e9volat est le loyer que l&rsquo;on paye pour vivre sur cette terre. Ajustons un peu cette id\u00e9e en disant que c&rsquo;est le loyer que l&rsquo;on paye pour avoir un excellent h\u00f4pital local. Chaque seconde de temps donn\u00e9e par les b\u00e9n\u00e9voles de la communaut\u00e9 est une b\u00e9n\u00e9diction. Elle prouve l&rsquo;engagement de [&hellip;]\" \/>\n<meta property=\"og:url\" content=\"https:\/\/hgmhfoundation.org\/fr\/a-propos-de-nous\/comment-devenir-benevole\/\" \/>\n<meta property=\"og:site_name\" content=\"Glengarry Memorial Hospital Foundation\" \/>\n<meta property=\"article:modified_time\" content=\"2025-05-15T13:20:48+00:00\" \/>\n<meta name=\"twitter:card\" content=\"summary_large_image\" \/>\n<meta name=\"twitter:label1\" content=\"Dur\u00e9e de lecture estim\u00e9e\" \/>\n\t<meta name=\"twitter:data1\" content=\"2 minutes\" \/>\n<script type=\"application\/ld+json\" class=\"yoast-schema-graph\">{\"@context\":\"https:\/\/schema.org\",\"@graph\":[{\"@type\":\"WebPage\",\"@id\":\"https:\/\/hgmhfoundation.org\/fr\/a-propos-de-nous\/comment-devenir-benevole\/\",\"url\":\"https:\/\/hgmhfoundation.org\/fr\/a-propos-de-nous\/comment-devenir-benevole\/\",\"name\":\"Comment Devenir B\u00e9n\u00e9vole - Glengarry Memorial Hospital Foundation\",\"isPartOf\":{\"@id\":\"https:\/\/hgmhfoundation.org\/fr\/#website\"},\"primaryImageOfPage\":{\"@id\":\"https:\/\/hgmhfoundation.org\/fr\/a-propos-de-nous\/comment-devenir-benevole\/#primaryimage\"},\"image\":{\"@id\":\"https:\/\/hgmhfoundation.org\/fr\/a-propos-de-nous\/comment-devenir-benevole\/#primaryimage\"},\"thumbnailUrl\":\"https:\/\/hgmhfoundation.org\/wp-content\/uploads\/2025\/05\/Group-143.svg\",\"datePublished\":\"2025-04-29T15:53:32+00:00\",\"dateModified\":\"2025-05-15T13:20:48+00:00\",\"breadcrumb\":{\"@id\":\"https:\/\/hgmhfoundation.org\/fr\/a-propos-de-nous\/comment-devenir-benevole\/#breadcrumb\"},\"inLanguage\":\"fr-FR\",\"potentialAction\":[{\"@type\":\"ReadAction\",\"target\":[\"https:\/\/hgmhfoundation.org\/fr\/a-propos-de-nous\/comment-devenir-benevole\/\"]}]},{\"@type\":\"ImageObject\",\"inLanguage\":\"fr-FR\",\"@id\":\"https:\/\/hgmhfoundation.org\/fr\/a-propos-de-nous\/comment-devenir-benevole\/#primaryimage\",\"url\":\"https:\/\/hgmhfoundation.org\/wp-content\/uploads\/2025\/05\/Group-143.svg\",\"contentUrl\":\"https:\/\/hgmhfoundation.org\/wp-content\/uploads\/2025\/05\/Group-143.svg\"},{\"@type\":\"BreadcrumbList\",\"@id\":\"https:\/\/hgmhfoundation.org\/fr\/a-propos-de-nous\/comment-devenir-benevole\/#breadcrumb\",\"itemListElement\":[{\"@type\":\"ListItem\",\"position\":1,\"name\":\"Home\",\"item\":\"https:\/\/hgmhfoundation.org\/fr\/\"},{\"@type\":\"ListItem\",\"position\":2,\"name\":\"\u00c0 propos de nous\",\"item\":\"https:\/\/hgmhfoundation.org\/fr\/a-propos-de-nous\/\"},{\"@type\":\"ListItem\",\"position\":3,\"name\":\"Comment Devenir B\u00e9n\u00e9vole\"}]},{\"@type\":\"WebSite\",\"@id\":\"https:\/\/hgmhfoundation.org\/fr\/#website\",\"url\":\"https:\/\/hgmhfoundation.org\/fr\/\",\"name\":\"Glengarry Memorial Hospital Foundation\",\"description\":\"\",\"potentialAction\":[{\"@type\":\"SearchAction\",\"target\":{\"@type\":\"EntryPoint\",\"urlTemplate\":\"https:\/\/hgmhfoundation.org\/fr\/?s={search_term_string}\"},\"query-input\":{\"@type\":\"PropertyValueSpecification\",\"valueRequired\":true,\"valueName\":\"search_term_string\"}}],\"inLanguage\":\"fr-FR\"}]}<\/script>\n<!-- \/ Yoast SEO plugin. -->","yoast_head_json":{"title":"Comment Devenir B\u00e9n\u00e9vole - Glengarry Memorial Hospital Foundation","robots":{"index":"index","follow":"follow","max-snippet":"max-snippet:-1","max-image-preview":"max-image-preview:large","max-video-preview":"max-video-preview:-1"},"canonical":"https:\/\/hgmhfoundation.org\/fr\/a-propos-de-nous\/comment-devenir-benevole\/","og_locale":"fr_FR","og_type":"article","og_title":"Comment Devenir B\u00e9n\u00e9vole - Glengarry Memorial Hospital Foundation","og_description":"On dit souvent que le b\u00e9n\u00e9volat est le loyer que l&rsquo;on paye pour vivre sur cette terre. Ajustons un peu cette id\u00e9e en disant que c&rsquo;est le loyer que l&rsquo;on paye pour avoir un excellent h\u00f4pital local. Chaque seconde de temps donn\u00e9e par les b\u00e9n\u00e9voles de la communaut\u00e9 est une b\u00e9n\u00e9diction. Elle prouve l&rsquo;engagement de [&hellip;]","og_url":"https:\/\/hgmhfoundation.org\/fr\/a-propos-de-nous\/comment-devenir-benevole\/","og_site_name":"Glengarry Memorial Hospital Foundation","article_modified_time":"2025-05-15T13:20:48+00:00","twitter_card":"summary_large_image","twitter_misc":{"Dur\u00e9e de lecture estim\u00e9e":"2 minutes"},"schema":{"@context":"https:\/\/schema.org","@graph":[{"@type":"WebPage","@id":"https:\/\/hgmhfoundation.org\/fr\/a-propos-de-nous\/comment-devenir-benevole\/","url":"https:\/\/hgmhfoundation.org\/fr\/a-propos-de-nous\/comment-devenir-benevole\/","name":"Comment Devenir B\u00e9n\u00e9vole - Glengarry Memorial Hospital Foundation","isPartOf":{"@id":"https:\/\/hgmhfoundation.org\/fr\/#website"},"primaryImageOfPage":{"@id":"https:\/\/hgmhfoundation.org\/fr\/a-propos-de-nous\/comment-devenir-benevole\/#primaryimage"},"image":{"@id":"https:\/\/hgmhfoundation.org\/fr\/a-propos-de-nous\/comment-devenir-benevole\/#primaryimage"},"thumbnailUrl":"https:\/\/hgmhfoundation.org\/wp-content\/uploads\/2025\/05\/Group-143.svg","datePublished":"2025-04-29T15:53:32+00:00","dateModified":"2025-05-15T13:20:48+00:00","breadcrumb":{"@id":"https:\/\/hgmhfoundation.org\/fr\/a-propos-de-nous\/comment-devenir-benevole\/#breadcrumb"},"inLanguage":"fr-FR","potentialAction":[{"@type":"ReadAction","target":["https:\/\/hgmhfoundation.org\/fr\/a-propos-de-nous\/comment-devenir-benevole\/"]}]},{"@type":"ImageObject","inLanguage":"fr-FR","@id":"https:\/\/hgmhfoundation.org\/fr\/a-propos-de-nous\/comment-devenir-benevole\/#primaryimage","url":"https:\/\/hgmhfoundation.org\/wp-content\/uploads\/2025\/05\/Group-143.svg","contentUrl":"https:\/\/hgmhfoundation.org\/wp-content\/uploads\/2025\/05\/Group-143.svg"},{"@type":"BreadcrumbList","@id":"https:\/\/hgmhfoundation.org\/fr\/a-propos-de-nous\/comment-devenir-benevole\/#breadcrumb","itemListElement":[{"@type":"ListItem","position":1,"name":"Home","item":"https:\/\/hgmhfoundation.org\/fr\/"},{"@type":"ListItem","position":2,"name":"\u00c0 propos de nous","item":"https:\/\/hgmhfoundation.org\/fr\/a-propos-de-nous\/"},{"@type":"ListItem","position":3,"name":"Comment Devenir B\u00e9n\u00e9vole"}]},{"@type":"WebSite","@id":"https:\/\/hgmhfoundation.org\/fr\/#website","url":"https:\/\/hgmhfoundation.org\/fr\/","name":"Glengarry Memorial Hospital Foundation","description":"","potentialAction":[{"@type":"SearchAction","target":{"@type":"EntryPoint","urlTemplate":"https:\/\/hgmhfoundation.org\/fr\/?s={search_term_string}"},"query-input":{"@type":"PropertyValueSpecification","valueRequired":true,"valueName":"search_term_string"}}],"inLanguage":"fr-FR"}]}},"_links":{"self":[{"href":"https:\/\/hgmhfoundation.org\/fr\/wp-json\/wp\/v2\/pages\/950","targetHints":{"allow":["GET"]}}],"collection":[{"href":"https:\/\/hgmhfoundation.org\/fr\/wp-json\/wp\/v2\/pages"}],"about":[{"href":"https:\/\/hgmhfoundation.org\/fr\/wp-json\/wp\/v2\/types\/page"}],"author":[{"embeddable":true,"href":"https:\/\/hgmhfoundation.org\/fr\/wp-json\/wp\/v2\/users\/2"}],"replies":[{"embeddable":true,"href":"https:\/\/hgmhfoundation.org\/fr\/wp-json\/wp\/v2\/comments?post=950"}],"version-history":[{"count":1,"href":"https:\/\/hgmhfoundation.org\/fr\/wp-json\/wp\/v2\/pages\/950\/revisions"}],"predecessor-version":[{"id":951,"href":"https:\/\/hgmhfoundation.org\/fr\/wp-json\/wp\/v2\/pages\/950\/revisions\/951"}],"up":[{"embeddable":true,"href":"https:\/\/hgmhfoundation.org\/fr\/wp-json\/wp\/v2\/pages\/947"}],"wp:attachment":[{"href":"https:\/\/hgmhfoundation.org\/fr\/wp-json\/wp\/v2\/media?parent=950"}],"curies":[{"name":"wp","href":"https:\/\/api.w.org\/{rel}","templated":true}]}}