{"id":958,"date":"2025-04-29T15:51:45","date_gmt":"2025-04-29T15:51:45","guid":{"rendered":"https:\/\/hgmhfoundation.org\/archives-des-histoires\/"},"modified":"2025-05-15T15:29:06","modified_gmt":"2025-05-15T15:29:06","slug":"archives-des-histoires","status":"publish","type":"page","link":"https:\/\/hgmhfoundation.org\/fr\/archives-des-histoires\/","title":{"rendered":"Archives des histoires"},"content":{"rendered":"<form data-sf-form-id='868' data-is-rtl='0' data-maintain-state='' data-results-url='https:\/\/hgmhfoundation.org\/stories-archive\/' data-ajax-url='https:\/\/hgmhfoundation.org\/fr\/?sfid=868&amp;sf_action=get_data&amp;sf_data=results' data-ajax-form-url='https:\/\/hgmhfoundation.org\/fr\/?sfid=868&amp;sf_action=get_data&amp;sf_data=form' data-display-result-method='shortcode' data-use-history-api='1' data-template-loaded='0' data-lang-code='fr' data-ajax='1' data-ajax-data-type='json' data-ajax-links-selector='.pagination a' data-ajax-target='#search-filter-results-868' data-ajax-pagination-type='infinite_scroll' data-show-scroll-loader='1' data-infinite-scroll-trigger='-100' data-update-ajax-url='1' data-only-results-ajax='1' data-scroll-to-pos='0' data-init-paged='1' data-auto-update='1' action='https:\/\/hgmhfoundation.org\/stories-archive\/' method='post' class='searchandfilter' id='search-filter-form-868' autocomplete='off' data-instance-count='1'><ul><li class=\"sf-field-search\" data-sf-field-name=\"search\" data-sf-field-type=\"search\" data-sf-field-input-type=\"\"><h4>Recherche<\/h4>\t\t<label>\n\t\t\t\t   <input placeholder=\"Recherche ...\" name=\"_sf_search[]\" class=\"sf-input-text\" type=\"text\" value=\"\" title=\"\"><\/label>\t\t<\/li><li class=\"sf-field-category\" data-sf-field-name=\"_sft_category\" data-sf-field-type=\"category\" data-sf-field-input-type=\"checkbox\"><h4>Type d&#039;histoire<\/h4>\t\t<ul data-operator=\"and\" class=\"\">\n\t\t\t\t\t  <li class=\"sf-level-0 sf-item-47\" data-sf-count=\"1\" data-sf-depth=\"0\"><input  class=\"sf-input-checkbox\" type=\"checkbox\" value=\"histoires-de-docteur\" name=\"_sft_category[]\" id=\"sf-input-24b31c28137a6896b9ab996f678fec08\"><label class=\"sf-label-checkbox\" for=\"sf-input-24b31c28137a6896b9ab996f678fec08\">Histoires de docteur<span class=\"sf-count\">(1)<\/span><\/label><\/li><li class=\"sf-level-0 sf-item-44\" data-sf-count=\"2\" data-sf-depth=\"0\"><input  class=\"sf-input-checkbox\" type=\"checkbox\" value=\"histoires-de-donateurs\" name=\"_sft_category[]\" id=\"sf-input-e39dedf1912ec81f027e58e855ab8dc3\"><label class=\"sf-label-checkbox\" for=\"sf-input-e39dedf1912ec81f027e58e855ab8dc3\">Histoires de donateurs<span class=\"sf-count\">(2)<\/span><\/label><\/li><li class=\"sf-level-0 sf-item-48\" data-sf-count=\"1\" data-sf-depth=\"0\"><input  class=\"sf-input-checkbox\" type=\"checkbox\" value=\"histoires-du-personnel\" name=\"_sft_category[]\" id=\"sf-input-0d645e8b55a1a134de2ba963b7a77624\"><label class=\"sf-label-checkbox\" for=\"sf-input-0d645e8b55a1a134de2ba963b7a77624\">Histoires du personnel<span class=\"sf-count\">(1)<\/span><\/label><\/li>\t\t<\/ul>\n\t\t<\/li><li class=\"sf-field-tag\" data-sf-field-name=\"_sft_post_tag\" data-sf-field-type=\"tag\" data-sf-field-input-type=\"select\"><h4>Ann\u00e9e<\/h4>\t\t<label>\n\t\t\t\t   \t\t<select name=\"_sft_post_tag[]\" class=\"sf-input-select\" title=\"\">\n\t\t\t\t\t\t  \t\t\t<option class=\"sf-level-0 sf-item-0 sf-option-active\" selected=\"selected\" data-sf-count=\"0\" data-sf-depth=\"0\" value=\"\">Toutes les \u00e9tiquettes<\/option>\n\t\t\t\t\t\t\t\t\t\t\t<option class=\"sf-level-0 sf-item-45\" data-sf-count=\"5\" data-sf-depth=\"0\" value=\"2025-fr\">2025&nbsp;&nbsp;(5)<\/option>\n\t\t\t\t\t\t\t\t\t\t\t<\/select><\/label>\t\t\t\t\t\t\t\t\t\t<\/li><\/ul><\/form>\n\n\n<div class=\"search-filter-results\" id=\"search-filter-results-868\">\t\n\t<div class='found-results'>Showing: <b>4 results<\/b><\/div>\n\t\n\t\t\t\t<article class='search-result'>\n\t\t\t\t\t\t\t\t\t<div class='image'>\n\t\t\t\t\t\t<img decoding=\"async\" width=\"533\" height=\"304\" data-src=\"https:\/\/hgmhfoundation.org\/wp-content\/uploads\/2025\/04\/MG_4260.png\" class=\"attachment-small size-small wp-post-image lazyload\" alt=\"\" data-srcset=\"https:\/\/hgmhfoundation.org\/wp-content\/uploads\/2025\/04\/MG_4260.png 533w, https:\/\/hgmhfoundation.org\/wp-content\/uploads\/2025\/04\/MG_4260-300x171.png 300w\" data-sizes=\"(max-width: 533px) 100vw, 533px\" src=\"data:image\/svg+xml;base64,PHN2ZyB3aWR0aD0iMSIgaGVpZ2h0PSIxIiB4bWxucz0iaHR0cDovL3d3dy53My5vcmcvMjAwMC9zdmciPjwvc3ZnPg==\" style=\"--smush-placeholder-width: 533px; --smush-placeholder-aspect-ratio: 533\/304;\" \/>\t\t\t\t\t<\/div>\n\t\t\t\t\t\t\t\t<div class='content'>\n\t\t\t\t\t<h1><a href=\"https:\/\/hgmhfoundation.org\/fr\/dr-sara-farmer\/\">Dr. Sara Farmer<\/a><\/h1>\n\t\t\t\t\t<p class='date'>Posted mai 20, 2025<\/p>\n\t\t\t\t<\/div>\n\t\t\t\t\n\t\t\t<\/article>\n\t\t\t\t\n\t\t\t\t\t<article class='search-result'>\n\t\t\t\t\t\t\t\t\t<div class='image'>\n\t\t\t\t\t\t<img decoding=\"async\" width=\"533\" height=\"304\" data-src=\"https:\/\/hgmhfoundation.org\/wp-content\/uploads\/2025\/04\/MG_3221.png\" class=\"attachment-small size-small wp-post-image lazyload\" alt=\"\" data-srcset=\"https:\/\/hgmhfoundation.org\/wp-content\/uploads\/2025\/04\/MG_3221.png 533w, https:\/\/hgmhfoundation.org\/wp-content\/uploads\/2025\/04\/MG_3221-300x171.png 300w\" data-sizes=\"(max-width: 533px) 100vw, 533px\" src=\"data:image\/svg+xml;base64,PHN2ZyB3aWR0aD0iMSIgaGVpZ2h0PSIxIiB4bWxucz0iaHR0cDovL3d3dy53My5vcmcvMjAwMC9zdmciPjwvc3ZnPg==\" style=\"--smush-placeholder-width: 533px; --smush-placeholder-aspect-ratio: 533\/304;\" \/>\t\t\t\t\t<\/div>\n\t\t\t\t\t\t\t\t<div class='content'>\n\t\t\t\t\t<h1><a href=\"https:\/\/hgmhfoundation.org\/fr\/darlene-shepherd\/\">Darlene Shepherd<\/a><\/h1>\n\t\t\t\t\t<p class='date'>Posted mai 19, 2025<\/p>\n\t\t\t\t<\/div>\n\t\t\t\t\n\t\t\t<\/article>\n\t\t\t\t\n\t\t\t\t\t<article class='search-result'>\n\t\t\t\t\t\t\t\t\t<div class='image'>\n\t\t\t\t\t\t<img decoding=\"async\" width=\"1066\" height=\"608\" data-src=\"https:\/\/hgmhfoundation.org\/wp-content\/uploads\/2025\/04\/MG_3488@2x.png\" class=\"attachment-small size-small wp-post-image lazyload\" alt=\"\" data-srcset=\"https:\/\/hgmhfoundation.org\/wp-content\/uploads\/2025\/04\/MG_3488@2x.png 1066w, https:\/\/hgmhfoundation.org\/wp-content\/uploads\/2025\/04\/MG_3488@2x-300x171.png 300w, https:\/\/hgmhfoundation.org\/wp-content\/uploads\/2025\/04\/MG_3488@2x-1024x584.png 1024w, https:\/\/hgmhfoundation.org\/wp-content\/uploads\/2025\/04\/MG_3488@2x-768x438.png 768w\" data-sizes=\"(max-width: 1066px) 100vw, 1066px\" src=\"data:image\/svg+xml;base64,PHN2ZyB3aWR0aD0iMSIgaGVpZ2h0PSIxIiB4bWxucz0iaHR0cDovL3d3dy53My5vcmcvMjAwMC9zdmciPjwvc3ZnPg==\" style=\"--smush-placeholder-width: 1066px; --smush-placeholder-aspect-ratio: 1066\/608;\" \/>\t\t\t\t\t<\/div>\n\t\t\t\t\t\t\t\t<div class='content'>\n\t\t\t\t\t<h1><a href=\"https:\/\/hgmhfoundation.org\/fr\/jessica-duperron\/\">Jessica Duperron<\/a><\/h1>\n\t\t\t\t\t<p class='date'>Posted mai 18, 2025<\/p>\n\t\t\t\t<\/div>\n\t\t\t\t\n\t\t\t<\/article>\n\t\t\t\t\n\t\t\t<\/div>\n\n\n\n<div class=\"wp-block-group alignwide has-white-color has-secondary-background-color has-text-color has-background has-link-color wp-elements-d84bee3cc60c4278918d42d7b896f17d has-global-padding is-layout-constrained wp-block-group-is-layout-constrained\">\n<h2 class=\"wp-block-heading has-text-align-center fade-up has-white-color has-text-color has-link-color has-fira-sans-font-family wp-elements-f26b317d1dd7eb796ba8145aca9b8023\" style=\"font-style:normal;font-weight:400\">Chaque seconde offerte par nos b\u00e9n\u00e9voles fait une vraie diff\u00e9rence.<\/h2>\n\n\n\n<p class=\"has-text-align-center fade-up has-white-color has-text-color has-link-color wp-elements-f52b53d46f4b5e3a57ee080a19bf7cc9\">Votre engagement amplifie les efforts de la Fondation de notre h\u00f4pital, all\u00e9geant et enrichissant notre travail.<\/p>\n\n\n\n<p class=\"has-text-align-center fade-up has-white-color has-text-color has-link-color wp-elements-95439a9a3ffd6bebbeb96b9cc28c3ea3\" style=\"margin-top:var(--wp--preset--spacing--30);padding-top:0;padding-bottom:0\"><strong>D\u00e9couvrez comment vous pouvez utiliser votre temps pour aider notre communaut\u00e9.<\/strong><\/p>\n\n\n\n<div class=\"wp-block-buttons fade-up is-content-justification-center is-layout-flex wp-container-core-buttons-is-layout-a89b3969 wp-block-buttons-is-layout-flex\">\n<div class=\"wp-block-button donate-btn\"><a class=\"wp-block-button__link wp-element-button\" href=\"https:\/\/give-can.keela.co\/Hgmhfoundation\" target=\"_blank\" rel=\"noreferrer noopener\">FAIRE UN DON<\/a><\/div>\n<\/div>\n<\/div>\n","protected":false},"excerpt":{"rendered":"","protected":false},"author":2,"featured_media":0,"parent":0,"menu_order":0,"comment_status":"closed","ping_status":"closed","template":"","meta":{"_acf_changed":false,"inline_featured_image":false,"footnotes":""},"class_list":["post-958","page","type-page","status-publish","hentry"],"acf":[],"yoast_head":"<!-- This site is optimized with the Yoast SEO plugin v25.3.1 - https:\/\/yoast.com\/wordpress\/plugins\/seo\/ -->\n<title>Archives des histoires - Glengarry Memorial Hospital Foundation<\/title>\n<meta name=\"robots\" content=\"index, follow, max-snippet:-1, max-image-preview:large, max-video-preview:-1\" \/>\n<link rel=\"canonical\" href=\"https:\/\/hgmhfoundation.org\/fr\/archives-des-histoires\/\" \/>\n<meta property=\"og:locale\" content=\"fr_FR\" \/>\n<meta property=\"og:type\" content=\"article\" \/>\n<meta property=\"og:title\" content=\"Archives des histoires - Glengarry Memorial Hospital Foundation\" \/>\n<meta property=\"og:url\" content=\"https:\/\/hgmhfoundation.org\/fr\/archives-des-histoires\/\" \/>\n<meta property=\"og:site_name\" content=\"Glengarry Memorial Hospital Foundation\" \/>\n<meta property=\"article:modified_time\" content=\"2025-05-15T15:29:06+00:00\" \/>\n<meta name=\"twitter:card\" content=\"summary_large_image\" \/>\n<script type=\"application\/ld+json\" class=\"yoast-schema-graph\">{\"@context\":\"https:\/\/schema.org\",\"@graph\":[{\"@type\":\"WebPage\",\"@id\":\"https:\/\/hgmhfoundation.org\/fr\/archives-des-histoires\/\",\"url\":\"https:\/\/hgmhfoundation.org\/fr\/archives-des-histoires\/\",\"name\":\"Archives des histoires - Glengarry Memorial Hospital Foundation\",\"isPartOf\":{\"@id\":\"https:\/\/hgmhfoundation.org\/fr\/#website\"},\"datePublished\":\"2025-04-29T15:51:45+00:00\",\"dateModified\":\"2025-05-15T15:29:06+00:00\",\"breadcrumb\":{\"@id\":\"https:\/\/hgmhfoundation.org\/fr\/archives-des-histoires\/#breadcrumb\"},\"inLanguage\":\"fr-FR\",\"potentialAction\":[{\"@type\":\"ReadAction\",\"target\":[\"https:\/\/hgmhfoundation.org\/fr\/archives-des-histoires\/\"]}]},{\"@type\":\"BreadcrumbList\",\"@id\":\"https:\/\/hgmhfoundation.org\/fr\/archives-des-histoires\/#breadcrumb\",\"itemListElement\":[{\"@type\":\"ListItem\",\"position\":1,\"name\":\"Home\",\"item\":\"https:\/\/hgmhfoundation.org\/fr\/\"},{\"@type\":\"ListItem\",\"position\":2,\"name\":\"Archives des histoires\"}]},{\"@type\":\"WebSite\",\"@id\":\"https:\/\/hgmhfoundation.org\/fr\/#website\",\"url\":\"https:\/\/hgmhfoundation.org\/fr\/\",\"name\":\"Glengarry Memorial Hospital Foundation\",\"description\":\"\",\"potentialAction\":[{\"@type\":\"SearchAction\",\"target\":{\"@type\":\"EntryPoint\",\"urlTemplate\":\"https:\/\/hgmhfoundation.org\/fr\/?s={search_term_string}\"},\"query-input\":{\"@type\":\"PropertyValueSpecification\",\"valueRequired\":true,\"valueName\":\"search_term_string\"}}],\"inLanguage\":\"fr-FR\"}]}<\/script>\n<!-- \/ Yoast SEO plugin. -->","yoast_head_json":{"title":"Archives des histoires - Glengarry Memorial Hospital Foundation","robots":{"index":"index","follow":"follow","max-snippet":"max-snippet:-1","max-image-preview":"max-image-preview:large","max-video-preview":"max-video-preview:-1"},"canonical":"https:\/\/hgmhfoundation.org\/fr\/archives-des-histoires\/","og_locale":"fr_FR","og_type":"article","og_title":"Archives des histoires - Glengarry Memorial Hospital Foundation","og_url":"https:\/\/hgmhfoundation.org\/fr\/archives-des-histoires\/","og_site_name":"Glengarry Memorial Hospital Foundation","article_modified_time":"2025-05-15T15:29:06+00:00","twitter_card":"summary_large_image","schema":{"@context":"https:\/\/schema.org","@graph":[{"@type":"WebPage","@id":"https:\/\/hgmhfoundation.org\/fr\/archives-des-histoires\/","url":"https:\/\/hgmhfoundation.org\/fr\/archives-des-histoires\/","name":"Archives des histoires - Glengarry Memorial Hospital Foundation","isPartOf":{"@id":"https:\/\/hgmhfoundation.org\/fr\/#website"},"datePublished":"2025-04-29T15:51:45+00:00","dateModified":"2025-05-15T15:29:06+00:00","breadcrumb":{"@id":"https:\/\/hgmhfoundation.org\/fr\/archives-des-histoires\/#breadcrumb"},"inLanguage":"fr-FR","potentialAction":[{"@type":"ReadAction","target":["https:\/\/hgmhfoundation.org\/fr\/archives-des-histoires\/"]}]},{"@type":"BreadcrumbList","@id":"https:\/\/hgmhfoundation.org\/fr\/archives-des-histoires\/#breadcrumb","itemListElement":[{"@type":"ListItem","position":1,"name":"Home","item":"https:\/\/hgmhfoundation.org\/fr\/"},{"@type":"ListItem","position":2,"name":"Archives des histoires"}]},{"@type":"WebSite","@id":"https:\/\/hgmhfoundation.org\/fr\/#website","url":"https:\/\/hgmhfoundation.org\/fr\/","name":"Glengarry Memorial Hospital Foundation","description":"","potentialAction":[{"@type":"SearchAction","target":{"@type":"EntryPoint","urlTemplate":"https:\/\/hgmhfoundation.org\/fr\/?s={search_term_string}"},"query-input":{"@type":"PropertyValueSpecification","valueRequired":true,"valueName":"search_term_string"}}],"inLanguage":"fr-FR"}]}},"_links":{"self":[{"href":"https:\/\/hgmhfoundation.org\/fr\/wp-json\/wp\/v2\/pages\/958","targetHints":{"allow":["GET"]}}],"collection":[{"href":"https:\/\/hgmhfoundation.org\/fr\/wp-json\/wp\/v2\/pages"}],"about":[{"href":"https:\/\/hgmhfoundation.org\/fr\/wp-json\/wp\/v2\/types\/page"}],"author":[{"embeddable":true,"href":"https:\/\/hgmhfoundation.org\/fr\/wp-json\/wp\/v2\/users\/2"}],"replies":[{"embeddable":true,"href":"https:\/\/hgmhfoundation.org\/fr\/wp-json\/wp\/v2\/comments?post=958"}],"version-history":[{"count":1,"href":"https:\/\/hgmhfoundation.org\/fr\/wp-json\/wp\/v2\/pages\/958\/revisions"}],"predecessor-version":[{"id":959,"href":"https:\/\/hgmhfoundation.org\/fr\/wp-json\/wp\/v2\/pages\/958\/revisions\/959"}],"wp:attachment":[{"href":"https:\/\/hgmhfoundation.org\/fr\/wp-json\/wp\/v2\/media?parent=958"}],"curies":[{"name":"wp","href":"https:\/\/api.w.org\/{rel}","templated":true}]}}