{"id":970,"date":"2025-05-15T15:30:30","date_gmt":"2025-05-15T15:30:30","guid":{"rendered":"https:\/\/hgmhfoundation.org\/nouvelles\/"},"modified":"2026-04-06T12:56:14","modified_gmt":"2026-04-06T12:56:14","slug":"nouvelles","status":"publish","type":"page","link":"https:\/\/hgmhfoundation.org\/fr\/nouvelles\/","title":{"rendered":"Nouvelles"},"content":{"rendered":"\n<form data-sf-form-id='869' data-is-rtl='0' data-maintain-state='' data-results-url='https:\/\/hgmhfoundation.org\/news\/' data-ajax-url='https:\/\/hgmhfoundation.org\/fr\/?sfid=869&amp;sf_action=get_data&amp;sf_data=results' data-ajax-form-url='https:\/\/hgmhfoundation.org\/fr\/?sfid=869&amp;sf_action=get_data&amp;sf_data=form' data-display-result-method='shortcode' data-use-history-api='1' data-template-loaded='0' data-lang-code='fr' data-ajax='1' data-ajax-data-type='json' data-ajax-links-selector='.pagination a' data-ajax-target='#search-filter-results-869' data-ajax-pagination-type='infinite_scroll' data-show-scroll-loader='1' data-infinite-scroll-trigger='-100' data-update-ajax-url='1' data-only-results-ajax='1' data-scroll-to-pos='0' data-init-paged='1' data-auto-update='1' action='https:\/\/hgmhfoundation.org\/news\/' method='post' class='searchandfilter' id='search-filter-form-869' autocomplete='off' data-instance-count='1'><ul><li class=\"sf-field-search\" data-sf-field-name=\"search\" data-sf-field-type=\"search\" data-sf-field-input-type=\"\"><h4>Recherche<\/h4>\t\t<label>\n\t\t\t\t   <input placeholder=\"Recherche ...\" name=\"_sf_search[]\" class=\"sf-input-text\" type=\"text\" value=\"\" title=\"\"><\/label>\t\t<\/li><\/ul><\/form>\n\n\n\n<p><br><div class=\"search-filter-results\" id=\"search-filter-results-869\">\t\n\t<div class='found-results'>Showing: <b>15 results<\/b><\/div>\n\t\n\t\t\t\t<article class='search-result'>\n\t\t\t\t\t\t\t\t\t<div class='image'>\n\t\t\t\t\t\t<img decoding=\"async\" width=\"2048\" height=\"1365\" data-src=\"https:\/\/hgmhfoundation.org\/wp-content\/uploads\/2026\/04\/Lakeside-Green-Environmental-Consulting.jpg\" class=\"attachment-small size-small wp-post-image lazyload\" alt=\"\" data-srcset=\"https:\/\/hgmhfoundation.org\/wp-content\/uploads\/2026\/04\/Lakeside-Green-Environmental-Consulting.jpg 2048w, https:\/\/hgmhfoundation.org\/wp-content\/uploads\/2026\/04\/Lakeside-Green-Environmental-Consulting-300x200.jpg 300w, https:\/\/hgmhfoundation.org\/wp-content\/uploads\/2026\/04\/Lakeside-Green-Environmental-Consulting-1024x683.jpg 1024w, https:\/\/hgmhfoundation.org\/wp-content\/uploads\/2026\/04\/Lakeside-Green-Environmental-Consulting-768x512.jpg 768w, https:\/\/hgmhfoundation.org\/wp-content\/uploads\/2026\/04\/Lakeside-Green-Environmental-Consulting-1536x1024.jpg 1536w\" data-sizes=\"(max-width: 2048px) 100vw, 2048px\" src=\"data:image\/svg+xml;base64,PHN2ZyB3aWR0aD0iMSIgaGVpZ2h0PSIxIiB4bWxucz0iaHR0cDovL3d3dy53My5vcmcvMjAwMC9zdmciPjwvc3ZnPg==\" style=\"--smush-placeholder-width: 2048px; --smush-placeholder-aspect-ratio: 2048\/1365;\" \/>\t\t\t\t\t<\/div>\n\t\t\t\t\t\t\t\t<div class='content'>\n\t\t\t\t\t<h1><a href=\"https:\/\/hgmhfoundation.org\/fr\/lakeside-green-environmental-consulting-soutient-la-campagne-pour-le-scanner-ct-de-lhgmh\/\">Lakeside Green Environmental Consulting soutient la campagne pour le scanner CT de l\u2019HGMH<\/a><\/h1>\n\t\t\t\t\t<p class='date'>Posted avril 24, 2026<\/p>\n\t\t\t\t<\/div>\n\t\t\t\t\n\t\t\t<\/article>\n\t\t\t\t\n\t\t\t\t\t<article class='search-result'>\n\t\t\t\t\t\t\t\t\t<div class='image'>\n\t\t\t\t\t\t<img decoding=\"async\" width=\"2048\" height=\"1365\" data-src=\"https:\/\/hgmhfoundation.org\/wp-content\/uploads\/2026\/04\/Alexandria-Lions-Club-1000-donation-to-HGMH-Foundation.jpg\" class=\"attachment-small size-small wp-post-image lazyload\" alt=\"\" data-srcset=\"https:\/\/hgmhfoundation.org\/wp-content\/uploads\/2026\/04\/Alexandria-Lions-Club-1000-donation-to-HGMH-Foundation.jpg 2048w, https:\/\/hgmhfoundation.org\/wp-content\/uploads\/2026\/04\/Alexandria-Lions-Club-1000-donation-to-HGMH-Foundation-300x200.jpg 300w, https:\/\/hgmhfoundation.org\/wp-content\/uploads\/2026\/04\/Alexandria-Lions-Club-1000-donation-to-HGMH-Foundation-1024x683.jpg 1024w, https:\/\/hgmhfoundation.org\/wp-content\/uploads\/2026\/04\/Alexandria-Lions-Club-1000-donation-to-HGMH-Foundation-768x512.jpg 768w, https:\/\/hgmhfoundation.org\/wp-content\/uploads\/2026\/04\/Alexandria-Lions-Club-1000-donation-to-HGMH-Foundation-1536x1024.jpg 1536w\" data-sizes=\"(max-width: 2048px) 100vw, 2048px\" src=\"data:image\/svg+xml;base64,PHN2ZyB3aWR0aD0iMSIgaGVpZ2h0PSIxIiB4bWxucz0iaHR0cDovL3d3dy53My5vcmcvMjAwMC9zdmciPjwvc3ZnPg==\" style=\"--smush-placeholder-width: 2048px; --smush-placeholder-aspect-ratio: 2048\/1365;\" \/>\t\t\t\t\t<\/div>\n\t\t\t\t\t\t\t\t<div class='content'>\n\t\t\t\t\t<h1><a href=\"https:\/\/hgmhfoundation.org\/fr\/le-7e-tournoi-de-washers-de-la-fondation-hgmh-amasse-4-500-pour-la-campagne-du-ct-scanner\/\">Le 7e tournoi de washers de la Fondation HGMH amasse 4 500 $ pour la campagne du CT Scanner<\/a><\/h1>\n\t\t\t\t\t<p class='date'>Posted avril 17, 2026<\/p>\n\t\t\t\t<\/div>\n\t\t\t\t\n\t\t\t<\/article>\n\t\t\t\t\n\t\t\t\t\t<article class='search-result'>\n\t\t\t\t\t\t\t\t\t<div class='image'>\n\t\t\t\t\t\t<img decoding=\"async\" width=\"2048\" height=\"1365\" data-src=\"https:\/\/hgmhfoundation.org\/wp-content\/uploads\/2026\/04\/Pierre-and-Suzanne.jpg\" class=\"attachment-small size-small wp-post-image lazyload\" alt=\"\" data-srcset=\"https:\/\/hgmhfoundation.org\/wp-content\/uploads\/2026\/04\/Pierre-and-Suzanne.jpg 2048w, https:\/\/hgmhfoundation.org\/wp-content\/uploads\/2026\/04\/Pierre-and-Suzanne-300x200.jpg 300w, https:\/\/hgmhfoundation.org\/wp-content\/uploads\/2026\/04\/Pierre-and-Suzanne-1024x683.jpg 1024w, https:\/\/hgmhfoundation.org\/wp-content\/uploads\/2026\/04\/Pierre-and-Suzanne-768x512.jpg 768w, https:\/\/hgmhfoundation.org\/wp-content\/uploads\/2026\/04\/Pierre-and-Suzanne-1536x1024.jpg 1536w\" data-sizes=\"(max-width: 2048px) 100vw, 2048px\" src=\"data:image\/svg+xml;base64,PHN2ZyB3aWR0aD0iMSIgaGVpZ2h0PSIxIiB4bWxucz0iaHR0cDovL3d3dy53My5vcmcvMjAwMC9zdmciPjwvc3ZnPg==\" style=\"--smush-placeholder-width: 2048px; --smush-placeholder-aspect-ratio: 2048\/1365;\" \/>\t\t\t\t\t<\/div>\n\t\t\t\t\t\t\t\t<div class='content'>\n\t\t\t\t\t<h1><a href=\"https:\/\/hgmhfoundation.org\/fr\/lancien-president-de-la-fondation-et-son-epouse-completent-leur-engagement-pour-soutenir-le-ct-scanner-de-glengarry\/\">L\u2019ancien pr\u00e9sident de la Fondation et son \u00e9pouse compl\u00e8tent leur engagement pour soutenir le CT Scanner de Glengarry<\/a><\/h1>\n\t\t\t\t\t<p class='date'>Posted avril 6, 2026<\/p>\n\t\t\t\t<\/div>\n\t\t\t\t\n\t\t\t<\/article>\n\t\t\t\t\n\t\t\t<\/div><\/p>\n\n\n\n<p><\/p>\n\n\n\n<div class=\"wp-block-group alignwide has-white-color has-secondary-background-color has-text-color has-background has-link-color wp-elements-d84bee3cc60c4278918d42d7b896f17d has-global-padding is-layout-constrained wp-block-group-is-layout-constrained\">\n<h2 class=\"wp-block-heading has-text-align-center fade-up has-white-color has-text-color has-link-color has-fira-sans-font-family wp-elements-f26b317d1dd7eb796ba8145aca9b8023\" style=\"font-style:normal;font-weight:400\">Chaque seconde offerte par nos b\u00e9n\u00e9voles fait une vraie diff\u00e9rence.<\/h2>\n\n\n\n<p class=\"has-text-align-center fade-up has-white-color has-text-color has-link-color wp-elements-f52b53d46f4b5e3a57ee080a19bf7cc9\">Votre engagement amplifie les efforts de la Fondation de notre h\u00f4pital, all\u00e9geant et enrichissant notre travail.<\/p>\n\n\n\n<p class=\"has-text-align-center fade-up has-white-color has-text-color has-link-color wp-elements-95439a9a3ffd6bebbeb96b9cc28c3ea3\" style=\"margin-top:var(--wp--preset--spacing--30);padding-top:0;padding-bottom:0\"><strong>D\u00e9couvrez comment vous pouvez utiliser votre temps pour aider notre communaut\u00e9.<\/strong><\/p>\n\n\n\n<div class=\"wp-block-buttons fade-up is-content-justification-center is-layout-flex wp-container-core-buttons-is-layout-a89b3969 wp-block-buttons-is-layout-flex\">\n<div class=\"wp-block-button donate-btn\"><a class=\"wp-block-button__link wp-element-button\" href=\"https:\/\/give-can.keela.co\/Hgmhfoundation\" target=\"_blank\" rel=\"noreferrer noopener\">FAIRE UN DON<\/a><\/div>\n<\/div>\n<\/div>\n","protected":false},"excerpt":{"rendered":"","protected":false},"author":2,"featured_media":0,"parent":0,"menu_order":0,"comment_status":"closed","ping_status":"closed","template":"","meta":{"_acf_changed":false,"inline_featured_image":false,"footnotes":""},"class_list":["post-970","page","type-page","status-publish","hentry"],"acf":[],"yoast_head":"<!-- This site is optimized with the Yoast SEO plugin v25.3.1 - https:\/\/yoast.com\/wordpress\/plugins\/seo\/ -->\n<title>Nouvelles - Glengarry Memorial Hospital Foundation<\/title>\n<meta name=\"robots\" content=\"index, follow, max-snippet:-1, max-image-preview:large, max-video-preview:-1\" \/>\n<link rel=\"canonical\" href=\"https:\/\/hgmhfoundation.org\/fr\/nouvelles\/\" \/>\n<meta property=\"og:locale\" content=\"fr_FR\" \/>\n<meta property=\"og:type\" content=\"article\" \/>\n<meta property=\"og:title\" content=\"Nouvelles - Glengarry Memorial Hospital Foundation\" \/>\n<meta property=\"og:url\" content=\"https:\/\/hgmhfoundation.org\/fr\/nouvelles\/\" \/>\n<meta property=\"og:site_name\" content=\"Glengarry Memorial Hospital Foundation\" \/>\n<meta property=\"article:modified_time\" content=\"2026-04-06T12:56:14+00:00\" \/>\n<meta name=\"twitter:card\" content=\"summary_large_image\" \/>\n<script type=\"application\/ld+json\" class=\"yoast-schema-graph\">{\"@context\":\"https:\/\/schema.org\",\"@graph\":[{\"@type\":\"WebPage\",\"@id\":\"https:\/\/hgmhfoundation.org\/fr\/nouvelles\/\",\"url\":\"https:\/\/hgmhfoundation.org\/fr\/nouvelles\/\",\"name\":\"Nouvelles - Glengarry Memorial Hospital Foundation\",\"isPartOf\":{\"@id\":\"https:\/\/hgmhfoundation.org\/fr\/#website\"},\"datePublished\":\"2025-05-15T15:30:30+00:00\",\"dateModified\":\"2026-04-06T12:56:14+00:00\",\"breadcrumb\":{\"@id\":\"https:\/\/hgmhfoundation.org\/fr\/nouvelles\/#breadcrumb\"},\"inLanguage\":\"fr-FR\",\"potentialAction\":[{\"@type\":\"ReadAction\",\"target\":[\"https:\/\/hgmhfoundation.org\/fr\/nouvelles\/\"]}]},{\"@type\":\"BreadcrumbList\",\"@id\":\"https:\/\/hgmhfoundation.org\/fr\/nouvelles\/#breadcrumb\",\"itemListElement\":[{\"@type\":\"ListItem\",\"position\":1,\"name\":\"Home\",\"item\":\"https:\/\/hgmhfoundation.org\/fr\/\"},{\"@type\":\"ListItem\",\"position\":2,\"name\":\"Nouvelles\"}]},{\"@type\":\"WebSite\",\"@id\":\"https:\/\/hgmhfoundation.org\/fr\/#website\",\"url\":\"https:\/\/hgmhfoundation.org\/fr\/\",\"name\":\"Glengarry Memorial Hospital Foundation\",\"description\":\"\",\"potentialAction\":[{\"@type\":\"SearchAction\",\"target\":{\"@type\":\"EntryPoint\",\"urlTemplate\":\"https:\/\/hgmhfoundation.org\/fr\/?s={search_term_string}\"},\"query-input\":{\"@type\":\"PropertyValueSpecification\",\"valueRequired\":true,\"valueName\":\"search_term_string\"}}],\"inLanguage\":\"fr-FR\"}]}<\/script>\n<!-- \/ Yoast SEO plugin. -->","yoast_head_json":{"title":"Nouvelles - Glengarry Memorial Hospital Foundation","robots":{"index":"index","follow":"follow","max-snippet":"max-snippet:-1","max-image-preview":"max-image-preview:large","max-video-preview":"max-video-preview:-1"},"canonical":"https:\/\/hgmhfoundation.org\/fr\/nouvelles\/","og_locale":"fr_FR","og_type":"article","og_title":"Nouvelles - Glengarry Memorial Hospital Foundation","og_url":"https:\/\/hgmhfoundation.org\/fr\/nouvelles\/","og_site_name":"Glengarry Memorial Hospital Foundation","article_modified_time":"2026-04-06T12:56:14+00:00","twitter_card":"summary_large_image","schema":{"@context":"https:\/\/schema.org","@graph":[{"@type":"WebPage","@id":"https:\/\/hgmhfoundation.org\/fr\/nouvelles\/","url":"https:\/\/hgmhfoundation.org\/fr\/nouvelles\/","name":"Nouvelles - Glengarry Memorial Hospital Foundation","isPartOf":{"@id":"https:\/\/hgmhfoundation.org\/fr\/#website"},"datePublished":"2025-05-15T15:30:30+00:00","dateModified":"2026-04-06T12:56:14+00:00","breadcrumb":{"@id":"https:\/\/hgmhfoundation.org\/fr\/nouvelles\/#breadcrumb"},"inLanguage":"fr-FR","potentialAction":[{"@type":"ReadAction","target":["https:\/\/hgmhfoundation.org\/fr\/nouvelles\/"]}]},{"@type":"BreadcrumbList","@id":"https:\/\/hgmhfoundation.org\/fr\/nouvelles\/#breadcrumb","itemListElement":[{"@type":"ListItem","position":1,"name":"Home","item":"https:\/\/hgmhfoundation.org\/fr\/"},{"@type":"ListItem","position":2,"name":"Nouvelles"}]},{"@type":"WebSite","@id":"https:\/\/hgmhfoundation.org\/fr\/#website","url":"https:\/\/hgmhfoundation.org\/fr\/","name":"Glengarry Memorial Hospital Foundation","description":"","potentialAction":[{"@type":"SearchAction","target":{"@type":"EntryPoint","urlTemplate":"https:\/\/hgmhfoundation.org\/fr\/?s={search_term_string}"},"query-input":{"@type":"PropertyValueSpecification","valueRequired":true,"valueName":"search_term_string"}}],"inLanguage":"fr-FR"}]}},"_links":{"self":[{"href":"https:\/\/hgmhfoundation.org\/fr\/wp-json\/wp\/v2\/pages\/970","targetHints":{"allow":["GET"]}}],"collection":[{"href":"https:\/\/hgmhfoundation.org\/fr\/wp-json\/wp\/v2\/pages"}],"about":[{"href":"https:\/\/hgmhfoundation.org\/fr\/wp-json\/wp\/v2\/types\/page"}],"author":[{"embeddable":true,"href":"https:\/\/hgmhfoundation.org\/fr\/wp-json\/wp\/v2\/users\/2"}],"replies":[{"embeddable":true,"href":"https:\/\/hgmhfoundation.org\/fr\/wp-json\/wp\/v2\/comments?post=970"}],"version-history":[{"count":2,"href":"https:\/\/hgmhfoundation.org\/fr\/wp-json\/wp\/v2\/pages\/970\/revisions"}],"predecessor-version":[{"id":1673,"href":"https:\/\/hgmhfoundation.org\/fr\/wp-json\/wp\/v2\/pages\/970\/revisions\/1673"}],"wp:attachment":[{"href":"https:\/\/hgmhfoundation.org\/fr\/wp-json\/wp\/v2\/media?parent=970"}],"curies":[{"name":"wp","href":"https:\/\/api.w.org\/{rel}","templated":true}]}}