{"id":985,"date":"2025-04-29T15:53:02","date_gmt":"2025-04-29T15:53:02","guid":{"rendered":"https:\/\/hgmhfoundation.org\/a-propos-de-nous\/leadership\/"},"modified":"2026-04-21T13:57:34","modified_gmt":"2026-04-21T13:57:34","slug":"leadership","status":"publish","type":"page","link":"https:\/\/hgmhfoundation.org\/fr\/a-propos-de-nous\/leadership\/","title":{"rendered":"Leadership"},"content":{"rendered":"\n<h1 class=\"wp-block-heading\">Direction<\/h1>\n\n\n\n<p><\/p>\n\n\n\n<p>Le personnel et les membres du conseil d\u2019administration de la Fondation de l\u2019H\u00f4pital Glengarry Memorial travaillent sans rel\u00e2che pour mobiliser la communaut\u00e9, sensibiliser \u00e0 l\u2019importance des soins de sant\u00e9 locaux et amasser les fonds n\u00e9cessaires \u00e0 la revitalisation de notre h\u00f4pital.<\/p>\n\n\n\n<div class=\"wp-block-esab-accordion esab-sdhg3me1 leadership\" data-mode=\"individual\" data-close=\"true\"><div class=\"esab__container\">\n<div class=\"wp-block-esab-accordion-child esab__active_accordion\"><div class=\"esab__head\" role=\"button\" aria-expanded=\"true\"><div class=\"esab__heading_txt\"><p class=\"esab__heading_tag\">Joignez-vous \u00e0 notre conseil d\u2019administration.<\/p><\/div><div class=\"esab__icon esab__active_icon\"><div class=\"esab__collapse\"> <svg version=\"1.2\" viewBox=\"0 0 24 24\" width=\"24\" height=\"24\"><path fill-rule=\"evenodd\" d=\"m3.5 20.5c-4.7-4.7-4.7-12.3 0-17 4.7-4.7 12.3-4.7 17 0 4.6 4.7 4.6 12.3 0 17-4.7 4.6-12.3 4.6-17 0zm0.9-0.9c4.2 4.2 11 4.2 15.2 0 4.2-4.2 4.2-11 0-15.2-4.2-4.3-11-4.3-15.2 0-4.3 4.2-4.3 11 0 15.2z\"><\/path><path d=\"m11.4 15.9v-3.3h-3.3c-0.3 0-0.6-0.3-0.6-0.6 0-0.4 0.3-0.6 0.6-0.6h3.3v-3.3c0-0.3 0.3-0.6 0.6-0.6 0.3 0 0.6 0.3 0.6 0.6v3.3h3.3c0.3 0 0.6 0.2 0.6 0.6q0 0.2-0.2 0.4-0.2 0.2-0.4 0.2h-3.3v3.3q0 0.2-0.2 0.4-0.2 0.2-0.4 0.2c-0.4 0-0.6-0.3-0.6-0.6z\"><\/path><\/svg> <\/div><div class=\"esab__expand\"> <svg version=\"1.2\" viewBox=\"0 0 24 24\" width=\"24\" height=\"24\"><path fill-rule=\"evenodd\" d=\"m12 24c-6.6 0-12-5.4-12-12 0-6.6 5.4-12 12-12 6.6 0 12 5.4 12 12 0 6.6-5.4 12-12 12zm10.6-12c0-5.9-4.7-10.6-10.6-10.6-5.9 0-10.6 4.7-10.6 10.6 0 5.9 4.7 10.6 10.6 10.6 5.9 0 10.6-4.7 10.6-10.6z\"><\/path><path d=\"m5.6 11.3h12.8v1.4h-12.8z\"><\/path><\/svg> <\/div><\/div><\/div><div class=\"esab__body esab__active\">\n<p>Vous \u00eates passionn\u00e9(e) par le fait de faire une r\u00e9elle diff\u00e9rence dans votre communaut\u00e9?<br>Nous sommes \u00e0 la recherche de leaders engag\u00e9s pour contribuer \u00e0 fa\u00e7onner l\u2019avenir de notre Fondation!<\/p>\n\n\n\n<p>En tant que membre du conseil d\u2019administration, vous allez :<\/p>\n\n\n\n<ul class=\"wp-block-list\">\n<li>Orienter des d\u00e9cisions strat\u00e9giques qui font avancer notre mission<\/li>\n\n\n\n<li>Appuyer les initiatives de financement et de rayonnement<\/li>\n\n\n\n<li>Collaborer avec une \u00e9quipe inspirante de leaders communautaires<\/li>\n<\/ul>\n\n\n\n<p>Que vous ayez de l\u2019exp\u00e9rience en gouvernance, un talent pour la collecte de fonds, ou simplement un grand c\u0153ur pour la philanthropie en sant\u00e9, votre expertise peut nous aider \u00e0 am\u00e9liorer l\u2019acc\u00e8s \u00e0 des services essentiels.<br><\/p>\n\n\n\n<p>Envoyez le <a href=\"https:\/\/hgmhfoundation.org\/wp-content\/uploads\/2026\/04\/Application-for-Membership-HGMH-Foundation-Board.pdf\">formulaire<\/a> par courriel \u00e0 <a>info@hgmhfoundation.org<\/a>.<\/p>\n\n\n\n<p><\/p>\n<\/div><\/div>\n\n\n\n<div class=\"wp-block-esab-accordion-child esab__active_accordion\"><div class=\"esab__head\" role=\"button\" aria-expanded=\"true\"><div class=\"esab__heading_txt\"><p class=\"esab__heading_tag\"><strong>Conseil d&rsquo;administration de la Fondation de l&rsquo;h\u00f4pital Glengarry Memorial<\/strong><\/p><\/div><div class=\"esab__icon esab__active_icon\"><div class=\"esab__collapse\"> <svg version=\"1.2\" viewBox=\"0 0 24 24\" width=\"24\" height=\"24\"><path fill-rule=\"evenodd\" d=\"m3.5 20.5c-4.7-4.7-4.7-12.3 0-17 4.7-4.7 12.3-4.7 17 0 4.6 4.7 4.6 12.3 0 17-4.7 4.6-12.3 4.6-17 0zm0.9-0.9c4.2 4.2 11 4.2 15.2 0 4.2-4.2 4.2-11 0-15.2-4.2-4.3-11-4.3-15.2 0-4.3 4.2-4.3 11 0 15.2z\"><\/path><path d=\"m11.4 15.9v-3.3h-3.3c-0.3 0-0.6-0.3-0.6-0.6 0-0.4 0.3-0.6 0.6-0.6h3.3v-3.3c0-0.3 0.3-0.6 0.6-0.6 0.3 0 0.6 0.3 0.6 0.6v3.3h3.3c0.3 0 0.6 0.2 0.6 0.6q0 0.2-0.2 0.4-0.2 0.2-0.4 0.2h-3.3v3.3q0 0.2-0.2 0.4-0.2 0.2-0.4 0.2c-0.4 0-0.6-0.3-0.6-0.6z\"><\/path><\/svg> <\/div><div class=\"esab__expand\"> <svg version=\"1.2\" viewBox=\"0 0 24 24\" width=\"24\" height=\"24\"><path fill-rule=\"evenodd\" d=\"m12 24c-6.6 0-12-5.4-12-12 0-6.6 5.4-12 12-12 6.6 0 12 5.4 12 12 0 6.6-5.4 12-12 12zm10.6-12c0-5.9-4.7-10.6-10.6-10.6-5.9 0-10.6 4.7-10.6 10.6 0 5.9 4.7 10.6 10.6 10.6 5.9 0 10.6-4.7 10.6-10.6z\"><\/path><path d=\"m5.6 11.3h12.8v1.4h-12.8z\"><\/path><\/svg> <\/div><\/div><\/div><div class=\"esab__body esab__active\">\n<div class=\"wp-block-columns is-style-section-2 is-layout-flex wp-container-core-columns-is-layout-28f84493 wp-block-columns-is-layout-flex is-style-section-2--1\">\n<div class=\"wp-block-column is-layout-flow wp-block-column-is-layout-flow\">\n<p>Mark Adam &#8211; Pr\u00e9sident du conseil d\u2019administration<br>Pierre Vaillancourt &#8211; ancien Pr\u00e9sident du conseil d\u2019administration<br>Barry MacDonald<br>Daniel Brunet<br>Yves Poirier<br>Louise Boyling<br>Michael Madden<\/p>\n<\/div>\n\n\n\n<div class=\"wp-block-column is-layout-flow wp-block-column-is-layout-flow\">\n<p>Alain Poirier<br>Scott DaPrato<br>Paul Burke<br>Cynthia Laframboise-S\u00e9guin<br>Alana DaPrato-Leger<br>Fr\u00e9d\u00e9rique Th\u00e9or\u00eat<\/p>\n<\/div>\n<\/div>\n<\/div><\/div>\n\n\n\n<div class=\"wp-block-esab-accordion-child esab__active_accordion\"><div class=\"esab__head\" role=\"button\" aria-expanded=\"true\"><div class=\"esab__heading_txt\"><p class=\"esab__heading_tag\">\u00c9quipe de la Fondation<\/p><\/div><div class=\"esab__icon esab__active_icon\"><div class=\"esab__collapse\"> <svg version=\"1.2\" viewBox=\"0 0 24 24\" width=\"24\" height=\"24\"><path fill-rule=\"evenodd\" d=\"m3.5 20.5c-4.7-4.7-4.7-12.3 0-17 4.7-4.7 12.3-4.7 17 0 4.6 4.7 4.6 12.3 0 17-4.7 4.6-12.3 4.6-17 0zm0.9-0.9c4.2 4.2 11 4.2 15.2 0 4.2-4.2 4.2-11 0-15.2-4.2-4.3-11-4.3-15.2 0-4.3 4.2-4.3 11 0 15.2z\"><\/path><path d=\"m11.4 15.9v-3.3h-3.3c-0.3 0-0.6-0.3-0.6-0.6 0-0.4 0.3-0.6 0.6-0.6h3.3v-3.3c0-0.3 0.3-0.6 0.6-0.6 0.3 0 0.6 0.3 0.6 0.6v3.3h3.3c0.3 0 0.6 0.2 0.6 0.6q0 0.2-0.2 0.4-0.2 0.2-0.4 0.2h-3.3v3.3q0 0.2-0.2 0.4-0.2 0.2-0.4 0.2c-0.4 0-0.6-0.3-0.6-0.6z\"><\/path><\/svg> <\/div><div class=\"esab__expand\"> <svg version=\"1.2\" viewBox=\"0 0 24 24\" width=\"24\" height=\"24\"><path fill-rule=\"evenodd\" d=\"m12 24c-6.6 0-12-5.4-12-12 0-6.6 5.4-12 12-12 6.6 0 12 5.4 12 12 0 6.6-5.4 12-12 12zm10.6-12c0-5.9-4.7-10.6-10.6-10.6-5.9 0-10.6 4.7-10.6 10.6 0 5.9 4.7 10.6 10.6 10.6 5.9 0 10.6-4.7 10.6-10.6z\"><\/path><path d=\"m5.6 11.3h12.8v1.4h-12.8z\"><\/path><\/svg> <\/div><\/div><\/div><div class=\"esab__body esab__active\">\n<div class=\"wp-block-columns is-layout-flex wp-container-core-columns-is-layout-28f84493 wp-block-columns-is-layout-flex\">\n<div class=\"wp-block-column is-layout-flow wp-block-column-is-layout-flow\" style=\"flex-basis:20%\">\n<figure class=\"wp-block-image size-full\"><img decoding=\"async\" width=\"171\" height=\"171\" data-src=\"https:\/\/hgmhfoundation.org\/wp-content\/uploads\/2025\/05\/MG_3916-1.jpg\" alt=\"\" class=\"wp-image-581 lazyload\" data-srcset=\"https:\/\/hgmhfoundation.org\/wp-content\/uploads\/2025\/05\/MG_3916-1.jpg 171w, https:\/\/hgmhfoundation.org\/wp-content\/uploads\/2025\/05\/MG_3916-1-150x150.jpg 150w\" data-sizes=\"(max-width: 171px) 100vw, 171px\" src=\"data:image\/svg+xml;base64,PHN2ZyB3aWR0aD0iMSIgaGVpZ2h0PSIxIiB4bWxucz0iaHR0cDovL3d3dy53My5vcmcvMjAwMC9zdmciPjwvc3ZnPg==\" style=\"--smush-placeholder-width: 171px; --smush-placeholder-aspect-ratio: 171\/171;\" \/><\/figure>\n<\/div>\n\n\n\n<div class=\"wp-block-column is-layout-flow wp-block-column-is-layout-flow\" style=\"flex-basis:66.66%\">\n<h3 class=\"wp-block-heading\" style=\"margin-top:var(--wp--preset--spacing--50);margin-bottom:0\">Frederique Theoret<\/h3>\n\n\n\n<p style=\"margin-top:0;margin-bottom:0\"><em>Directrice G\u00e9n\u00e9rale<\/em><\/p>\n\n\n\n<p>Fr\u00e9d\u00e9rique Th\u00e9or\u00eat apporte plus de 10 ans d&rsquo;exp\u00e9rience en leadership dans le secteur \u00e0 but non lucratif, avec un solide bagage en op\u00e9rations, finances, administration et gouvernance. Avant de rejoindre la Fondation de l\u2019H\u00f4pital Glengarry Memorial, elle a occup\u00e9 le poste de directrice g\u00e9n\u00e9rale du Centre Charles-\u00c9mile-Claude (CC\u00c9C), un centre francophone pour les a\u00een\u00e9s. \u00c0 ce titre, elle a g\u00e9r\u00e9 un budget d&rsquo;un million de dollars, dirig\u00e9 une \u00e9quipe de personnel et plus de 100 b\u00e9n\u00e9voles, et supervis\u00e9 le financement de subventions, les rapports, les communications et la planification strat\u00e9gique. Elle a r\u00e9ussi \u00e0 accro\u00eetre l&rsquo;engagement communautaire et les revenus gr\u00e2ce \u00e0 la collecte de fonds, aux \u00e9v\u00e9nements et aux initiatives d&rsquo;entrepreneuriat social.   <\/p>\n<\/div>\n<\/div>\n\n\n\n<div class=\"wp-block-columns is-layout-flex wp-container-core-columns-is-layout-28f84493 wp-block-columns-is-layout-flex\">\n<div class=\"wp-block-column is-layout-flow wp-block-column-is-layout-flow\" style=\"flex-basis:20%\">\n<figure class=\"wp-block-image size-full\"><img decoding=\"async\" width=\"171\" height=\"171\" data-src=\"https:\/\/hgmhfoundation.org\/wp-content\/uploads\/2025\/05\/MG_3481-1.jpg\" alt=\"\" class=\"wp-image-582 lazyload\" data-srcset=\"https:\/\/hgmhfoundation.org\/wp-content\/uploads\/2025\/05\/MG_3481-1.jpg 171w, https:\/\/hgmhfoundation.org\/wp-content\/uploads\/2025\/05\/MG_3481-1-150x150.jpg 150w\" data-sizes=\"(max-width: 171px) 100vw, 171px\" src=\"data:image\/svg+xml;base64,PHN2ZyB3aWR0aD0iMSIgaGVpZ2h0PSIxIiB4bWxucz0iaHR0cDovL3d3dy53My5vcmcvMjAwMC9zdmciPjwvc3ZnPg==\" style=\"--smush-placeholder-width: 171px; --smush-placeholder-aspect-ratio: 171\/171;\" \/><\/figure>\n<\/div>\n\n\n\n<div class=\"wp-block-column is-layout-flow wp-block-column-is-layout-flow\" style=\"flex-basis:66.66%\">\n<h3 class=\"wp-block-heading\" style=\"margin-bottom:0\">Kim Jarencio<\/h3>\n\n\n\n<p style=\"margin-top:0;margin-bottom:0;padding-top:0;padding-bottom:0\"><em>Coordonnatrice \u00e0 la collecte de fonds<\/em><\/p>\n\n\n\n<p>Kim est une professionnelle du marketing ax\u00e9e sur les r\u00e9sultats, avec trois ans d&rsquo;exp\u00e9rience dans les dons communautaires et la collecte de fonds d&rsquo;entreprise en tant que Coordinatrice des Relations avec les Donateurs \u00e0 la Fondation de Recherche Scientifique de l&rsquo;Asian Institute of Management. Elle a un bilan \u00e9prouv\u00e9 de succ\u00e8s dans l&rsquo;obtention de dons majeurs et a jou\u00e9 un r\u00f4le cl\u00e9 dans une campagne de collecte de fonds r\u00e9ussie de 2 millions de dollars am\u00e9ricains pour les anciens \u00e9l\u00e8ves de l&rsquo;AIM. Dans son nouveau r\u00f4le \u00e0 la Fondation de l&rsquo;H\u00f4pital M\u00e9morial de Glengarry, elle d\u00e9veloppera et mettra en \u0153uvre des strat\u00e9gies de collecte de fonds compl\u00e8tes, entretiendra les relations avec les donateurs et pr\u00e9parera des propositions convaincantes.  <\/p>\n<\/div>\n<\/div>\n<\/div><\/div>\n<\/div><\/div>\n\n\n\n<p><\/p>\n\n\n\n<div class=\"wp-block-group alignwide has-white-color has-neutral-background-color has-text-color has-background has-link-color wp-elements-63a0eaaa9e799f5fe5c597de77132e47 has-global-padding is-layout-constrained wp-block-group-is-layout-constrained\">\n<h2 class=\"wp-block-heading has-text-align-center has-white-color has-text-color has-link-color has-fira-sans-font-family wp-elements-6b3b8b1e97f1135af8d8a41af478791e\" style=\"font-style:normal;font-weight:400\">(Garder le formulaire Intouch) Lorem ipsum dolor sit amet.<\/h2>\n\n\n\n<p class=\"has-text-align-center has-white-color has-text-color has-link-color wp-elements-71ed6b68dcc54d0e1a1c94f1b2b536b3\">Lorem ipsum dolor sit amet, consectetur adipiscing elit. Donec gravida quis diam non malesuada.<\/p>\n<\/div>\n\n\n\n<div class=\"wp-block-group alignwide has-white-color has-secondary-background-color has-text-color has-background has-link-color wp-elements-d84bee3cc60c4278918d42d7b896f17d has-global-padding is-layout-constrained wp-block-group-is-layout-constrained\">\n<h2 class=\"wp-block-heading has-text-align-center fade-up has-white-color has-text-color has-link-color has-fira-sans-font-family wp-elements-f26b317d1dd7eb796ba8145aca9b8023\" style=\"font-style:normal;font-weight:400\">Chaque seconde offerte par nos b\u00e9n\u00e9voles fait une vraie diff\u00e9rence.<\/h2>\n\n\n\n<p class=\"has-text-align-center fade-up has-white-color has-text-color has-link-color wp-elements-f52b53d46f4b5e3a57ee080a19bf7cc9\">Votre engagement amplifie les efforts de la Fondation de notre h\u00f4pital, all\u00e9geant et enrichissant notre travail.<\/p>\n\n\n\n<p class=\"has-text-align-center fade-up has-white-color has-text-color has-link-color wp-elements-95439a9a3ffd6bebbeb96b9cc28c3ea3\" style=\"margin-top:var(--wp--preset--spacing--30);padding-top:0;padding-bottom:0\"><strong>D\u00e9couvrez comment vous pouvez utiliser votre temps pour aider notre communaut\u00e9.<\/strong><\/p>\n\n\n\n<div class=\"wp-block-buttons fade-up is-content-justification-center is-layout-flex wp-container-core-buttons-is-layout-a89b3969 wp-block-buttons-is-layout-flex\">\n<div class=\"wp-block-button donate-btn\"><a class=\"wp-block-button__link wp-element-button\" href=\"https:\/\/give-can.keela.co\/Hgmhfoundation\" target=\"_blank\" rel=\"noreferrer noopener\">FAIRE UN DON<\/a><\/div>\n<\/div>\n<\/div>\n","protected":false},"excerpt":{"rendered":"<p>Direction Le personnel et les membres du conseil d\u2019administration de la Fondation de l\u2019H\u00f4pital Glengarry Memorial travaillent sans rel\u00e2che pour mobiliser la communaut\u00e9, sensibiliser \u00e0 l\u2019importance des soins de sant\u00e9 locaux et amasser les fonds n\u00e9cessaires \u00e0 la revitalisation de notre h\u00f4pital.<\/p>\n","protected":false},"author":2,"featured_media":0,"parent":947,"menu_order":0,"comment_status":"closed","ping_status":"closed","template":"","meta":{"_acf_changed":false,"inline_featured_image":false,"footnotes":""},"class_list":["post-985","page","type-page","status-publish","hentry"],"acf":[],"yoast_head":"<!-- This site is optimized with the Yoast SEO plugin v25.3.1 - https:\/\/yoast.com\/wordpress\/plugins\/seo\/ -->\n<title>Leadership - Glengarry Memorial Hospital Foundation<\/title>\n<meta name=\"robots\" content=\"index, follow, max-snippet:-1, max-image-preview:large, max-video-preview:-1\" \/>\n<link rel=\"canonical\" href=\"https:\/\/hgmhfoundation.org\/fr\/a-propos-de-nous\/leadership\/\" \/>\n<meta property=\"og:locale\" content=\"fr_FR\" \/>\n<meta property=\"og:type\" content=\"article\" \/>\n<meta property=\"og:title\" content=\"Leadership - Glengarry Memorial Hospital Foundation\" \/>\n<meta property=\"og:description\" content=\"Direction Le personnel et les membres du conseil d\u2019administration de la Fondation de l\u2019H\u00f4pital Glengarry Memorial travaillent sans rel\u00e2che pour mobiliser la communaut\u00e9, sensibiliser \u00e0 l\u2019importance des soins de sant\u00e9 locaux et amasser les fonds n\u00e9cessaires \u00e0 la revitalisation de notre h\u00f4pital.\" \/>\n<meta property=\"og:url\" content=\"https:\/\/hgmhfoundation.org\/fr\/a-propos-de-nous\/leadership\/\" \/>\n<meta property=\"og:site_name\" content=\"Glengarry Memorial Hospital Foundation\" \/>\n<meta property=\"article:modified_time\" content=\"2026-04-21T13:57:34+00:00\" \/>\n<meta property=\"og:image\" content=\"https:\/\/hgmhfoundation.org\/wp-content\/uploads\/2025\/05\/MG_3916-1.jpg\" \/>\n\t<meta property=\"og:image:width\" content=\"171\" \/>\n\t<meta property=\"og:image:height\" content=\"171\" \/>\n\t<meta property=\"og:image:type\" content=\"image\/jpeg\" \/>\n<meta name=\"twitter:card\" content=\"summary_large_image\" \/>\n<meta name=\"twitter:label1\" content=\"Dur\u00e9e de lecture estim\u00e9e\" \/>\n\t<meta name=\"twitter:data1\" content=\"3 minutes\" \/>\n<script type=\"application\/ld+json\" class=\"yoast-schema-graph\">{\"@context\":\"https:\/\/schema.org\",\"@graph\":[{\"@type\":\"WebPage\",\"@id\":\"https:\/\/hgmhfoundation.org\/fr\/a-propos-de-nous\/leadership\/\",\"url\":\"https:\/\/hgmhfoundation.org\/fr\/a-propos-de-nous\/leadership\/\",\"name\":\"Leadership - Glengarry Memorial Hospital Foundation\",\"isPartOf\":{\"@id\":\"https:\/\/hgmhfoundation.org\/fr\/#website\"},\"primaryImageOfPage\":{\"@id\":\"https:\/\/hgmhfoundation.org\/fr\/a-propos-de-nous\/leadership\/#primaryimage\"},\"image\":{\"@id\":\"https:\/\/hgmhfoundation.org\/fr\/a-propos-de-nous\/leadership\/#primaryimage\"},\"thumbnailUrl\":\"https:\/\/hgmhfoundation.org\/wp-content\/uploads\/2025\/05\/MG_3916-1.jpg\",\"datePublished\":\"2025-04-29T15:53:02+00:00\",\"dateModified\":\"2026-04-21T13:57:34+00:00\",\"breadcrumb\":{\"@id\":\"https:\/\/hgmhfoundation.org\/fr\/a-propos-de-nous\/leadership\/#breadcrumb\"},\"inLanguage\":\"fr-FR\",\"potentialAction\":[{\"@type\":\"ReadAction\",\"target\":[\"https:\/\/hgmhfoundation.org\/fr\/a-propos-de-nous\/leadership\/\"]}]},{\"@type\":\"ImageObject\",\"inLanguage\":\"fr-FR\",\"@id\":\"https:\/\/hgmhfoundation.org\/fr\/a-propos-de-nous\/leadership\/#primaryimage\",\"url\":\"https:\/\/hgmhfoundation.org\/wp-content\/uploads\/2025\/05\/MG_3916-1.jpg\",\"contentUrl\":\"https:\/\/hgmhfoundation.org\/wp-content\/uploads\/2025\/05\/MG_3916-1.jpg\"},{\"@type\":\"BreadcrumbList\",\"@id\":\"https:\/\/hgmhfoundation.org\/fr\/a-propos-de-nous\/leadership\/#breadcrumb\",\"itemListElement\":[{\"@type\":\"ListItem\",\"position\":1,\"name\":\"Home\",\"item\":\"https:\/\/hgmhfoundation.org\/fr\/\"},{\"@type\":\"ListItem\",\"position\":2,\"name\":\"\u00c0 propos de nous\",\"item\":\"https:\/\/hgmhfoundation.org\/fr\/a-propos-de-nous\/\"},{\"@type\":\"ListItem\",\"position\":3,\"name\":\"Leadership\"}]},{\"@type\":\"WebSite\",\"@id\":\"https:\/\/hgmhfoundation.org\/fr\/#website\",\"url\":\"https:\/\/hgmhfoundation.org\/fr\/\",\"name\":\"Glengarry Memorial Hospital Foundation\",\"description\":\"\",\"potentialAction\":[{\"@type\":\"SearchAction\",\"target\":{\"@type\":\"EntryPoint\",\"urlTemplate\":\"https:\/\/hgmhfoundation.org\/fr\/?s={search_term_string}\"},\"query-input\":{\"@type\":\"PropertyValueSpecification\",\"valueRequired\":true,\"valueName\":\"search_term_string\"}}],\"inLanguage\":\"fr-FR\"}]}<\/script>\n<!-- \/ Yoast SEO plugin. -->","yoast_head_json":{"title":"Leadership - Glengarry Memorial Hospital Foundation","robots":{"index":"index","follow":"follow","max-snippet":"max-snippet:-1","max-image-preview":"max-image-preview:large","max-video-preview":"max-video-preview:-1"},"canonical":"https:\/\/hgmhfoundation.org\/fr\/a-propos-de-nous\/leadership\/","og_locale":"fr_FR","og_type":"article","og_title":"Leadership - Glengarry Memorial Hospital Foundation","og_description":"Direction Le personnel et les membres du conseil d\u2019administration de la Fondation de l\u2019H\u00f4pital Glengarry Memorial travaillent sans rel\u00e2che pour mobiliser la communaut\u00e9, sensibiliser \u00e0 l\u2019importance des soins de sant\u00e9 locaux et amasser les fonds n\u00e9cessaires \u00e0 la revitalisation de notre h\u00f4pital.","og_url":"https:\/\/hgmhfoundation.org\/fr\/a-propos-de-nous\/leadership\/","og_site_name":"Glengarry Memorial Hospital Foundation","article_modified_time":"2026-04-21T13:57:34+00:00","og_image":[{"width":171,"height":171,"url":"https:\/\/hgmhfoundation.org\/wp-content\/uploads\/2025\/05\/MG_3916-1.jpg","type":"image\/jpeg"}],"twitter_card":"summary_large_image","twitter_misc":{"Dur\u00e9e de lecture estim\u00e9e":"3 minutes"},"schema":{"@context":"https:\/\/schema.org","@graph":[{"@type":"WebPage","@id":"https:\/\/hgmhfoundation.org\/fr\/a-propos-de-nous\/leadership\/","url":"https:\/\/hgmhfoundation.org\/fr\/a-propos-de-nous\/leadership\/","name":"Leadership - Glengarry Memorial Hospital Foundation","isPartOf":{"@id":"https:\/\/hgmhfoundation.org\/fr\/#website"},"primaryImageOfPage":{"@id":"https:\/\/hgmhfoundation.org\/fr\/a-propos-de-nous\/leadership\/#primaryimage"},"image":{"@id":"https:\/\/hgmhfoundation.org\/fr\/a-propos-de-nous\/leadership\/#primaryimage"},"thumbnailUrl":"https:\/\/hgmhfoundation.org\/wp-content\/uploads\/2025\/05\/MG_3916-1.jpg","datePublished":"2025-04-29T15:53:02+00:00","dateModified":"2026-04-21T13:57:34+00:00","breadcrumb":{"@id":"https:\/\/hgmhfoundation.org\/fr\/a-propos-de-nous\/leadership\/#breadcrumb"},"inLanguage":"fr-FR","potentialAction":[{"@type":"ReadAction","target":["https:\/\/hgmhfoundation.org\/fr\/a-propos-de-nous\/leadership\/"]}]},{"@type":"ImageObject","inLanguage":"fr-FR","@id":"https:\/\/hgmhfoundation.org\/fr\/a-propos-de-nous\/leadership\/#primaryimage","url":"https:\/\/hgmhfoundation.org\/wp-content\/uploads\/2025\/05\/MG_3916-1.jpg","contentUrl":"https:\/\/hgmhfoundation.org\/wp-content\/uploads\/2025\/05\/MG_3916-1.jpg"},{"@type":"BreadcrumbList","@id":"https:\/\/hgmhfoundation.org\/fr\/a-propos-de-nous\/leadership\/#breadcrumb","itemListElement":[{"@type":"ListItem","position":1,"name":"Home","item":"https:\/\/hgmhfoundation.org\/fr\/"},{"@type":"ListItem","position":2,"name":"\u00c0 propos de nous","item":"https:\/\/hgmhfoundation.org\/fr\/a-propos-de-nous\/"},{"@type":"ListItem","position":3,"name":"Leadership"}]},{"@type":"WebSite","@id":"https:\/\/hgmhfoundation.org\/fr\/#website","url":"https:\/\/hgmhfoundation.org\/fr\/","name":"Glengarry Memorial Hospital Foundation","description":"","potentialAction":[{"@type":"SearchAction","target":{"@type":"EntryPoint","urlTemplate":"https:\/\/hgmhfoundation.org\/fr\/?s={search_term_string}"},"query-input":{"@type":"PropertyValueSpecification","valueRequired":true,"valueName":"search_term_string"}}],"inLanguage":"fr-FR"}]}},"_links":{"self":[{"href":"https:\/\/hgmhfoundation.org\/fr\/wp-json\/wp\/v2\/pages\/985","targetHints":{"allow":["GET"]}}],"collection":[{"href":"https:\/\/hgmhfoundation.org\/fr\/wp-json\/wp\/v2\/pages"}],"about":[{"href":"https:\/\/hgmhfoundation.org\/fr\/wp-json\/wp\/v2\/types\/page"}],"author":[{"embeddable":true,"href":"https:\/\/hgmhfoundation.org\/fr\/wp-json\/wp\/v2\/users\/2"}],"replies":[{"embeddable":true,"href":"https:\/\/hgmhfoundation.org\/fr\/wp-json\/wp\/v2\/comments?post=985"}],"version-history":[{"count":11,"href":"https:\/\/hgmhfoundation.org\/fr\/wp-json\/wp\/v2\/pages\/985\/revisions"}],"predecessor-version":[{"id":1712,"href":"https:\/\/hgmhfoundation.org\/fr\/wp-json\/wp\/v2\/pages\/985\/revisions\/1712"}],"up":[{"embeddable":true,"href":"https:\/\/hgmhfoundation.org\/fr\/wp-json\/wp\/v2\/pages\/947"}],"wp:attachment":[{"href":"https:\/\/hgmhfoundation.org\/fr\/wp-json\/wp\/v2\/media?parent=985"}],"curies":[{"name":"wp","href":"https:\/\/api.w.org\/{rel}","templated":true}]}}