{"id":995,"date":"2025-05-01T16:42:48","date_gmt":"2025-05-01T16:42:48","guid":{"rendered":"https:\/\/hgmhfoundation.org\/facons-de-donner\/donateurs-individuels-et-familles\/"},"modified":"2025-06-26T19:25:20","modified_gmt":"2025-06-26T19:25:20","slug":"donateurs-individuels-et-familles","status":"publish","type":"page","link":"https:\/\/hgmhfoundation.org\/fr\/facons-de-donner\/donateurs-individuels-et-familles\/","title":{"rendered":"Donateurs individuels et familles"},"content":{"rendered":"\n<p>Les dons des particuliers et des familles sont la forme de soutien la plus simple et la plus directe pour votre h\u00f4pital communautaire. On rend faire un don facile \u2013 pour que vous puissiez vous concentrer sur son impact. <\/p>\n\n\n\n<div class=\"wp-block-columns is-style-section-2 is-layout-flex wp-container-core-columns-is-layout-28f84493 wp-block-columns-is-layout-flex is-style-section-2--1\">\n<div class=\"wp-block-column is-layout-flow wp-block-column-is-layout-flow\">\n<figure class=\"wp-block-image size-full\"><img decoding=\"async\" width=\"334\" height=\"190\" data-src=\"https:\/\/hgmhfoundation.org\/wp-content\/uploads\/2025\/06\/heart.jpg\" alt=\"\" class=\"wp-image-1137 lazyload\" data-srcset=\"https:\/\/hgmhfoundation.org\/wp-content\/uploads\/2025\/06\/heart.jpg 334w, https:\/\/hgmhfoundation.org\/wp-content\/uploads\/2025\/06\/heart-300x171.jpg 300w\" data-sizes=\"(max-width: 334px) 100vw, 334px\" src=\"data:image\/svg+xml;base64,PHN2ZyB3aWR0aD0iMSIgaGVpZ2h0PSIxIiB4bWxucz0iaHR0cDovL3d3dy53My5vcmcvMjAwMC9zdmciPjwvc3ZnPg==\" style=\"--smush-placeholder-width: 334px; --smush-placeholder-aspect-ratio: 334\/190;\" \/><\/figure>\n\n\n\n<h3 class=\"wp-block-heading\">Votre don<\/h3>\n\n\n\n<p>Peu importe le montant, chaque don compte. De 1 $ \u00e0 10 000 $, chaque geste fait une diff\u00e9rence. Cliquez sur Donnez aujourd\u2019hui pour acc\u00e9der au formulaire de don, ou donnez par la poste, par t\u00e9l\u00e9phone, ou en personne au bureau de la Fondation (pr\u00e8s de l\u2019accueil principal de l\u2019h\u00f4pital). Vous pouvez aussi nous parler si vous souhaitez diriger votre don vers un secteur pr\u00e9cis de l\u2019h\u00f4pital.   <\/p>\n\n\n\n<p class=\"has-accent-color has-text-color has-link-color wp-elements-b893f577e48aefc1b66e04a3975ca0bc\"><strong><a href=\"https:\/\/give-can.keela.co\/Hgmhfoundation\" target=\"_blank\" rel=\"noreferrer noopener\">DONNEZ AUJOURD\u2019HUI<\/a><\/strong><\/p>\n\n\n\n<p><a href=\"https:\/\/hgmhfoundation.org\/fr\/a-propos-de-nous\/contactez-nous\/\">PARLEZ-NOUS<\/a><\/p>\n<\/div>\n\n\n\n<div class=\"wp-block-column is-layout-flow wp-block-column-is-layout-flow\">\n<figure class=\"wp-block-image size-full\"><img decoding=\"async\" width=\"334\" height=\"190\" data-src=\"https:\/\/hgmhfoundation.org\/wp-content\/uploads\/2025\/06\/keyboard.jpg\" alt=\"\" class=\"wp-image-1140 lazyload\" data-srcset=\"https:\/\/hgmhfoundation.org\/wp-content\/uploads\/2025\/06\/keyboard.jpg 334w, https:\/\/hgmhfoundation.org\/wp-content\/uploads\/2025\/06\/keyboard-300x171.jpg 300w\" data-sizes=\"(max-width: 334px) 100vw, 334px\" src=\"data:image\/svg+xml;base64,PHN2ZyB3aWR0aD0iMSIgaGVpZ2h0PSIxIiB4bWxucz0iaHR0cDovL3d3dy53My5vcmcvMjAwMC9zdmciPjwvc3ZnPg==\" style=\"--smush-placeholder-width: 334px; --smush-placeholder-aspect-ratio: 334\/190;\" \/><\/figure>\n\n\n\n<h3 class=\"wp-block-heading\">Don en ligne &amp; don mensuel<\/h3>\n\n\n\n<p>Donner reguli\u00e8rement, c\u2019est permettre \u00e8 votre h\u00f4pital de mieux planifier l\u2019avenir tout en r\u00e9pondant aux besoins imm\u00e9diats. Utilisez notre formulaire s\u00e9curis\u00e9 pour faire un don en ligne et pourquoi ne pas en faire un don mensuel? C\u2019est simple, efficace, et plus facile \u00e0 g\u00e9rer pour votre budget.  <\/p>\n\n\n\n<p><\/p>\n\n\n\n<p><a href=\"https:\/\/hgmhfoundation.org\/fr\/a-propos-de-nous\/contactez-nous\/\">PARLEZ-NOUS<\/a><\/p>\n<\/div>\n<\/div>\n\n\n\n<div class=\"wp-block-columns is-style-section-2 is-layout-flex wp-container-core-columns-is-layout-28f84493 wp-block-columns-is-layout-flex is-style-section-2--2\">\n<div class=\"wp-block-column is-layout-flow wp-block-column-is-layout-flow\">\n<figure class=\"wp-block-image size-full\"><img decoding=\"async\" width=\"334\" height=\"190\" data-src=\"https:\/\/hgmhfoundation.org\/wp-content\/uploads\/2025\/06\/flower.jpg\" alt=\"\" class=\"wp-image-1143 lazyload\" data-srcset=\"https:\/\/hgmhfoundation.org\/wp-content\/uploads\/2025\/06\/flower.jpg 334w, https:\/\/hgmhfoundation.org\/wp-content\/uploads\/2025\/06\/flower-300x171.jpg 300w\" data-sizes=\"(max-width: 334px) 100vw, 334px\" src=\"data:image\/svg+xml;base64,PHN2ZyB3aWR0aD0iMSIgaGVpZ2h0PSIxIiB4bWxucz0iaHR0cDovL3d3dy53My5vcmcvMjAwMC9zdmciPjwvc3ZnPg==\" style=\"--smush-placeholder-width: 334px; --smush-placeholder-aspect-ratio: 334\/190;\" \/><\/figure>\n\n\n\n<h3 class=\"wp-block-heading\">Don en m\u00e9moire<\/h3>\n\n\n\n<p>Faire un don \u00e0 l\u2019H\u00f4pital Glengarry Memorial en m\u00e9moire d\u2019un \u00eatre cher, c\u2019est honorer son souvenir de fa\u00e7on significative. C\u2019est aussi une belle fa\u00e7on de maintenir, ann\u00e9e apr\u00e8s ann\u00e9e, un engagement en leur m\u00e9moire. <\/p>\n\n\n\n<p><a href=\"https:\/\/hgmhfoundation.org\/fr\/a-propos-de-nous\/contactez-nous\/\">PARLEZ-NOUS<\/a><\/p>\n<\/div>\n\n\n\n<div class=\"wp-block-column is-layout-flow wp-block-column-is-layout-flow\">\n<figure class=\"wp-block-image size-full\"><img decoding=\"async\" width=\"334\" height=\"190\" data-src=\"https:\/\/hgmhfoundation.org\/wp-content\/uploads\/2025\/06\/lifeinsurance.jpg\" alt=\"\" class=\"wp-image-1146 lazyload\" data-srcset=\"https:\/\/hgmhfoundation.org\/wp-content\/uploads\/2025\/06\/lifeinsurance.jpg 334w, https:\/\/hgmhfoundation.org\/wp-content\/uploads\/2025\/06\/lifeinsurance-300x171.jpg 300w\" data-sizes=\"(max-width: 334px) 100vw, 334px\" src=\"data:image\/svg+xml;base64,PHN2ZyB3aWR0aD0iMSIgaGVpZ2h0PSIxIiB4bWxucz0iaHR0cDovL3d3dy53My5vcmcvMjAwMC9zdmciPjwvc3ZnPg==\" style=\"--smush-placeholder-width: 334px; --smush-placeholder-aspect-ratio: 334\/190;\" \/><\/figure>\n\n\n\n<h3 class=\"wp-block-heading\">Don d\u2019assurance-vie<\/h3>\n\n\n\n<p>Nommer la Fondation de l\u2019H\u00f4pital Glengarry Memorial comme un b\u00e9n\u00e9ficiaire de votre police d\u2019assurance vie, c\u2019est poser un geste de gratitude durable envers votre h\u00f4pital.<\/p>\n\n\n\n<p><a href=\"https:\/\/hgmhfoundation.org\/fr\/a-propos-de-nous\/contactez-nous\/\">PARLEZ-NOUS<\/a><\/p>\n<\/div>\n<\/div>\n\n\n\n<div class=\"wp-block-columns is-style-section-2 is-layout-flex wp-container-core-columns-is-layout-28f84493 wp-block-columns-is-layout-flex is-style-section-2--3\">\n<div class=\"wp-block-column is-layout-flow wp-block-column-is-layout-flow\">\n<figure class=\"wp-block-image size-full\"><img decoding=\"async\" width=\"334\" height=\"190\" data-src=\"https:\/\/hgmhfoundation.org\/wp-content\/uploads\/2025\/06\/phone.jpg\" alt=\"\" class=\"wp-image-1148 lazyload\" data-srcset=\"https:\/\/hgmhfoundation.org\/wp-content\/uploads\/2025\/06\/phone.jpg 334w, https:\/\/hgmhfoundation.org\/wp-content\/uploads\/2025\/06\/phone-300x171.jpg 300w\" data-sizes=\"(max-width: 334px) 100vw, 334px\" src=\"data:image\/svg+xml;base64,PHN2ZyB3aWR0aD0iMSIgaGVpZ2h0PSIxIiB4bWxucz0iaHR0cDovL3d3dy53My5vcmcvMjAwMC9zdmciPjwvc3ZnPg==\" style=\"--smush-placeholder-width: 334px; --smush-placeholder-aspect-ratio: 334\/190;\" \/><\/figure>\n\n\n\n<h3 class=\"wp-block-heading\">Don de tites<\/h3>\n\n\n\n<p>Vous pouvez faire don de titres directement \u00e0 la Fondation. C\u2019est une fa\u00e7on avantageuse de maximiser la valeur de votre don tout en r\u00e9duisant l\u2019imp\u00f4t \u00e0 la Fondation. C\u2019est une fa\u00e7on avantageuse de maximiser la valeur de votre don tout en r\u00e9duisant l\u2019imp\u00f4t \u00e8 payer. Parlez-en \u00e0 votre conseiller financier ou communiquez avec nous pour en savoir plus. <\/p>\n\n\n\n<p><a href=\"https:\/\/hgmhfoundation.org\/fr\/a-propos-de-nous\/contactez-nous\/\">PARLEZ-NOUS<\/a><\/p>\n<\/div>\n\n\n\n<div class=\"wp-block-column is-layout-flow wp-block-column-is-layout-flow\">\n<figure class=\"wp-block-image size-full\"><img decoding=\"async\" width=\"333\" height=\"190\" data-src=\"https:\/\/hgmhfoundation.org\/wp-content\/uploads\/2025\/06\/workplace-2.jpg\" alt=\"\" class=\"wp-image-1156 lazyload\" data-srcset=\"https:\/\/hgmhfoundation.org\/wp-content\/uploads\/2025\/06\/workplace-2.jpg 333w, https:\/\/hgmhfoundation.org\/wp-content\/uploads\/2025\/06\/workplace-2-300x171.jpg 300w\" data-sizes=\"(max-width: 333px) 100vw, 333px\" src=\"data:image\/svg+xml;base64,PHN2ZyB3aWR0aD0iMSIgaGVpZ2h0PSIxIiB4bWxucz0iaHR0cDovL3d3dy53My5vcmcvMjAwMC9zdmciPjwvc3ZnPg==\" style=\"--smush-placeholder-width: 333px; --smush-placeholder-aspect-ratio: 333\/190;\" \/><\/figure>\n\n\n\n<h3 class=\"wp-block-heading\">Travail<\/h3>\n\n\n\n<p>Rassemblez votre \u00e9quie de travail et offez collectivement \u00e0 votre h\u00f4pital sur une base mensuelle ou annuelle. Donner en \u00e9quipe amplifie l\u2019impact de chaque don eu profit de votre h\u00f4pital. <\/p>\n\n\n\n<p><a href=\"https:\/\/hgmhfoundation.org\/fr\/a-propos-de-nous\/contactez-nous\/\">PARLEZ-NOUS<\/a><\/p>\n<\/div>\n<\/div>\n\n\n\n<p><\/p>\n\n\n\n<div class=\"wp-block-group alignwide fade-up has-white-color has-neutral-background-color has-text-color has-background has-link-color wp-elements-2adae5cc164c5b7405d6f06c0e8f1d77 has-global-padding is-layout-constrained wp-block-group-is-layout-constrained\">\n<h2 class=\"wp-block-heading has-text-align-center fade-up has-white-color has-text-color has-link-color has-fira-sans-font-family wp-elements-f26b317d1dd7eb796ba8145aca9b8023\" style=\"font-style:normal;font-weight:400\">Chaque seconde offerte par nos b\u00e9n\u00e9voles fait une vraie diff\u00e9rence.<\/h2>\n\n\n\n<p class=\"has-text-align-center has-white-color has-text-color has-link-color has-large-font-size wp-elements-b467e933b51fe2a2671852c9d7397ac2\">Votre engagement amplifie les efforts de la Fondation de notre h\u00f4pital, all\u00e9geant et enrichissant notre travail.<\/p>\n\n\n\n<p class=\"has-text-align-center fade-up has-white-color has-text-color has-link-color wp-elements-684c0541a744ad70285a8a0fede6f097\">D\u00e9couvrez comment vous pouvez utiliser votre temps pour aider notre communaut\u00e9.<\/p>\n\n\n\n<div class=\"wp-block-buttons fade-up is-content-justification-center is-layout-flex wp-container-core-buttons-is-layout-a89b3969 wp-block-buttons-is-layout-flex\">\n<div class=\"wp-block-button\"><a class=\"wp-block-button__link has-accent-background-color has-background has-text-align-center wp-element-button\" href=\"https:\/\/hgmhfoundation.org\/fr\/a-propos-de-nous\/comment-devenir-benevole\/\">DEVENEZ B\u00c9N\u00c9VOLE<\/a><\/div>\n<\/div>\n<\/div>\n","protected":false},"excerpt":{"rendered":"<p>Les dons des particuliers et des familles sont la forme de soutien la plus simple et la plus directe pour votre h\u00f4pital communautaire. On rend faire un don facile \u2013 pour que vous puissiez vous concentrer sur son impact. Votre don Peu importe le montant, chaque don compte. De 1 $ \u00e0 10 000 $, [&hellip;]<\/p>\n","protected":false},"author":2,"featured_media":0,"parent":922,"menu_order":0,"comment_status":"closed","ping_status":"closed","template":"","meta":{"_acf_changed":false,"inline_featured_image":false,"footnotes":""},"class_list":["post-995","page","type-page","status-publish","hentry"],"acf":[],"yoast_head":"<!-- This site is optimized with the Yoast SEO plugin v25.3.1 - https:\/\/yoast.com\/wordpress\/plugins\/seo\/ -->\n<title>Donateurs individuels et familles - Glengarry Memorial Hospital Foundation<\/title>\n<meta name=\"robots\" content=\"index, follow, max-snippet:-1, max-image-preview:large, max-video-preview:-1\" \/>\n<link rel=\"canonical\" href=\"https:\/\/hgmhfoundation.org\/fr\/facons-de-donner\/donateurs-individuels-et-familles\/\" \/>\n<meta property=\"og:locale\" content=\"fr_FR\" \/>\n<meta property=\"og:type\" content=\"article\" \/>\n<meta property=\"og:title\" content=\"Donateurs individuels et familles - Glengarry Memorial Hospital Foundation\" \/>\n<meta property=\"og:description\" content=\"Les dons des particuliers et des familles sont la forme de soutien la plus simple et la plus directe pour votre h\u00f4pital communautaire. On rend faire un don facile \u2013 pour que vous puissiez vous concentrer sur son impact. Votre don Peu importe le montant, chaque don compte. De 1 $ \u00e0 10 000 $, [&hellip;]\" \/>\n<meta property=\"og:url\" content=\"https:\/\/hgmhfoundation.org\/fr\/facons-de-donner\/donateurs-individuels-et-familles\/\" \/>\n<meta property=\"og:site_name\" content=\"Glengarry Memorial Hospital Foundation\" \/>\n<meta property=\"article:modified_time\" content=\"2025-06-26T19:25:20+00:00\" \/>\n<meta property=\"og:image\" content=\"https:\/\/hgmhfoundation.org\/wp-content\/uploads\/2025\/06\/heart.jpg\" \/>\n\t<meta property=\"og:image:width\" content=\"334\" \/>\n\t<meta property=\"og:image:height\" content=\"190\" \/>\n\t<meta property=\"og:image:type\" content=\"image\/jpeg\" \/>\n<meta name=\"twitter:card\" content=\"summary_large_image\" \/>\n<meta name=\"twitter:label1\" content=\"Dur\u00e9e de lecture estim\u00e9e\" \/>\n\t<meta name=\"twitter:data1\" content=\"3 minutes\" \/>\n<script type=\"application\/ld+json\" class=\"yoast-schema-graph\">{\"@context\":\"https:\/\/schema.org\",\"@graph\":[{\"@type\":\"WebPage\",\"@id\":\"https:\/\/hgmhfoundation.org\/fr\/facons-de-donner\/donateurs-individuels-et-familles\/\",\"url\":\"https:\/\/hgmhfoundation.org\/fr\/facons-de-donner\/donateurs-individuels-et-familles\/\",\"name\":\"Donateurs individuels et familles - Glengarry Memorial Hospital Foundation\",\"isPartOf\":{\"@id\":\"https:\/\/hgmhfoundation.org\/fr\/#website\"},\"primaryImageOfPage\":{\"@id\":\"https:\/\/hgmhfoundation.org\/fr\/facons-de-donner\/donateurs-individuels-et-familles\/#primaryimage\"},\"image\":{\"@id\":\"https:\/\/hgmhfoundation.org\/fr\/facons-de-donner\/donateurs-individuels-et-familles\/#primaryimage\"},\"thumbnailUrl\":\"https:\/\/hgmhfoundation.org\/wp-content\/uploads\/2025\/06\/heart.jpg\",\"datePublished\":\"2025-05-01T16:42:48+00:00\",\"dateModified\":\"2025-06-26T19:25:20+00:00\",\"breadcrumb\":{\"@id\":\"https:\/\/hgmhfoundation.org\/fr\/facons-de-donner\/donateurs-individuels-et-familles\/#breadcrumb\"},\"inLanguage\":\"fr-FR\",\"potentialAction\":[{\"@type\":\"ReadAction\",\"target\":[\"https:\/\/hgmhfoundation.org\/fr\/facons-de-donner\/donateurs-individuels-et-familles\/\"]}]},{\"@type\":\"ImageObject\",\"inLanguage\":\"fr-FR\",\"@id\":\"https:\/\/hgmhfoundation.org\/fr\/facons-de-donner\/donateurs-individuels-et-familles\/#primaryimage\",\"url\":\"https:\/\/hgmhfoundation.org\/wp-content\/uploads\/2025\/06\/heart.jpg\",\"contentUrl\":\"https:\/\/hgmhfoundation.org\/wp-content\/uploads\/2025\/06\/heart.jpg\"},{\"@type\":\"BreadcrumbList\",\"@id\":\"https:\/\/hgmhfoundation.org\/fr\/facons-de-donner\/donateurs-individuels-et-familles\/#breadcrumb\",\"itemListElement\":[{\"@type\":\"ListItem\",\"position\":1,\"name\":\"Home\",\"item\":\"https:\/\/hgmhfoundation.org\/fr\/\"},{\"@type\":\"ListItem\",\"position\":2,\"name\":\"Fa\u00e7ons de donner\",\"item\":\"https:\/\/hgmhfoundation.org\/fr\/facons-de-donner\/\"},{\"@type\":\"ListItem\",\"position\":3,\"name\":\"Donateurs individuels et familles\"}]},{\"@type\":\"WebSite\",\"@id\":\"https:\/\/hgmhfoundation.org\/fr\/#website\",\"url\":\"https:\/\/hgmhfoundation.org\/fr\/\",\"name\":\"Glengarry Memorial Hospital Foundation\",\"description\":\"\",\"potentialAction\":[{\"@type\":\"SearchAction\",\"target\":{\"@type\":\"EntryPoint\",\"urlTemplate\":\"https:\/\/hgmhfoundation.org\/fr\/?s={search_term_string}\"},\"query-input\":{\"@type\":\"PropertyValueSpecification\",\"valueRequired\":true,\"valueName\":\"search_term_string\"}}],\"inLanguage\":\"fr-FR\"}]}<\/script>\n<!-- \/ Yoast SEO plugin. -->","yoast_head_json":{"title":"Donateurs individuels et familles - Glengarry Memorial Hospital Foundation","robots":{"index":"index","follow":"follow","max-snippet":"max-snippet:-1","max-image-preview":"max-image-preview:large","max-video-preview":"max-video-preview:-1"},"canonical":"https:\/\/hgmhfoundation.org\/fr\/facons-de-donner\/donateurs-individuels-et-familles\/","og_locale":"fr_FR","og_type":"article","og_title":"Donateurs individuels et familles - Glengarry Memorial Hospital Foundation","og_description":"Les dons des particuliers et des familles sont la forme de soutien la plus simple et la plus directe pour votre h\u00f4pital communautaire. On rend faire un don facile \u2013 pour que vous puissiez vous concentrer sur son impact. Votre don Peu importe le montant, chaque don compte. De 1 $ \u00e0 10 000 $, [&hellip;]","og_url":"https:\/\/hgmhfoundation.org\/fr\/facons-de-donner\/donateurs-individuels-et-familles\/","og_site_name":"Glengarry Memorial Hospital Foundation","article_modified_time":"2025-06-26T19:25:20+00:00","og_image":[{"width":334,"height":190,"url":"https:\/\/hgmhfoundation.org\/wp-content\/uploads\/2025\/06\/heart.jpg","type":"image\/jpeg"}],"twitter_card":"summary_large_image","twitter_misc":{"Dur\u00e9e de lecture estim\u00e9e":"3 minutes"},"schema":{"@context":"https:\/\/schema.org","@graph":[{"@type":"WebPage","@id":"https:\/\/hgmhfoundation.org\/fr\/facons-de-donner\/donateurs-individuels-et-familles\/","url":"https:\/\/hgmhfoundation.org\/fr\/facons-de-donner\/donateurs-individuels-et-familles\/","name":"Donateurs individuels et familles - Glengarry Memorial Hospital Foundation","isPartOf":{"@id":"https:\/\/hgmhfoundation.org\/fr\/#website"},"primaryImageOfPage":{"@id":"https:\/\/hgmhfoundation.org\/fr\/facons-de-donner\/donateurs-individuels-et-familles\/#primaryimage"},"image":{"@id":"https:\/\/hgmhfoundation.org\/fr\/facons-de-donner\/donateurs-individuels-et-familles\/#primaryimage"},"thumbnailUrl":"https:\/\/hgmhfoundation.org\/wp-content\/uploads\/2025\/06\/heart.jpg","datePublished":"2025-05-01T16:42:48+00:00","dateModified":"2025-06-26T19:25:20+00:00","breadcrumb":{"@id":"https:\/\/hgmhfoundation.org\/fr\/facons-de-donner\/donateurs-individuels-et-familles\/#breadcrumb"},"inLanguage":"fr-FR","potentialAction":[{"@type":"ReadAction","target":["https:\/\/hgmhfoundation.org\/fr\/facons-de-donner\/donateurs-individuels-et-familles\/"]}]},{"@type":"ImageObject","inLanguage":"fr-FR","@id":"https:\/\/hgmhfoundation.org\/fr\/facons-de-donner\/donateurs-individuels-et-familles\/#primaryimage","url":"https:\/\/hgmhfoundation.org\/wp-content\/uploads\/2025\/06\/heart.jpg","contentUrl":"https:\/\/hgmhfoundation.org\/wp-content\/uploads\/2025\/06\/heart.jpg"},{"@type":"BreadcrumbList","@id":"https:\/\/hgmhfoundation.org\/fr\/facons-de-donner\/donateurs-individuels-et-familles\/#breadcrumb","itemListElement":[{"@type":"ListItem","position":1,"name":"Home","item":"https:\/\/hgmhfoundation.org\/fr\/"},{"@type":"ListItem","position":2,"name":"Fa\u00e7ons de donner","item":"https:\/\/hgmhfoundation.org\/fr\/facons-de-donner\/"},{"@type":"ListItem","position":3,"name":"Donateurs individuels et familles"}]},{"@type":"WebSite","@id":"https:\/\/hgmhfoundation.org\/fr\/#website","url":"https:\/\/hgmhfoundation.org\/fr\/","name":"Glengarry Memorial Hospital Foundation","description":"","potentialAction":[{"@type":"SearchAction","target":{"@type":"EntryPoint","urlTemplate":"https:\/\/hgmhfoundation.org\/fr\/?s={search_term_string}"},"query-input":{"@type":"PropertyValueSpecification","valueRequired":true,"valueName":"search_term_string"}}],"inLanguage":"fr-FR"}]}},"_links":{"self":[{"href":"https:\/\/hgmhfoundation.org\/fr\/wp-json\/wp\/v2\/pages\/995","targetHints":{"allow":["GET"]}}],"collection":[{"href":"https:\/\/hgmhfoundation.org\/fr\/wp-json\/wp\/v2\/pages"}],"about":[{"href":"https:\/\/hgmhfoundation.org\/fr\/wp-json\/wp\/v2\/types\/page"}],"author":[{"embeddable":true,"href":"https:\/\/hgmhfoundation.org\/fr\/wp-json\/wp\/v2\/users\/2"}],"replies":[{"embeddable":true,"href":"https:\/\/hgmhfoundation.org\/fr\/wp-json\/wp\/v2\/comments?post=995"}],"version-history":[{"count":4,"href":"https:\/\/hgmhfoundation.org\/fr\/wp-json\/wp\/v2\/pages\/995\/revisions"}],"predecessor-version":[{"id":1212,"href":"https:\/\/hgmhfoundation.org\/fr\/wp-json\/wp\/v2\/pages\/995\/revisions\/1212"}],"up":[{"embeddable":true,"href":"https:\/\/hgmhfoundation.org\/fr\/wp-json\/wp\/v2\/pages\/922"}],"wp:attachment":[{"href":"https:\/\/hgmhfoundation.org\/fr\/wp-json\/wp\/v2\/media?parent=995"}],"curies":[{"name":"wp","href":"https:\/\/api.w.org\/{rel}","templated":true}]}}